{"id":896,"date":"2014-07-01T20:45:40","date_gmt":"2014-07-01T19:45:40","guid":{"rendered":"http:\/\/krupunder-see.de\/?page_id=896"},"modified":"2017-01-31T16:43:50","modified_gmt":"2017-01-31T15:43:50","slug":"hecht","status":"publish","type":"page","link":"http:\/\/krupunder-see.de\/?page_id=896","title":{"rendered":"Hecht"},"content":{"rendered":"<p><a href=\"http:\/\/krupunder-see.de\/wp-content\/uploads\/2014\/07\/IMGP6755_Hecht_bearbeitet_klein_Schatten.jpg\"><img loading=\"lazy\" decoding=\"async\" class=\"alignright wp-image-874 size-medium\" src=\"http:\/\/krupunder-see.de\/wp-content\/uploads\/2014\/07\/IMGP6755_Hecht_bearbeitet_klein_Schatten-300x271.jpg\" alt=\"IMGP6755_Hecht_bearbeitet_klein_Schatten\" width=\"300\" height=\"271\" srcset=\"http:\/\/krupunder-see.de\/wp-content\/uploads\/2014\/07\/IMGP6755_Hecht_bearbeitet_klein_Schatten-300x271.jpg 300w, http:\/\/krupunder-see.de\/wp-content\/uploads\/2014\/07\/IMGP6755_Hecht_bearbeitet_klein_Schatten-1024x927.jpg 1024w, http:\/\/krupunder-see.de\/wp-content\/uploads\/2014\/07\/IMGP6755_Hecht_bearbeitet_klein_Schatten-331x300.jpg 331w, http:\/\/krupunder-see.de\/wp-content\/uploads\/2014\/07\/IMGP6755_Hecht_bearbeitet_klein_Schatten.jpg 1717w\" sizes=\"auto, (max-width: 300px) 100vw, 300px\" \/><\/a>Die kleine sandgelbe Hechtlarve auf dem rechten Bild tarnt sich \u00fcber dem Sand. Die Larve haben wir am 17. Juni 2014 im flachen Wasser am Strand entdeckt und ist jetzt noch etwa 10 cm lang. Ausgewachsen kann ein Hecht zwischen 50 cm und 100 cm langwerden, wobei es auch gr\u00f6\u00dfere Exemplare gibt. In den nat\u00fcrlichen Lebensr\u00e4umen, den Seen, frisst er haupts\u00e4chlich kleine Wei\u00dffische (Rotfedern, Brassen) oder Fr\u00f6sche, nimmt aber auch Karpfen oder auch Hechte. Je nach Wassertemperatur laicht er zwischen M\u00e4rz und April. In dieser Zeit legt der weiblich Hecht etwa 40.000Eier\/kg des K\u00f6rpergewichtes auf \u00fcberfluteten Wiesen oder stark bewachsenen Uferzonen ab.<\/p>\n<p>Der Hecht wird von der Weltnaturschutzunion\u00a0 IUCN in der roten Liste der gef\u00e4hrdeten Arten gef\u00fchrt. Allerdings sieht sie f\u00fcr diese weitverbreitete Art keine bedeutenden Gef\u00e4hrdungen.<\/p>\n","protected":false},"excerpt":{"rendered":"<p>Die kleine sandgelbe Hechtlarve auf dem rechten Bild tarnt sich \u00fcber dem Sand. Die Larve haben wir am 17. Juni 2014 im flachen Wasser am Strand entdeckt und ist jetzt noch etwa 10 cm lang. Ausgewachsen kann ein Hecht zwischen &hellip; <a href=\"http:\/\/krupunder-see.de\/?page_id=896\">Weiterlesen <span class=\"meta-nav\">&rarr;<\/span><\/a><\/p>\n","protected":false},"author":1,"featured_media":1813,"parent":901,"menu_order":0,"comment_status":"closed","ping_status":"closed","template":"","meta":{"footnotes":""},"class_list":["post-896","page","type-page","status-publish","has-post-thumbnail","hentry"],"_links":{"self":[{"href":"http:\/\/krupunder-see.de\/index.php?rest_route=\/wp\/v2\/pages\/896","targetHints":{"allow":["GET"]}}],"collection":[{"href":"http:\/\/krupunder-see.de\/index.php?rest_route=\/wp\/v2\/pages"}],"about":[{"href":"http:\/\/krupunder-see.de\/index.php?rest_route=\/wp\/v2\/types\/page"}],"author":[{"embeddable":true,"href":"http:\/\/krupunder-see.de\/index.php?rest_route=\/wp\/v2\/users\/1"}],"replies":[{"embeddable":true,"href":"http:\/\/krupunder-see.de\/index.php?rest_route=%2Fwp%2Fv2%2Fcomments&post=896"}],"version-history":[{"count":5,"href":"http:\/\/krupunder-see.de\/index.php?rest_route=\/wp\/v2\/pages\/896\/revisions"}],"predecessor-version":[{"id":2012,"href":"http:\/\/krupunder-see.de\/index.php?rest_route=\/wp\/v2\/pages\/896\/revisions\/2012"}],"up":[{"embeddable":true,"href":"http:\/\/krupunder-see.de\/index.php?rest_route=\/wp\/v2\/pages\/901"}],"wp:featuredmedia":[{"embeddable":true,"href":"http:\/\/krupunder-see.de\/index.php?rest_route=\/wp\/v2\/media\/1813"}],"wp:attachment":[{"href":"http:\/\/krupunder-see.de\/index.php?rest_route=%2Fwp%2Fv2%2Fmedia&parent=896"}],"curies":[{"name":"wp","href":"https:\/\/api.w.org\/{rel}","templated":true}]}}