{"id":814,"date":"2014-06-29T19:50:04","date_gmt":"2014-06-29T18:50:04","guid":{"rendered":"http:\/\/krupunder-see.de\/?page_id=814"},"modified":"2017-02-28T12:42:25","modified_gmt":"2017-02-28T11:42:25","slug":"nachtangeln-2014","status":"publish","type":"page","link":"http:\/\/krupunder-see.de\/?page_id=814","title":{"rendered":"Nachtangeln 2014"},"content":{"rendered":"<p>Eigentlich wollte ich ja nur mal vorbeischauen&#8230; aber dann wurde es richtig aufregend.<\/p>\n<p>W\u00e4hrend <a href=\"http:\/\/krupunder-see.de\/wp-content\/uploads\/2014\/06\/Brasse.jpg\"><img loading=\"lazy\" decoding=\"async\" class=\"alignleft\" title=\"Brasse\" src=\"http:\/\/krupunder-see.de\/wp-content\/uploads\/2014\/06\/Brasse-300x168.jpg\" alt=\"Brasse\" width=\"300\" height=\"168\" \/><\/a>wir schwatzen wackelt die erste Angel und Horst zieht eine kleine Brasse aus dem Krupunder See. Mit ge\u00fcbtem Griff wird sie vom Haken getrennt.<\/p>\n<p><a href=\"http:\/\/krupunder-see.de\/wp-content\/uploads\/2014\/06\/1Nachtangeln.jpg\"><img loading=\"lazy\" decoding=\"async\" class=\"alignleft\" title=\"Nachtangeln - noch ist es hell\" src=\"http:\/\/krupunder-see.de\/wp-content\/uploads\/2014\/06\/1Nachtangeln-300x199.jpg\" alt=\"Nachtangeln - noch ist hell\" width=\"300\" height=\"199\" \/><\/a><\/p>\n<p>&nbsp;<\/p>\n<p>Wenige Minuten sp\u00e4ter hat der N\u00e4chste angebissen. Diesmal hat der Angler richtig was zu tun, um den Fisch nach und nach n\u00e4her ans Ufer zu ziehen. Spannend, was da wohl an der gebogenen Angel zappelt und zieht.<\/p>\n<p><a href=\"http:\/\/krupunder-see.de\/wp-content\/uploads\/2014\/06\/3Karpfen-im-Netz.jpg\"><img loading=\"lazy\" decoding=\"async\" class=\"alignleft\" title=\"Karpfen im Netz\" src=\"http:\/\/krupunder-see.de\/wp-content\/uploads\/2014\/06\/3Karpfen-im-Netz-300x199.jpg\" alt=\"Karpfen im Netz\" width=\"300\" height=\"199\" \/><\/a><\/p>\n<p>&nbsp;<\/p>\n<p>Nach etwa einer Minute ist der golden gl\u00e4nzende Karpfen soweit an Land gezogen, dass er behutsam mit dem Netz herausgehoben werden kann.<\/p>\n<p>&nbsp;<\/p>\n<p>&nbsp;<\/p>\n<p><a href=\"http:\/\/krupunder-see.de\/wp-content\/uploads\/2014\/06\/5Karpfen-in-der-Hand.jpg\"><img loading=\"lazy\" decoding=\"async\" class=\"alignleft\" title=\"Kleiner Karpfen\" src=\"http:\/\/krupunder-see.de\/wp-content\/uploads\/2014\/06\/5Karpfen-in-der-Hand-300x199.jpg\" alt=\"Kleiner Karpfen\" width=\"300\" height=\"199\" \/><\/a>Aber er wird sehr schnell wieder ins Wasser gesetzt, da er trotz seiner etwa 40 cm noch nicht in das Mindestmass f\u00fcr entnehmbare Karpfen f\u00e4llt. Vorher darf ich noch ganz schnell ein Foto machen.<\/p>\n<p>&nbsp;<\/p>\n<p><a href=\"http:\/\/krupunder-see.de\/wp-content\/uploads\/2014\/06\/6Karpfen-zur\u00fcck-in-die-Freiheit.jpg\"><img loading=\"lazy\" decoding=\"async\" class=\"size-medium wp-image-794 alignleft\" title=\"Zur\u00fcck in die Freiheit\" src=\"http:\/\/krupunder-see.de\/wp-content\/uploads\/2014\/06\/6Karpfen-zur\u00fcck-in-die-Freiheit-300x282.jpg\" alt=\"Karpfen zur\u00fcck in die Freiheit\" width=\"300\" height=\"282\" srcset=\"http:\/\/krupunder-see.de\/wp-content\/uploads\/2014\/06\/6Karpfen-zur\u00fcck-in-die-Freiheit-300x282.jpg 300w, http:\/\/krupunder-see.de\/wp-content\/uploads\/2014\/06\/6Karpfen-zur\u00fcck-in-die-Freiheit-318x300.jpg 318w, http:\/\/krupunder-see.de\/wp-content\/uploads\/2014\/06\/6Karpfen-zur\u00fcck-in-die-Freiheit.jpg 845w\" sizes=\"auto, (max-width: 300px) 100vw, 300px\" \/><\/a><\/p>\n<p>&nbsp;<\/p>\n<p>Kaum ist er zur\u00fcck in seinem Element, verschwindet er mit ein paar Schwanzschl\u00e4gen im tieferen Wasser. Horst wirft die Angel nochmals aus und hofft auf einen Aal.<\/p>\n<p><a title=\"Halstenbeker Angelverein\" href=\"http:\/\/www.halstenbeker-sportanglerverein.net\/uber-uns\/\">Wenn wir dein Interesse am Angeln geweckt haben, geht es hier zur Webseite des Angelvereins.<\/a><\/p>\n","protected":false},"excerpt":{"rendered":"<p>Eigentlich wollte ich ja nur mal vorbeischauen&#8230; aber dann wurde es richtig aufregend. W\u00e4hrend wir schwatzen wackelt die erste Angel und Horst zieht eine kleine Brasse aus dem Krupunder See. Mit ge\u00fcbtem Griff wird sie vom Haken getrennt. &nbsp; Wenige &hellip; <a href=\"http:\/\/krupunder-see.de\/?page_id=814\">Weiterlesen <span class=\"meta-nav\">&rarr;<\/span><\/a><\/p>\n","protected":false},"author":1,"featured_media":816,"parent":0,"menu_order":0,"comment_status":"closed","ping_status":"closed","template":"","meta":{"footnotes":""},"class_list":["post-814","page","type-page","status-publish","has-post-thumbnail","hentry"],"_links":{"self":[{"href":"http:\/\/krupunder-see.de\/index.php?rest_route=\/wp\/v2\/pages\/814","targetHints":{"allow":["GET"]}}],"collection":[{"href":"http:\/\/krupunder-see.de\/index.php?rest_route=\/wp\/v2\/pages"}],"about":[{"href":"http:\/\/krupunder-see.de\/index.php?rest_route=\/wp\/v2\/types\/page"}],"author":[{"embeddable":true,"href":"http:\/\/krupunder-see.de\/index.php?rest_route=\/wp\/v2\/users\/1"}],"replies":[{"embeddable":true,"href":"http:\/\/krupunder-see.de\/index.php?rest_route=%2Fwp%2Fv2%2Fcomments&post=814"}],"version-history":[{"count":5,"href":"http:\/\/krupunder-see.de\/index.php?rest_route=\/wp\/v2\/pages\/814\/revisions"}],"predecessor-version":[{"id":2037,"href":"http:\/\/krupunder-see.de\/index.php?rest_route=\/wp\/v2\/pages\/814\/revisions\/2037"}],"wp:featuredmedia":[{"embeddable":true,"href":"http:\/\/krupunder-see.de\/index.php?rest_route=\/wp\/v2\/media\/816"}],"wp:attachment":[{"href":"http:\/\/krupunder-see.de\/index.php?rest_route=%2Fwp%2Fv2%2Fmedia&parent=814"}],"curies":[{"name":"wp","href":"https:\/\/api.w.org\/{rel}","templated":true}]}}