{"id":774,"date":"2014-06-22T23:36:20","date_gmt":"2014-06-22T22:36:20","guid":{"rendered":"http:\/\/krupunder-see.de\/?page_id=774"},"modified":"2014-07-01T14:26:48","modified_gmt":"2014-07-01T13:26:48","slug":"holunder","status":"publish","type":"page","link":"http:\/\/krupunder-see.de\/?page_id=774","title":{"rendered":"Holunder"},"content":{"rendered":"<p>Der Holunder w\u00e4chst als kleiner Baum oder Strauch. Er ist am Krupunder See sehr h\u00e4ufig zu finden. Im Fr\u00fchjahr bildet er gro\u00dfe, wei\u00dfe Bl\u00fctenteller. Ab Juni bilden sich daraus die Holunderbeeren aus, die im Sp\u00e4tsommer reif sind. Die Bl\u00fcten und Fr\u00fcchte sind sehr aromatisch und k\u00f6nnen vielf\u00e4ltig verarbeitet werden.<\/p>\n<p><a title=\"Rezepte f\u00fcr Holunder\" href=\"http:\/\/krupunder-see.de\/?page_id=779\">Rezepte<\/a><\/p>\n<p>&nbsp;<\/p>\n<p>&nbsp;<\/p>\n","protected":false},"excerpt":{"rendered":"<p>Der Holunder w\u00e4chst als kleiner Baum oder Strauch. Er ist am Krupunder See sehr h\u00e4ufig zu finden. Im Fr\u00fchjahr bildet er gro\u00dfe, wei\u00dfe Bl\u00fctenteller. Ab Juni bilden sich daraus die Holunderbeeren aus, die im Sp\u00e4tsommer reif sind. Die Bl\u00fcten und &hellip; <a href=\"http:\/\/krupunder-see.de\/?page_id=774\">Weiterlesen <span class=\"meta-nav\">&rarr;<\/span><\/a><\/p>\n","protected":false},"author":1,"featured_media":0,"parent":0,"menu_order":0,"comment_status":"closed","ping_status":"closed","template":"","meta":{"footnotes":""},"class_list":["post-774","page","type-page","status-publish","hentry"],"_links":{"self":[{"href":"http:\/\/krupunder-see.de\/index.php?rest_route=\/wp\/v2\/pages\/774","targetHints":{"allow":["GET"]}}],"collection":[{"href":"http:\/\/krupunder-see.de\/index.php?rest_route=\/wp\/v2\/pages"}],"about":[{"href":"http:\/\/krupunder-see.de\/index.php?rest_route=\/wp\/v2\/types\/page"}],"author":[{"embeddable":true,"href":"http:\/\/krupunder-see.de\/index.php?rest_route=\/wp\/v2\/users\/1"}],"replies":[{"embeddable":true,"href":"http:\/\/krupunder-see.de\/index.php?rest_route=%2Fwp%2Fv2%2Fcomments&post=774"}],"version-history":[{"count":3,"href":"http:\/\/krupunder-see.de\/index.php?rest_route=\/wp\/v2\/pages\/774\/revisions"}],"predecessor-version":[{"id":843,"href":"http:\/\/krupunder-see.de\/index.php?rest_route=\/wp\/v2\/pages\/774\/revisions\/843"}],"wp:attachment":[{"href":"http:\/\/krupunder-see.de\/index.php?rest_route=%2Fwp%2Fv2%2Fmedia&parent=774"}],"curies":[{"name":"wp","href":"https:\/\/api.w.org\/{rel}","templated":true}]}}