{"id":768,"date":"2014-06-22T23:12:53","date_gmt":"2014-06-22T22:12:53","guid":{"rendered":"http:\/\/krupunder-see.de\/?page_id=768"},"modified":"2018-09-07T16:17:50","modified_gmt":"2018-09-07T15:17:50","slug":"pflanzen","status":"publish","type":"page","link":"http:\/\/krupunder-see.de\/?page_id=768","title":{"rendered":"Pflanzen"},"content":{"rendered":"<p>Unser wundersch\u00f6ner See hat eine \u00fcppige Pflanzenwelt zu bieten. \u00dcber die n\u00e4chsten Jahre werden wir versuchen, jeden Baum, jeden Strauch und jedes Kraut zu identifizieren. Eine Beschreibung finden sie dann auf diesen Seiten.<\/p>\n<p>B\u00e4ume<\/p>\n<p><a title=\"Str\u00e4ucher\" href=\"http:\/\/krupunder-see.de\/?page_id=771\">Str\u00e4ucher<\/a><\/p>\n<p><a href=\"http:\/\/krupunder-see.de\/?page_id=2573\">Stauden<\/a><\/p>\n<p><a href=\"http:\/\/krupunder-see.de\/?page_id=2564\">Gr\u00e4ser<\/a><\/p>\n<p>Kr\u00e4uter<\/p>\n<p>Wasserpflanzen<\/p>\n<p>&nbsp;<\/p>\n<p>Zu jeder Pflanze f\u00fcgen wir Bilder bei, die wir m\u00f6glichst selber gemacht haben. Wenn m\u00f6glich zeigen wir auch eine gezeichnete Abbildung, da diese viel besser Details einer Pflanze wiedergibt, als ein Foto es kann. Unsere Quelle ist hier insbesondere die Seite http:\/\/www.biolib.de\/ . Hier wurden \u00fcber 100.000 Seiten von alten botanischen Werken eingescannt. Diese Bilder sind alle lizenzfrei, da das Copyright abgelaufen ist. Teilweise stammen die Werke aus dem 18. Jahrhundert und dienen uns noch immer als Referenz.<\/p>\n","protected":false},"excerpt":{"rendered":"<p>Unser wundersch\u00f6ner See hat eine \u00fcppige Pflanzenwelt zu bieten. \u00dcber die n\u00e4chsten Jahre werden wir versuchen, jeden Baum, jeden Strauch und jedes Kraut zu identifizieren. Eine Beschreibung finden sie dann auf diesen Seiten. B\u00e4ume Str\u00e4ucher Stauden Gr\u00e4ser Kr\u00e4uter Wasserpflanzen &nbsp; &hellip; <a href=\"http:\/\/krupunder-see.de\/?page_id=768\">Weiterlesen <span class=\"meta-nav\">&rarr;<\/span><\/a><\/p>\n","protected":false},"author":1,"featured_media":504,"parent":0,"menu_order":0,"comment_status":"closed","ping_status":"closed","template":"","meta":{"footnotes":""},"class_list":["post-768","page","type-page","status-publish","has-post-thumbnail","hentry"],"_links":{"self":[{"href":"http:\/\/krupunder-see.de\/index.php?rest_route=\/wp\/v2\/pages\/768","targetHints":{"allow":["GET"]}}],"collection":[{"href":"http:\/\/krupunder-see.de\/index.php?rest_route=\/wp\/v2\/pages"}],"about":[{"href":"http:\/\/krupunder-see.de\/index.php?rest_route=\/wp\/v2\/types\/page"}],"author":[{"embeddable":true,"href":"http:\/\/krupunder-see.de\/index.php?rest_route=\/wp\/v2\/users\/1"}],"replies":[{"embeddable":true,"href":"http:\/\/krupunder-see.de\/index.php?rest_route=%2Fwp%2Fv2%2Fcomments&post=768"}],"version-history":[{"count":6,"href":"http:\/\/krupunder-see.de\/index.php?rest_route=\/wp\/v2\/pages\/768\/revisions"}],"predecessor-version":[{"id":2578,"href":"http:\/\/krupunder-see.de\/index.php?rest_route=\/wp\/v2\/pages\/768\/revisions\/2578"}],"wp:featuredmedia":[{"embeddable":true,"href":"http:\/\/krupunder-see.de\/index.php?rest_route=\/wp\/v2\/media\/504"}],"wp:attachment":[{"href":"http:\/\/krupunder-see.de\/index.php?rest_route=%2Fwp%2Fv2%2Fmedia&parent=768"}],"curies":[{"name":"wp","href":"https:\/\/api.w.org\/{rel}","templated":true}]}}