{"id":706,"date":"2014-05-06T20:36:40","date_gmt":"2014-05-06T19:36:40","guid":{"rendered":"http:\/\/krupunder-see.de\/?page_id=706"},"modified":"2018-02-12T20:39:05","modified_gmt":"2018-02-12T19:39:05","slug":"wasservoegel","status":"publish","type":"page","link":"http:\/\/krupunder-see.de\/?page_id=706","title":{"rendered":"Wasserv\u00f6gel"},"content":{"rendered":"<audio class=\"wp-audio-shortcode\" id=\"audio-706-1\" preload=\"none\" style=\"width: 100%;\" controls=\"controls\"><source type=\"audio\/mpeg\" src=\"http:\/\/krupunder-see.de\/wp-content\/uploads\/2015\/05\/2015.02.24_17.05_01_wasserv\u00f6gel2.mp3?_=1\" \/><a href=\"http:\/\/krupunder-see.de\/wp-content\/uploads\/2015\/05\/2015.02.24_17.05_01_wasserv\u00f6gel2.mp3\">http:\/\/krupunder-see.de\/wp-content\/uploads\/2015\/05\/2015.02.24_17.05_01_wasserv\u00f6gel2.mp3<\/a><\/audio>\n<p>Rund um den See und nat\u00fcrlich darauf tummeln sich viele Wasserv\u00f6gel. Manche haben hier dauerhaft ihr Zuhause. Andere nutzen den See als Rastplatz auf ihren Reisen von und zu den Brutgebieten.<\/p>\n<p>2014 haben wir die <a title=\"Viele Informationen, Fotos und Geschichten zur Stockente\" href=\"http:\/\/krupunder-see.de\/?page_id=638\"><em><strong>Stockente<\/strong><\/em><\/a> als unser Logo-Tier gew\u00e4hlt. Diese ist hier heimisch und br\u00fctet am See. Einige wei\u00dfe Hausenten und haben sich ebenfalls niedergelassen und aus der Kreuzung mit den wilden Enten sind schon merkw\u00fcrdige Mischungen entstanden. Derzeit sind zwei wei\u00dfe Weibchen mit einem M\u00e4nnchen unterwegs, dass eher an eine Laufente erinnert, da es sehr lange Beine hat und deutlich aufrechter geht, als die normalen Stockenten.<\/p>\n<p>Um diese Tiere und den See zu erhalten, <a href=\"http:\/\/krupunder-see.de\/?page_id=2386\">sollte man die Enten nicht f\u00fcttern<\/a>.<\/p>\n<p>Ein Grauganspaar hat 2014 ebenfalls am See gebr\u00fctet und wurde vor Ostern mit 3 K\u00fcken gesehen. Leider sind davon nach den Osterferien nur noch Zwei \u00fcbrig.<\/p>\n<p>Auch die wundersch\u00f6ne <a title=\"Die Mandarinenten\" href=\"http:\/\/krupunder-see.de\/?page_id=1320\">Mandarinente<\/a> ist im Winter h\u00e4ufiger am See zu Gast.<\/p>\n<p>Auf der Bel\u00fcftunganlage\u00a0 mitten im See sitzt der <a title=\"Der Kormoran\" href=\"http:\/\/krupunder-see.de\/?page_id=1322\">Kormoran<\/a> stolz dar und trocknet seine Fl\u00fcgel.<\/p>\n<p>Den <a title=\"Haubentaucher\" href=\"http:\/\/krupunder-see.de\/?page_id=855\">Haubentaucher<\/a> findet man im Wasser und im Naturschutzgebiet.<\/p>\n","protected":false},"excerpt":{"rendered":"<p>Rund um den See und nat\u00fcrlich darauf tummeln sich viele Wasserv\u00f6gel. Manche haben hier dauerhaft ihr Zuhause. Andere nutzen den See als Rastplatz auf ihren Reisen von und zu den Brutgebieten. 2014 haben wir die Stockente als unser Logo-Tier gew\u00e4hlt. &hellip; <a href=\"http:\/\/krupunder-see.de\/?page_id=706\">Weiterlesen <span class=\"meta-nav\">&rarr;<\/span><\/a><\/p>\n","protected":false},"author":1,"featured_media":725,"parent":0,"menu_order":0,"comment_status":"closed","ping_status":"closed","template":"","meta":{"footnotes":""},"class_list":["post-706","page","type-page","status-publish","has-post-thumbnail","hentry"],"_links":{"self":[{"href":"http:\/\/krupunder-see.de\/index.php?rest_route=\/wp\/v2\/pages\/706","targetHints":{"allow":["GET"]}}],"collection":[{"href":"http:\/\/krupunder-see.de\/index.php?rest_route=\/wp\/v2\/pages"}],"about":[{"href":"http:\/\/krupunder-see.de\/index.php?rest_route=\/wp\/v2\/types\/page"}],"author":[{"embeddable":true,"href":"http:\/\/krupunder-see.de\/index.php?rest_route=\/wp\/v2\/users\/1"}],"replies":[{"embeddable":true,"href":"http:\/\/krupunder-see.de\/index.php?rest_route=%2Fwp%2Fv2%2Fcomments&post=706"}],"version-history":[{"count":12,"href":"http:\/\/krupunder-see.de\/index.php?rest_route=\/wp\/v2\/pages\/706\/revisions"}],"predecessor-version":[{"id":2402,"href":"http:\/\/krupunder-see.de\/index.php?rest_route=\/wp\/v2\/pages\/706\/revisions\/2402"}],"wp:featuredmedia":[{"embeddable":true,"href":"http:\/\/krupunder-see.de\/index.php?rest_route=\/wp\/v2\/media\/725"}],"wp:attachment":[{"href":"http:\/\/krupunder-see.de\/index.php?rest_route=%2Fwp%2Fv2%2Fmedia&parent=706"}],"curies":[{"name":"wp","href":"https:\/\/api.w.org\/{rel}","templated":true}]}}