{"id":668,"date":"2014-05-06T16:32:21","date_gmt":"2014-05-06T15:32:21","guid":{"rendered":"http:\/\/krupunder-see.de\/?page_id=668"},"modified":"2016-02-09T17:52:22","modified_gmt":"2016-02-09T16:52:22","slug":"amphibien","status":"publish","type":"page","link":"http:\/\/krupunder-see.de\/?page_id=668","title":{"rendered":"Amphibien"},"content":{"rendered":"<p>Als Amphibien bezeichnet man allgemein Tiere, die am Land leben, sich aber in Gew\u00e4ssern fortpflanzen. Dazu geh\u00f6ren z. B. Fr\u00f6sche, Lurche und Molche.<br \/>\nHier lesen Sie unseren bisherigen Artikel zu Amphibien:<\/p>\n<p><a title=\"Froschlaich\" href=\"http:\/\/krupunder-see.de\/?page_id=628\">Fr\u00f6sche<\/a><\/p>\n<p>&nbsp;<\/p>\n<p>&nbsp;<\/p>\n","protected":false},"excerpt":{"rendered":"<p>Als Amphibien bezeichnet man allgemein Tiere, die am Land leben, sich aber in Gew\u00e4ssern fortpflanzen. Dazu geh\u00f6ren z. B. Fr\u00f6sche, Lurche und Molche. Hier lesen Sie unseren bisherigen Artikel zu Amphibien: Fr\u00f6sche &nbsp; &nbsp;<\/p>\n","protected":false},"author":1,"featured_media":0,"parent":0,"menu_order":0,"comment_status":"closed","ping_status":"closed","template":"","meta":{"footnotes":""},"class_list":["post-668","page","type-page","status-publish","hentry"],"_links":{"self":[{"href":"http:\/\/krupunder-see.de\/index.php?rest_route=\/wp\/v2\/pages\/668","targetHints":{"allow":["GET"]}}],"collection":[{"href":"http:\/\/krupunder-see.de\/index.php?rest_route=\/wp\/v2\/pages"}],"about":[{"href":"http:\/\/krupunder-see.de\/index.php?rest_route=\/wp\/v2\/types\/page"}],"author":[{"embeddable":true,"href":"http:\/\/krupunder-see.de\/index.php?rest_route=\/wp\/v2\/users\/1"}],"replies":[{"embeddable":true,"href":"http:\/\/krupunder-see.de\/index.php?rest_route=%2Fwp%2Fv2%2Fcomments&post=668"}],"version-history":[{"count":4,"href":"http:\/\/krupunder-see.de\/index.php?rest_route=\/wp\/v2\/pages\/668\/revisions"}],"predecessor-version":[{"id":1628,"href":"http:\/\/krupunder-see.de\/index.php?rest_route=\/wp\/v2\/pages\/668\/revisions\/1628"}],"wp:attachment":[{"href":"http:\/\/krupunder-see.de\/index.php?rest_route=%2Fwp%2Fv2%2Fmedia&parent=668"}],"curies":[{"name":"wp","href":"https:\/\/api.w.org\/{rel}","templated":true}]}}