{"id":316,"date":"2014-02-04T17:01:06","date_gmt":"2014-02-04T16:01:06","guid":{"rendered":"http:\/\/krupunder-see.de\/?page_id=316"},"modified":"2014-07-01T20:54:33","modified_gmt":"2014-07-01T19:54:33","slug":"natur","status":"publish","type":"page","link":"http:\/\/krupunder-see.de\/?page_id=316","title":{"rendered":"Natur"},"content":{"rendered":"<p>Hier finden sie alles \u00fcber die Natur am Krupunder See.<\/p>\n<p><a title=\"V\u00f6gel\" href=\"http:\/\/krupunder-see.de\/?page_id=318\" target=\"_blank\">Hier geht es zu den ersten kurzen Artikeln \u00fcber einige V\u00f6gel<\/a>. Diese werden wir in den n\u00e4chsten Monaten noch vervollst\u00e4ndigen. Insbesondere unser diesj\u00e4hriges Logo-Tier, die Stockente, werden wir noch ausf\u00fchrlich beschreiben.<\/p>\n<p>Das Sammeln von Mu Err Pilzen am See im Winter 2013 war eine unserer ersten Aktionen. Alle Infos zu diesen Pilzen finden Sie <a title=\"Mu Err Pilze am Krupunder See\" href=\"http:\/\/krupunder-see.de\/?page_id=176\">hier.<\/a><\/p>\n<p>Einige Infos zu Amphibien finden sie <a title=\"Amphibien\" href=\"http:\/\/krupunder-see.de\/?page_id=668\">hier.<\/a><\/p>\n<p>Hier geht es zu den <a title=\"Fische\" href=\"http:\/\/krupunder-see.de\/?page_id=901\">Fischen<\/a>.<\/p>\n","protected":false},"excerpt":{"rendered":"<p>Hier finden sie alles \u00fcber die Natur am Krupunder See. Hier geht es zu den ersten kurzen Artikeln \u00fcber einige V\u00f6gel. Diese werden wir in den n\u00e4chsten Monaten noch vervollst\u00e4ndigen. Insbesondere unser diesj\u00e4hriges Logo-Tier, die Stockente, werden wir noch ausf\u00fchrlich &hellip; <a href=\"http:\/\/krupunder-see.de\/?page_id=316\">Weiterlesen <span class=\"meta-nav\">&rarr;<\/span><\/a><\/p>\n","protected":false},"author":1,"featured_media":0,"parent":0,"menu_order":0,"comment_status":"closed","ping_status":"closed","template":"","meta":{"footnotes":""},"class_list":["post-316","page","type-page","status-publish","hentry"],"_links":{"self":[{"href":"http:\/\/krupunder-see.de\/index.php?rest_route=\/wp\/v2\/pages\/316","targetHints":{"allow":["GET"]}}],"collection":[{"href":"http:\/\/krupunder-see.de\/index.php?rest_route=\/wp\/v2\/pages"}],"about":[{"href":"http:\/\/krupunder-see.de\/index.php?rest_route=\/wp\/v2\/types\/page"}],"author":[{"embeddable":true,"href":"http:\/\/krupunder-see.de\/index.php?rest_route=\/wp\/v2\/users\/1"}],"replies":[{"embeddable":true,"href":"http:\/\/krupunder-see.de\/index.php?rest_route=%2Fwp%2Fv2%2Fcomments&post=316"}],"version-history":[{"count":6,"href":"http:\/\/krupunder-see.de\/index.php?rest_route=\/wp\/v2\/pages\/316\/revisions"}],"predecessor-version":[{"id":903,"href":"http:\/\/krupunder-see.de\/index.php?rest_route=\/wp\/v2\/pages\/316\/revisions\/903"}],"wp:attachment":[{"href":"http:\/\/krupunder-see.de\/index.php?rest_route=%2Fwp%2Fv2%2Fmedia&parent=316"}],"curies":[{"name":"wp","href":"https:\/\/api.w.org\/{rel}","templated":true}]}}