{"id":315,"date":"2014-02-04T17:12:21","date_gmt":"2014-02-04T16:12:21","guid":{"rendered":"http:\/\/krupunder-see.de\/?page_id=315"},"modified":"2014-02-18T22:42:04","modified_gmt":"2014-02-18T21:42:04","slug":"tannenmeise","status":"publish","type":"page","link":"http:\/\/krupunder-see.de\/?page_id=315","title":{"rendered":"Tannenmeise"},"content":{"rendered":"<p><a href=\"http:\/\/krupunder-see.de\/wp-content\/uploads\/2014\/01\/Tannenmeise2.jpg\"><img loading=\"lazy\" decoding=\"async\" class=\"alignleft\" alt=\"Tannenmeise2\" src=\"http:\/\/krupunder-see.de\/wp-content\/uploads\/2014\/01\/Tannenmeise2-300x259.jpg\" width=\"300\" height=\"259\" \/><\/a>Die Tannenmeise ist die kleinste Meisenart. Sie ist ungef\u00e4hr 11cm\u00a0 lang und wiegt zwischen 8 und 10 Gramm. Sie hat einen schwarzwei\u00dfen Kopf und einen wei\u00dfen Unterk\u00f6rper. Auf den ersten Blick denkt man, dass das eine Kohlmeise in klein ist. Sie leben in Nadelw\u00e4ldern aber bevorzugt in Fichtenw\u00e4ldern.<\/p>\n","protected":false},"excerpt":{"rendered":"<p>Die Tannenmeise ist die kleinste Meisenart. Sie ist ungef\u00e4hr 11cm\u00a0 lang und wiegt zwischen 8 und 10 Gramm. Sie hat einen schwarzwei\u00dfen Kopf und einen wei\u00dfen Unterk\u00f6rper. Auf den ersten Blick denkt man, dass das eine Kohlmeise in klein ist. &hellip; <a href=\"http:\/\/krupunder-see.de\/?page_id=315\">Weiterlesen <span class=\"meta-nav\">&rarr;<\/span><\/a><\/p>\n","protected":false},"author":1,"featured_media":0,"parent":318,"menu_order":0,"comment_status":"closed","ping_status":"closed","template":"","meta":{"footnotes":""},"class_list":["post-315","page","type-page","status-publish","hentry"],"_links":{"self":[{"href":"http:\/\/krupunder-see.de\/index.php?rest_route=\/wp\/v2\/pages\/315","targetHints":{"allow":["GET"]}}],"collection":[{"href":"http:\/\/krupunder-see.de\/index.php?rest_route=\/wp\/v2\/pages"}],"about":[{"href":"http:\/\/krupunder-see.de\/index.php?rest_route=\/wp\/v2\/types\/page"}],"author":[{"embeddable":true,"href":"http:\/\/krupunder-see.de\/index.php?rest_route=\/wp\/v2\/users\/1"}],"replies":[{"embeddable":true,"href":"http:\/\/krupunder-see.de\/index.php?rest_route=%2Fwp%2Fv2%2Fcomments&post=315"}],"version-history":[{"count":2,"href":"http:\/\/krupunder-see.de\/index.php?rest_route=\/wp\/v2\/pages\/315\/revisions"}],"predecessor-version":[{"id":407,"href":"http:\/\/krupunder-see.de\/index.php?rest_route=\/wp\/v2\/pages\/315\/revisions\/407"}],"up":[{"embeddable":true,"href":"http:\/\/krupunder-see.de\/index.php?rest_route=\/wp\/v2\/pages\/318"}],"wp:attachment":[{"href":"http:\/\/krupunder-see.de\/index.php?rest_route=%2Fwp%2Fv2%2Fmedia&parent=315"}],"curies":[{"name":"wp","href":"https:\/\/api.w.org\/{rel}","templated":true}]}}