{"id":2592,"date":"2018-10-07T23:03:15","date_gmt":"2018-10-07T22:03:15","guid":{"rendered":"http:\/\/krupunder-see.de\/?page_id=2592"},"modified":"2020-08-18T13:08:29","modified_gmt":"2020-08-18T12:08:29","slug":"geschichten-zur-zwergenhuette","status":"publish","type":"page","link":"http:\/\/krupunder-see.de\/?page_id=2592","title":{"rendered":"Geschichten zur Zwergenh\u00fctte"},"content":{"rendered":"<p>Liebe Eltern, liebe Sch\u00fcler,<\/p>\n<p>hier findet Ihr einige Geschichten zur Zwergenh\u00fctte. Habt Ihr die Zwergenh\u00fctte am See schon entdeckt? Sie befindet sich am Seegrabenweg in einem gro\u00dfen, alten Baum.<\/p>\n<p>Die Zwergenh\u00fctte ist entstanden aus einer Geschichte, die ich schon im Kopf habe, seit dem meine Kinder im Kindergarten waren. Dazu kam dann Maythe, die den Baum entdeckt hat und mit ihren Kindern die Idee hatte, dort eine T\u00fcr aufzumalen. So zogen wir einen Nachmittag mit Farbt\u00f6pfen und Pinseln zum Krupunder See und waren uns nicht wirklich bewu\u00dft, was wir da anzetteln. Wir haben die T\u00fcr gemalt, den Briefkasten aufgestellt und den Stein beschriftet.<\/p>\n<p>Was die Zwerge unbedingt noch brauchen: Einen Zaun, damit die Hunde nicht an den Baum pinkeln :-). Also m\u00f6gen doch bitte alle Kinder um den Baum herum kleine St\u00f6cke in die Erde stecken oder davor ablegen und so gemeinsam einen Zaun errichten.<\/p>\n<p>Und noch eine Bitte: Die Zwerge ern\u00e4hren sich ausschlie\u00dflich aus der Natur und auch ihre Kleidung und die M\u00f6bel stellen sie selber aus Naturmaterialien her oder tauschen sie auf dem Zwergenmarkt. Alle Gegenst\u00e4nde, die vor der Haust\u00fcr abgelegt werden, sind zwar sehr gut gemeint, f\u00fcr die Zwerge aber eher l\u00e4stig, da sie sie m\u00fchsam zum n\u00e4chsten M\u00fclleimer schleppen m\u00fcssen. Au\u00dferdem haben sich schon einige Spazierg\u00e4nger \u00fcber &#8222;den M\u00fcll&#8220; ge\u00e4rgert und wir m\u00f6chten doch, dass die Zwergenh\u00fctte allen Freude macht.<\/p>\n<p>Hier findet ihr nun Geschichten zu den Zwergen. Habt ihr weitere Ideen oder vielleicht Kinderbilder zu den Geschichten, die wir hier ver\u00f6ffentlichen k\u00f6nnen. Bitte mailen an vorstand@krupunder-see.de.<\/p>\n<p>Viel Spa\u00df mit den Geschichten:<\/p>\n<p><a href=\"http:\/\/krupunder-see.de\/wp-content\/uploads\/2018\/10\/Die-Zwergenh\u00fctte.pdf\">Die Zwergenh\u00fctte<\/a><\/p>\n<p><a href=\"http:\/\/krupunder-see.de\/wp-content\/uploads\/2018\/10\/Schimmerling.pdf\">Schimmerling<\/a><\/p>\n","protected":false},"excerpt":{"rendered":"<p>Liebe Eltern, liebe Sch\u00fcler, hier findet Ihr einige Geschichten zur Zwergenh\u00fctte. Habt Ihr die Zwergenh\u00fctte am See schon entdeckt? Sie befindet sich am Seegrabenweg in einem gro\u00dfen, alten Baum. Die Zwergenh\u00fctte ist entstanden aus einer Geschichte, die ich schon im &hellip; <a href=\"http:\/\/krupunder-see.de\/?page_id=2592\">Weiterlesen <span class=\"meta-nav\">&rarr;<\/span><\/a><\/p>\n","protected":false},"author":1,"featured_media":0,"parent":0,"menu_order":0,"comment_status":"closed","ping_status":"closed","template":"","meta":{"footnotes":""},"class_list":["post-2592","page","type-page","status-publish","hentry"],"_links":{"self":[{"href":"http:\/\/krupunder-see.de\/index.php?rest_route=\/wp\/v2\/pages\/2592","targetHints":{"allow":["GET"]}}],"collection":[{"href":"http:\/\/krupunder-see.de\/index.php?rest_route=\/wp\/v2\/pages"}],"about":[{"href":"http:\/\/krupunder-see.de\/index.php?rest_route=\/wp\/v2\/types\/page"}],"author":[{"embeddable":true,"href":"http:\/\/krupunder-see.de\/index.php?rest_route=\/wp\/v2\/users\/1"}],"replies":[{"embeddable":true,"href":"http:\/\/krupunder-see.de\/index.php?rest_route=%2Fwp%2Fv2%2Fcomments&post=2592"}],"version-history":[{"count":7,"href":"http:\/\/krupunder-see.de\/index.php?rest_route=\/wp\/v2\/pages\/2592\/revisions"}],"predecessor-version":[{"id":2823,"href":"http:\/\/krupunder-see.de\/index.php?rest_route=\/wp\/v2\/pages\/2592\/revisions\/2823"}],"wp:attachment":[{"href":"http:\/\/krupunder-see.de\/index.php?rest_route=%2Fwp%2Fv2%2Fmedia&parent=2592"}],"curies":[{"name":"wp","href":"https:\/\/api.w.org\/{rel}","templated":true}]}}