{"id":2573,"date":"2018-09-07T16:15:52","date_gmt":"2018-09-07T15:15:52","guid":{"rendered":"http:\/\/krupunder-see.de\/?page_id=2573"},"modified":"2018-09-07T16:15:52","modified_gmt":"2018-09-07T15:15:52","slug":"stauden","status":"publish","type":"page","link":"http:\/\/krupunder-see.de\/?page_id=2573","title":{"rendered":"Stauden"},"content":{"rendered":"<p>Stauden sind Pflanzen, die mehrere Jahre \u00fcberdauern, aber keine Geh\u00f6lze bilden. Die Stengel bleiben weich und verrotten meist in unseren Breitengeraden im Winter. Stauden \u00fcberleben mit Hilfe Ihrer Wurzelspeicherorgane. Das k\u00f6nnen Rhizome, aber auch Knollen oder Zwiebeln sein. Die Pflanze zieht im Herbst N\u00e4hrstoffe in diese Wurzelspeicher zur\u00fcck und schl\u00e4gt aus diesen im Fr\u00fchjahr wieder aus. Es gibt aber auch wenige immergr\u00fcne Stauden.<\/p>\n<p>Kr\u00e4uter oder andere krautige Pflanzen sterben im Gegensatz zu den Stauden nach der Bl\u00fcte ab und kommen im n\u00e4chsten Jahr nur \u00fcber den Samen wieder.<\/p>\n<p>\u00dcber die n\u00e4chsten Jahre soll hier eine vollst\u00e4ndige Liste der Stauden am Krupunder See entstehen.<\/p>\n<p><a href=\"http:\/\/krupunder-see.de\/?page_id=2568\">Zottiges Weidenr\u00f6schen<\/a>: w\u00e4chst nur auf der Wiese am Seegrabenweg<\/p>\n","protected":false},"excerpt":{"rendered":"<p>Stauden sind Pflanzen, die mehrere Jahre \u00fcberdauern, aber keine Geh\u00f6lze bilden. Die Stengel bleiben weich und verrotten meist in unseren Breitengeraden im Winter. Stauden \u00fcberleben mit Hilfe Ihrer Wurzelspeicherorgane. Das k\u00f6nnen Rhizome, aber auch Knollen oder Zwiebeln sein. Die Pflanze &hellip; <a href=\"http:\/\/krupunder-see.de\/?page_id=2573\">Weiterlesen <span class=\"meta-nav\">&rarr;<\/span><\/a><\/p>\n","protected":false},"author":1,"featured_media":0,"parent":0,"menu_order":0,"comment_status":"closed","ping_status":"closed","template":"","meta":{"footnotes":""},"class_list":["post-2573","page","type-page","status-publish","hentry"],"_links":{"self":[{"href":"http:\/\/krupunder-see.de\/index.php?rest_route=\/wp\/v2\/pages\/2573","targetHints":{"allow":["GET"]}}],"collection":[{"href":"http:\/\/krupunder-see.de\/index.php?rest_route=\/wp\/v2\/pages"}],"about":[{"href":"http:\/\/krupunder-see.de\/index.php?rest_route=\/wp\/v2\/types\/page"}],"author":[{"embeddable":true,"href":"http:\/\/krupunder-see.de\/index.php?rest_route=\/wp\/v2\/users\/1"}],"replies":[{"embeddable":true,"href":"http:\/\/krupunder-see.de\/index.php?rest_route=%2Fwp%2Fv2%2Fcomments&post=2573"}],"version-history":[{"count":1,"href":"http:\/\/krupunder-see.de\/index.php?rest_route=\/wp\/v2\/pages\/2573\/revisions"}],"predecessor-version":[{"id":2575,"href":"http:\/\/krupunder-see.de\/index.php?rest_route=\/wp\/v2\/pages\/2573\/revisions\/2575"}],"wp:attachment":[{"href":"http:\/\/krupunder-see.de\/index.php?rest_route=%2Fwp%2Fv2%2Fmedia&parent=2573"}],"curies":[{"name":"wp","href":"https:\/\/api.w.org\/{rel}","templated":true}]}}