{"id":2568,"date":"2018-09-07T15:53:35","date_gmt":"2018-09-07T14:53:35","guid":{"rendered":"http:\/\/krupunder-see.de\/?page_id=2568"},"modified":"2018-09-07T15:53:35","modified_gmt":"2018-09-07T14:53:35","slug":"zottiges-weidenroeschen","status":"publish","type":"page","link":"http:\/\/krupunder-see.de\/?page_id=2568","title":{"rendered":"Zottiges Weidenr\u00f6schen"},"content":{"rendered":"<div style=\"width: 295px\" class=\"wp-caption alignleft\"><a href=\"https:\/\/upload.wikimedia.org\/wikipedia\/commons\/thumb\/0\/0b\/Epilobium-hirsutum-2008.JPG\/800px-Epilobium-hirsutum-2008.JPG\" target=\"_blank\" rel=\"https:\/\/commons.wikimedia.org\/wiki\/File:Epilobium-hirsutum-2008.JPG noopener noreferrer\"><img loading=\"lazy\" decoding=\"async\" class=\"mw-mmv-final-image jpg mw-mmv-dialog-is-open\" title=\"Jan Tietje, Eckernf\u00f6rde  CC BY-SA 3.0\" src=\"https:\/\/upload.wikimedia.org\/wikipedia\/commons\/thumb\/0\/0b\/Epilobium-hirsutum-2008.JPG\/800px-Epilobium-hirsutum-2008.JPG\" alt=\"Zottiges Weidenr\u00f6schen (Epilobium hirsutum)\" width=\"285\" height=\"380\" crossorigin=\"anonymous\" \/><\/a><p class=\"wp-caption-text\">Zottiges Weidenr\u00f6schen Quelle: https:\/\/commons.wikimedia.org\/wiki\/File:Epilobium-hirsutum-2008.JPG Rechte: Jan Tietje, Eckernf\u00f6rde CC BY-SA 3.0<\/p><\/div>\n<p>Das Zottige Weidenr\u00f6schen haben wir mit Erfolg auf unserer Wiese am Seegrabenweg angesiedelt. Es w\u00e4chst in kleinen B\u00fcschen, die etwa 50 bis 100 cm hoch werden. Es vermehrt sicht \u00fcber Samen und \u00fcber wei\u00dfe, sehr kr\u00e4ftige Rhizome, die im Boden weiterkriechen. Die Samen sitzen in langen Schoten, die an der Spitze aufplatzen und den Samen mit vielen Samenhaaren freilegen. Sie wurden fr\u00fcher auch als Stopfmaterial f\u00fcr Polster genutzt. Als Futterpflanze ist das Zottige Weidenr\u00f6schen nicht geeignet. Tiere m\u00f6gen weder das frische Gr\u00fcn noch das Heu. Daf\u00fcr schmecken die Bl\u00e4tter den Raupen einiger Schmetterlinge besonders gut.<\/p>\n<p>Im Garten ist das Zottige Weidenr\u00f6schen ein echter Hingucker. Es bl\u00fcht ausdauernd den ganzen Sommer hindurch und ist als heimische Pflanze bei den Insekten sehr beliebt. Die Rhizome wachsen flach, so dass man die Ausbreitung gut kontrollieren kann &#8211; \u00e4hnlich wie bei Gelbweiderich.<\/p>\n<p>\u00dcbrigens geh\u00f6rt das Zottige Weidenr\u00f6schen zu den Nachtkerzengew\u00e4chsen.<\/p>\n<p>Hier noch eine alte Zeichnung, die den Aufbau der Pflanze zeigt:<\/p>\n<p><img decoding=\"async\" class=\"bbc_img\" src=\"https:\/\/www.mikroskopie-forum.de\/pictures004\/155268_5073990.jpg\" alt=\"\" \/><\/p>\n<p>Janus (Jan) Kops &#8211; <a class=\"bbc_link\" href=\"http:\/\/www.BioLib.de\" target=\"_blank\" rel=\"noopener noreferrer\">www.BioLib.de<\/a><\/p>\n","protected":false},"excerpt":{"rendered":"<p>Das Zottige Weidenr\u00f6schen haben wir mit Erfolg auf unserer Wiese am Seegrabenweg angesiedelt. Es w\u00e4chst in kleinen B\u00fcschen, die etwa 50 bis 100 cm hoch werden. Es vermehrt sicht \u00fcber Samen und \u00fcber wei\u00dfe, sehr kr\u00e4ftige Rhizome, die im Boden &hellip; <a href=\"http:\/\/krupunder-see.de\/?page_id=2568\">Weiterlesen <span class=\"meta-nav\">&rarr;<\/span><\/a><\/p>\n","protected":false},"author":1,"featured_media":0,"parent":0,"menu_order":0,"comment_status":"closed","ping_status":"closed","template":"","meta":{"footnotes":""},"class_list":["post-2568","page","type-page","status-publish","hentry"],"_links":{"self":[{"href":"http:\/\/krupunder-see.de\/index.php?rest_route=\/wp\/v2\/pages\/2568","targetHints":{"allow":["GET"]}}],"collection":[{"href":"http:\/\/krupunder-see.de\/index.php?rest_route=\/wp\/v2\/pages"}],"about":[{"href":"http:\/\/krupunder-see.de\/index.php?rest_route=\/wp\/v2\/types\/page"}],"author":[{"embeddable":true,"href":"http:\/\/krupunder-see.de\/index.php?rest_route=\/wp\/v2\/users\/1"}],"replies":[{"embeddable":true,"href":"http:\/\/krupunder-see.de\/index.php?rest_route=%2Fwp%2Fv2%2Fcomments&post=2568"}],"version-history":[{"count":1,"href":"http:\/\/krupunder-see.de\/index.php?rest_route=\/wp\/v2\/pages\/2568\/revisions"}],"predecessor-version":[{"id":2570,"href":"http:\/\/krupunder-see.de\/index.php?rest_route=\/wp\/v2\/pages\/2568\/revisions\/2570"}],"wp:attachment":[{"href":"http:\/\/krupunder-see.de\/index.php?rest_route=%2Fwp%2Fv2%2Fmedia&parent=2568"}],"curies":[{"name":"wp","href":"https:\/\/api.w.org\/{rel}","templated":true}]}}