{"id":2564,"date":"2018-09-07T15:19:25","date_gmt":"2018-09-07T14:19:25","guid":{"rendered":"http:\/\/krupunder-see.de\/?page_id=2564"},"modified":"2018-09-07T15:19:25","modified_gmt":"2018-09-07T14:19:25","slug":"graeser","status":"publish","type":"page","link":"http:\/\/krupunder-see.de\/?page_id=2564","title":{"rendered":"Gr\u00e4ser"},"content":{"rendered":"<p>Auf dieser Seite m\u00f6chten wir Euch die Vielfalt der Gr\u00e4ser vorstellen.<br \/>\nLeider hatten wir bisher noch keine Zeit uns mit dem Thema zu besch\u00e4ftigen. Aber wir haben bei der Landwirtschaftskammer Schleswig-Holstein eine tolle Seite gefunden, die einem hilft, Gr\u00e4ser zu bestimmen:<\/p>\n<p><a href=\"https:\/\/www.lksh.de\/fileadmin\/dokumente\/Landwirtschaft\/Pflanze\/Gruenland-Ackerfutterbau\/Dauergruenland\/Graeserbestimmung_13.pdf\">https:\/\/www.lksh.de\/fileadmin\/dokumente\/Landwirtschaft\/Pflanze\/Gruenland-Ackerfutterbau\/Dauergruenland\/Graeserbestimmung_13.pdf<\/a><\/p>\n<p>&nbsp;<\/p>\n","protected":false},"excerpt":{"rendered":"<p>Auf dieser Seite m\u00f6chten wir Euch die Vielfalt der Gr\u00e4ser vorstellen. Leider hatten wir bisher noch keine Zeit uns mit dem Thema zu besch\u00e4ftigen. Aber wir haben bei der Landwirtschaftskammer Schleswig-Holstein eine tolle Seite gefunden, die einem hilft, Gr\u00e4ser zu &hellip; <a href=\"http:\/\/krupunder-see.de\/?page_id=2564\">Weiterlesen <span class=\"meta-nav\">&rarr;<\/span><\/a><\/p>\n","protected":false},"author":1,"featured_media":0,"parent":0,"menu_order":0,"comment_status":"closed","ping_status":"closed","template":"","meta":{"footnotes":""},"class_list":["post-2564","page","type-page","status-publish","hentry"],"_links":{"self":[{"href":"http:\/\/krupunder-see.de\/index.php?rest_route=\/wp\/v2\/pages\/2564","targetHints":{"allow":["GET"]}}],"collection":[{"href":"http:\/\/krupunder-see.de\/index.php?rest_route=\/wp\/v2\/pages"}],"about":[{"href":"http:\/\/krupunder-see.de\/index.php?rest_route=\/wp\/v2\/types\/page"}],"author":[{"embeddable":true,"href":"http:\/\/krupunder-see.de\/index.php?rest_route=\/wp\/v2\/users\/1"}],"replies":[{"embeddable":true,"href":"http:\/\/krupunder-see.de\/index.php?rest_route=%2Fwp%2Fv2%2Fcomments&post=2564"}],"version-history":[{"count":1,"href":"http:\/\/krupunder-see.de\/index.php?rest_route=\/wp\/v2\/pages\/2564\/revisions"}],"predecessor-version":[{"id":2566,"href":"http:\/\/krupunder-see.de\/index.php?rest_route=\/wp\/v2\/pages\/2564\/revisions\/2566"}],"wp:attachment":[{"href":"http:\/\/krupunder-see.de\/index.php?rest_route=%2Fwp%2Fv2%2Fmedia&parent=2564"}],"curies":[{"name":"wp","href":"https:\/\/api.w.org\/{rel}","templated":true}]}}