{"id":2553,"date":"2018-07-22T20:11:55","date_gmt":"2018-07-22T19:11:55","guid":{"rendered":"http:\/\/krupunder-see.de\/?page_id=2553"},"modified":"2018-07-22T20:11:55","modified_gmt":"2018-07-22T19:11:55","slug":"maeusebussard","status":"publish","type":"page","link":"http:\/\/krupunder-see.de\/?page_id=2553","title":{"rendered":"M\u00e4usebussard"},"content":{"rendered":"<p><a href=\"http:\/\/krupunder-see.de\/wp-content\/uploads\/2018\/07\/Bussard1.jpg\"><img loading=\"lazy\" decoding=\"async\" class=\"size-medium wp-image-2555 alignleft\" src=\"http:\/\/krupunder-see.de\/wp-content\/uploads\/2018\/07\/Bussard1-225x300.jpg\" alt=\"\" width=\"225\" height=\"300\" srcset=\"http:\/\/krupunder-see.de\/wp-content\/uploads\/2018\/07\/Bussard1-225x300.jpg 225w, http:\/\/krupunder-see.de\/wp-content\/uploads\/2018\/07\/Bussard1-768x1024.jpg 768w, http:\/\/krupunder-see.de\/wp-content\/uploads\/2018\/07\/Bussard1.jpg 1000w\" sizes=\"auto, (max-width: 225px) 100vw, 225px\" \/><\/a>&#8222;Na, wer sitzten denn da?&#8220;, fragten sich heute Morgen viele Besucher des Krupunder Sees. In unmittelbarer N\u00e4he des Weges sa\u00df dieser Bussard und hielt vermutlich nach M\u00e4use im Unterholz Ausschau. An der Ecke der beiden Hauptwege am See entlang (in der N\u00e4he des Eingang Eidelstedter Weg) hatte es sich der Greifvogel auf einem vielleicht 3 Meter \u00fcber dem Boden befindlichen Ast bequem gemacht. Vom Weg war er vielleicht 4 Meter entfernt und lie\u00df sich auch nicht st\u00f6ren, als wir ihn mit einer Gruppe von 6 Leuten bewunderten. Selbst die Handyfotos lie\u00df er \u00fcber sich ergehen. Seine Position hielt er mindestens eine halbe Stunde, wobei er lediglich von einem umgefallenen Stamm auf den Ast wechselte.<\/p>\n<p><a href=\"http:\/\/krupunder-see.de\/wp-content\/uploads\/2018\/07\/Bussard3.jpg\"><img loading=\"lazy\" decoding=\"async\" class=\"size-medium wp-image-2556 alignright\" src=\"http:\/\/krupunder-see.de\/wp-content\/uploads\/2018\/07\/Bussard3-225x300.jpg\" alt=\"\" width=\"225\" height=\"300\" srcset=\"http:\/\/krupunder-see.de\/wp-content\/uploads\/2018\/07\/Bussard3-225x300.jpg 225w, http:\/\/krupunder-see.de\/wp-content\/uploads\/2018\/07\/Bussard3-768x1024.jpg 768w, http:\/\/krupunder-see.de\/wp-content\/uploads\/2018\/07\/Bussard3.jpg 1000w\" sizes=\"auto, (max-width: 225px) 100vw, 225px\" \/><\/a><\/p>\n","protected":false},"excerpt":{"rendered":"<p>&#8222;Na, wer sitzten denn da?&#8220;, fragten sich heute Morgen viele Besucher des Krupunder Sees. In unmittelbarer N\u00e4he des Weges sa\u00df dieser Bussard und hielt vermutlich nach M\u00e4use im Unterholz Ausschau. An der Ecke der beiden Hauptwege am See entlang (in &hellip; <a href=\"http:\/\/krupunder-see.de\/?page_id=2553\">Weiterlesen <span class=\"meta-nav\">&rarr;<\/span><\/a><\/p>\n","protected":false},"author":1,"featured_media":0,"parent":0,"menu_order":0,"comment_status":"closed","ping_status":"closed","template":"","meta":{"footnotes":""},"class_list":["post-2553","page","type-page","status-publish","hentry"],"_links":{"self":[{"href":"http:\/\/krupunder-see.de\/index.php?rest_route=\/wp\/v2\/pages\/2553","targetHints":{"allow":["GET"]}}],"collection":[{"href":"http:\/\/krupunder-see.de\/index.php?rest_route=\/wp\/v2\/pages"}],"about":[{"href":"http:\/\/krupunder-see.de\/index.php?rest_route=\/wp\/v2\/types\/page"}],"author":[{"embeddable":true,"href":"http:\/\/krupunder-see.de\/index.php?rest_route=\/wp\/v2\/users\/1"}],"replies":[{"embeddable":true,"href":"http:\/\/krupunder-see.de\/index.php?rest_route=%2Fwp%2Fv2%2Fcomments&post=2553"}],"version-history":[{"count":1,"href":"http:\/\/krupunder-see.de\/index.php?rest_route=\/wp\/v2\/pages\/2553\/revisions"}],"predecessor-version":[{"id":2558,"href":"http:\/\/krupunder-see.de\/index.php?rest_route=\/wp\/v2\/pages\/2553\/revisions\/2558"}],"wp:attachment":[{"href":"http:\/\/krupunder-see.de\/index.php?rest_route=%2Fwp%2Fv2%2Fmedia&parent=2553"}],"curies":[{"name":"wp","href":"https:\/\/api.w.org\/{rel}","templated":true}]}}