{"id":2483,"date":"2018-03-13T22:52:13","date_gmt":"2018-03-13T21:52:13","guid":{"rendered":"http:\/\/krupunder-see.de\/?page_id=2483"},"modified":"2018-03-13T22:52:13","modified_gmt":"2018-03-13T21:52:13","slug":"ruesselkaefer-2","status":"publish","type":"page","link":"http:\/\/krupunder-see.de\/?page_id=2483","title":{"rendered":"R\u00fcsselk\u00e4fer"},"content":{"rendered":"<p>Die folgenden Aufnahmen eines R\u00fcsselk\u00e4fers sind im M\u00e4rz 2018 entstanden. Wir hatten Laub und Erde am Krupunder See gesammelt, um zu untersuchen, welche Tiere jetzt schon in den ersten warmen Tagen die Erde bev\u00f6lkern. Wir haben die Erde ausgebreitet und geschaut, was da so krabbelt. Mit Adleraugen haben wir den nur wenige Milimeter gro\u00dfen R\u00fcsselk\u00e4fer gefunden. Wir haben ihn unter eine Handylupe gesetzt, so dass wir ihn gleich fotografieren konnten. Einige Informationen zum R\u00fcsselk\u00e4fer erg\u00e4nzen wir sp\u00e4ter.<\/p>\n<div id=\"metaslider-id-1522\" style=\"max-width: 500px; margin: 0 auto;\" class=\"ml-slider-3-109-0 metaslider metaslider-flex metaslider-1522 ml-slider has-dots-nav ms-theme-default\" role=\"region\" aria-label=\"R\u00fcsselk\u00e4fer\" data-height=\"500\" data-width=\"500\">\n    <div id=\"metaslider_container_1522\">\n        <div id=\"metaslider_1522\">\n            <ul class='slides'>\n            <\/ul>\n        <\/div>\n        \n    <\/div>\n<\/div>\n<p>&nbsp;<\/p>\n","protected":false},"excerpt":{"rendered":"<p>Die folgenden Aufnahmen eines R\u00fcsselk\u00e4fers sind im M\u00e4rz 2018 entstanden. Wir hatten Laub und Erde am Krupunder See gesammelt, um zu untersuchen, welche Tiere jetzt schon in den ersten warmen Tagen die Erde bev\u00f6lkern. Wir haben die Erde ausgebreitet und &hellip; <a href=\"http:\/\/krupunder-see.de\/?page_id=2483\">Weiterlesen <span class=\"meta-nav\">&rarr;<\/span><\/a><\/p>\n","protected":false},"author":1,"featured_media":0,"parent":0,"menu_order":0,"comment_status":"closed","ping_status":"closed","template":"","meta":{"footnotes":""},"class_list":["post-2483","page","type-page","status-publish","hentry"],"_links":{"self":[{"href":"http:\/\/krupunder-see.de\/index.php?rest_route=\/wp\/v2\/pages\/2483","targetHints":{"allow":["GET"]}}],"collection":[{"href":"http:\/\/krupunder-see.de\/index.php?rest_route=\/wp\/v2\/pages"}],"about":[{"href":"http:\/\/krupunder-see.de\/index.php?rest_route=\/wp\/v2\/types\/page"}],"author":[{"embeddable":true,"href":"http:\/\/krupunder-see.de\/index.php?rest_route=\/wp\/v2\/users\/1"}],"replies":[{"embeddable":true,"href":"http:\/\/krupunder-see.de\/index.php?rest_route=%2Fwp%2Fv2%2Fcomments&post=2483"}],"version-history":[{"count":2,"href":"http:\/\/krupunder-see.de\/index.php?rest_route=\/wp\/v2\/pages\/2483\/revisions"}],"predecessor-version":[{"id":2505,"href":"http:\/\/krupunder-see.de\/index.php?rest_route=\/wp\/v2\/pages\/2483\/revisions\/2505"}],"wp:attachment":[{"href":"http:\/\/krupunder-see.de\/index.php?rest_route=%2Fwp%2Fv2%2Fmedia&parent=2483"}],"curies":[{"name":"wp","href":"https:\/\/api.w.org\/{rel}","templated":true}]}}