{"id":2386,"date":"2018-02-07T17:33:18","date_gmt":"2018-02-07T16:33:18","guid":{"rendered":"http:\/\/krupunder-see.de\/?page_id=2386"},"modified":"2018-02-11T19:52:28","modified_gmt":"2018-02-11T18:52:28","slug":"warum-man-enten-nicht-fuettern-sollte","status":"publish","type":"page","link":"http:\/\/krupunder-see.de\/?page_id=2386","title":{"rendered":"Warum man Enten nicht f\u00fcttern sollte&#8230;"},"content":{"rendered":"<p>H\u00e4ufig sieht man an Seen Schilder, die das F\u00fcttern von Enten untersagen oder davon abraten. In diesem Artikel erfahren Sie was die Gr\u00fcnde f\u00fcr solche Verbote sind.<\/p>\n<p>Wichtig: Die Tiere finden \u2013 auch im Winter &#8211; in der Natur genug Nahrung!<br \/>\nDas Betteln der Tiere wird durch die intensive F\u00fctterung ausgel\u00f6st und bedeutet nicht, dass die Tiere zu wenig Nahrung finden.<\/p>\n<p><a href=\"http:\/\/krupunder-see.de\/wp-content\/uploads\/2018\/02\/Paar-schlafend.jpg\"><img loading=\"lazy\" decoding=\"async\" class=\" wp-image-2400 alignleft\" src=\"http:\/\/krupunder-see.de\/wp-content\/uploads\/2018\/02\/Paar-schlafend-300x199.jpg\" alt=\"\" width=\"351\" height=\"233\" srcset=\"http:\/\/krupunder-see.de\/wp-content\/uploads\/2018\/02\/Paar-schlafend-300x199.jpg 300w, http:\/\/krupunder-see.de\/wp-content\/uploads\/2018\/02\/Paar-schlafend-768x510.jpg 768w, http:\/\/krupunder-see.de\/wp-content\/uploads\/2018\/02\/Paar-schlafend.jpg 1000w\" sizes=\"auto, (max-width: 351px) 100vw, 351px\" \/><\/a>Der wohl wichtigste Grund f\u00fcr Schilder gegen Entenf\u00fcttern ist die Auswirkung von Brot im Wasser in Verbindung mit zus\u00e4tzlich ausgeschiedenem Entenkot, was &#8211; bedingt durch chemische Abbauprozesse &#8211; zu einem sogenannten Umkippen des Sees f\u00fchren kann. Dabei wird der nat\u00fcrliche Kreislauf von Zersetzungsprozessen im Wasser derart gest\u00f6rt, dass es zu Sauerstoffmangel kommt und den Organismen damit die Lebensgrundlage entzogen wird. Es kommt zu einem Fischsterben und es entsteht ein fauliger Gestank.<\/p>\n<p>Brot oder \u00e4hnliches Geb\u00e4ck wird am h\u00e4ufigsten verf\u00fcttert. Dieses Futtermittel schadet den Tieren mehr als das es ihnen hilft. Das liegt vor allem an den Inhaltsstoffen in diesem Futter: F\u00fcr Menschen normale Mengen Salz k\u00f6nnen einer Ente schaden, da sie im Verh\u00e4ltnis zu ihrem K\u00f6rpergewicht von 0,7 bis 1,6 kg zu viel davon mit dem Brot zu sich nimmt.<br \/>\nZudem enth\u00e4lt Brot auch Konservierungsstoffe oder Geschmacksverst\u00e4rker, die f\u00fcr Menschen- und nicht Entenm\u00e4gen ausgelegt sind. Zudem k\u00f6nnen Enten diese Nahrung auch nicht richtig verdauen. Damit bringen diese Zusatzstoffe den Stoffwechsel der Tiere aus dem Gleichgewicht, was f\u00fcr diese gef\u00e4hrlich werden kann.<br \/>\nStockenten, wie sie in den meisten heimischen Gew\u00e4ssern vorkommen, ern\u00e4hren sich u.a. von Pflanzen, Samen, Weichtieren und W\u00fcrmern. Durch die teilweise \u00dcberf\u00fctterung durch Spazierg\u00e4nger erleiden die Enten einen N\u00e4hrstoffmangel, da Brot nicht die N\u00e4hrstoffe enth\u00e4lt, die sie ben\u00f6tigen. Die Enten nehmen dieses Futter an, da diese Nahrungsbeschaffung f\u00fcr sie bequemer ist, als selber auf Nahrungssuche zu gehen. Es kommt zu einer verh\u00e4ngnisvollen Fehlern\u00e4hrung. Weiterhin kann das Brot in den M\u00e4gen der Tiere aufquellen, wenn sie nach dem Fressen Wasser trinken und dadurch die Tiere gef\u00e4hrden.<br \/>\nVerschimmeltes Brot, das manchmal verf\u00fcttert wird, statt es wegzuwerfen, schadet den Tieren genauso wie jedem Menschen.<\/p>\n<p>Durch das st\u00e4ndige F\u00fcttern kann es zu einer Verhaltens\u00e4nderung der Tiere kommen, wenn sie sich das \u201eBetteln\u201c bei Menschen angew\u00f6hnen. \u00a0Zus\u00e4tzlich verlieren die Enten durch die Gew\u00f6hnung die Scheu vor Menschen, was gef\u00e4hrlich werden kann, wenn die Tiere auf die Stra\u00dfe laufen oder Hunden zu nah kommen.<\/p>\n<p>H\u00e4ufig bleiben auch Brotreste am Ufer liegen, die daf\u00fcr sorgen, dass Ratten und M\u00e4use angelockt werden. Diese k\u00f6nnen Krankheiten \u00fcbertragen und Futterstellen verschmutzen. Zudem f\u00f6rdert diese ungewollte F\u00fctterung die Verbreitung der Ratten und M\u00e4use, was zu weiteren Problemen f\u00fchrt.<\/p>\n<p>Wenn Sie f\u00fcttern wollen, sollte Sie einige Dinge beachten:<\/p>\n<ol>\n<li>Kein Brot verf\u00fcttern. Besser geeignet ist spezielles Wasservogelfutter aus dem Zoohandel oder dem Baumarkt, klein geschnittene Fr\u00fcchte oder Haferflocken.<\/li>\n<li>Das F\u00fcttern am besten auf den Winter beschr\u00e4nken.<\/li>\n<li>Futter nur am Ufer auslegen und nach dem F\u00fcttern Reste wieder einsammeln<\/li>\n<\/ol>\n<p>&nbsp;<\/p>\n","protected":false},"excerpt":{"rendered":"<p>H\u00e4ufig sieht man an Seen Schilder, die das F\u00fcttern von Enten untersagen oder davon abraten. In diesem Artikel erfahren Sie was die Gr\u00fcnde f\u00fcr solche Verbote sind. Wichtig: Die Tiere finden \u2013 auch im Winter &#8211; in der Natur genug &hellip; <a href=\"http:\/\/krupunder-see.de\/?page_id=2386\">Weiterlesen <span class=\"meta-nav\">&rarr;<\/span><\/a><\/p>\n","protected":false},"author":6,"featured_media":0,"parent":661,"menu_order":0,"comment_status":"closed","ping_status":"closed","template":"","meta":{"footnotes":""},"class_list":["post-2386","page","type-page","status-publish","hentry"],"_links":{"self":[{"href":"http:\/\/krupunder-see.de\/index.php?rest_route=\/wp\/v2\/pages\/2386","targetHints":{"allow":["GET"]}}],"collection":[{"href":"http:\/\/krupunder-see.de\/index.php?rest_route=\/wp\/v2\/pages"}],"about":[{"href":"http:\/\/krupunder-see.de\/index.php?rest_route=\/wp\/v2\/types\/page"}],"author":[{"embeddable":true,"href":"http:\/\/krupunder-see.de\/index.php?rest_route=\/wp\/v2\/users\/6"}],"replies":[{"embeddable":true,"href":"http:\/\/krupunder-see.de\/index.php?rest_route=%2Fwp%2Fv2%2Fcomments&post=2386"}],"version-history":[{"count":5,"href":"http:\/\/krupunder-see.de\/index.php?rest_route=\/wp\/v2\/pages\/2386\/revisions"}],"predecessor-version":[{"id":2401,"href":"http:\/\/krupunder-see.de\/index.php?rest_route=\/wp\/v2\/pages\/2386\/revisions\/2401"}],"up":[{"embeddable":true,"href":"http:\/\/krupunder-see.de\/index.php?rest_route=\/wp\/v2\/pages\/661"}],"wp:attachment":[{"href":"http:\/\/krupunder-see.de\/index.php?rest_route=%2Fwp%2Fv2%2Fmedia&parent=2386"}],"curies":[{"name":"wp","href":"https:\/\/api.w.org\/{rel}","templated":true}]}}