{"id":2261,"date":"2018-01-06T22:21:09","date_gmt":"2018-01-06T21:21:09","guid":{"rendered":"http:\/\/krupunder-see.de\/?page_id=2261"},"modified":"2018-01-06T23:27:56","modified_gmt":"2018-01-06T22:27:56","slug":"besuch-von-igel-maexchen-im-herbst-2017","status":"publish","type":"page","link":"http:\/\/krupunder-see.de\/?page_id=2261","title":{"rendered":"\u00dcber Igel M\u00e4xchen und seine Artgenossen"},"content":{"rendered":"<p><a href=\"http:\/\/krupunder-see.de\/wp-content\/uploads\/2018\/01\/Besuch-von-Frau-Bauermeister.jpg\"><img loading=\"lazy\" decoding=\"async\" class=\"size-medium wp-image-2267 alignleft\" src=\"http:\/\/krupunder-see.de\/wp-content\/uploads\/2018\/01\/Besuch-von-Frau-Bauermeister-300x199.jpg\" alt=\"\" width=\"300\" height=\"199\" srcset=\"http:\/\/krupunder-see.de\/wp-content\/uploads\/2018\/01\/Besuch-von-Frau-Bauermeister-300x199.jpg 300w, http:\/\/krupunder-see.de\/wp-content\/uploads\/2018\/01\/Besuch-von-Frau-Bauermeister-768x510.jpg 768w, http:\/\/krupunder-see.de\/wp-content\/uploads\/2018\/01\/Besuch-von-Frau-Bauermeister.jpg 800w\" sizes=\"auto, (max-width: 300px) 100vw, 300px\" \/><\/a>Am 26.9.2017 besuchte uns Frau Bauermeister aus Halstenbek-Krupunder mit ihrem 8 Wochen alten Igel M\u00e4xchen. Wir nutzten die Chancen und stellten ihr viele Fragen \u00fcber Igel, M\u00e4xchen und die Igelaufzucht.<\/p>\n<p>M\u00e4xchen kam im Alter von einem Tag zu Frau Bauermeister. Damals wog er gerade mal 20 Gramm, inzwischen sind es dank der intensiven und liebevollen Pflege 480 Gramm. Er ist nun mit 8 Wochen im sogenannten Flegelalter.<br \/>\nEinen Tag nach unserem Treffen soll er im Igelgarten Hamburg ausgesetzt werden, um ein normales Igelleben in der Natur zu leben. Er ist jetzt kr\u00e4ftig genug um den Winterschlaf gut zu \u00fcberstehen und im n\u00e4chsten Fr\u00fchling eine kleine Familie zu gr\u00fcnden.<\/p>\n<p>Ein Igel kann allgemein bis zu 8 Jahren alt werden und bis zu 1000 Gramm wiegen. Er besitzt ca. 8000 Stacheln, die 2 cm lang werden und nachwachsen. Wie viele Tiere besitzt auch der Igel Krallen, um nach Futter zu graben. Igel besitzen einen kleinen Schwanz, der jedoch kaum zu sehen ist.<a href=\"http:\/\/krupunder-see.de\/wp-content\/uploads\/2018\/01\/Das-Stummelschwaenzchen.jpg\"><img loading=\"lazy\" decoding=\"async\" class=\"size-medium wp-image-2287 alignright\" src=\"http:\/\/krupunder-see.de\/wp-content\/uploads\/2018\/01\/Das-Stummelschwaenzchen-300x278.jpg\" alt=\"\" width=\"300\" height=\"278\" srcset=\"http:\/\/krupunder-see.de\/wp-content\/uploads\/2018\/01\/Das-Stummelschwaenzchen-300x278.jpg 300w, http:\/\/krupunder-see.de\/wp-content\/uploads\/2018\/01\/Das-Stummelschwaenzchen.jpg 753w\" sizes=\"auto, (max-width: 300px) 100vw, 300px\" \/><\/a><br \/>\nIgel sind nachtaktive Tiere und k\u00f6nnen je nach Geschlecht 3-4 km pro Nacht zur\u00fccklegen. Aufgrund ihrer Nachtaktivit\u00e4t besitzen sie einen guten H\u00f6r- und Riechsinn, jedoch einen schlechten Sehsinn.<br \/>\nDer Igel frisst in der Natur Insekten, K\u00e4fern und Regenw\u00fcrmern. Zu seinen nat\u00fcrlichen Feinden z\u00e4hlen fast alle nachtaktiven Raubtiere wie Mader, Bussarde und Eulen. Vor diesen sch\u00fctzt er sich durch Einkugeln, so dass ein Angreifer nur noch einen \u201eStachelball\u201c sieht.<\/p>\n<p>Igel machen ca. 6 Monate lang Winterschlaf. Dazu f\u00fcttern sie sich im Sommer und Herbst eine Fettschicht an, um den Winterschlaf zu \u00fcberleben und wiegen dann ca. 500-600 Gramm. Sie bauen sich in Laubhaufen Nester, indem sie sich in diesem im Kreisdrehen und sich dann mit dem R\u00fccken zum Eingang einzukugeln.<br \/>\nM\u00e4nnchen beginnen ihren Winterschlaf im Oktober, um fr\u00fcher als die Weibchen wach zu sein und sich auf die Paarung vorzubereiten. Sie wachen dann im M\u00e4rz wieder auf. Weibchen hingegen beginnen ihren Winterschlaf erst im November und wachen Anfang April auf.<br \/>\nW\u00e4hrend des Winterschlafs sinkt die K\u00f6rpertemperatur auf 5\u00b0C, der Herzschlag auf 5-6-mal pro Minute. Entsprechend wird auch die Atmung weniger. Dadurch \u00fcberleben sie so lange ohne Nahrung, erfrieren nicht und wiegen nach dem Winter ca. 150 Gramm weniger.<\/p>\n<p>Die Paarung findet je nach Wetterlage zwischen Mai und August statt. Dann kommen nach 36 Tagen Tragezeit 3-7 Igelbabys zur Welt.<br \/>\nDiese besitzen bereits weiche, wei\u00dfe Stacheln. Sie \u00f6ffnen nach 12-13 Tagen zum ersten Mal die Augen und bekommen nach 3 Wochen die ersten Z\u00e4hne unten und mit 4 Wochen oben. Igel verlassen ihre Mutter nach ca. 6 Wochen, nachdem diese ihrem Nachwuchs Futterquellen gezeigt hat.<\/p>\n<p>Frau Bauermeister ist Teil des <a href=\"http:\/\/www.igelkomitee-hamburg.de\/\">Igelkomitee Hamburg<\/a>, in dessen Rahmen sie Igel wie M\u00e4xchen aufzieht, bis sie stark genug sind, um in der Natur \u00fcberleben zu k\u00f6nnen. Im Laufe der Zeit hat sie so \u00fcber 500 Igelbabys gro\u00dfgezogen. Wichtig ist diese Arbeit, da der Igel zu den hochgesch\u00fctzten Art z\u00e4hlt und zeitweise sogar auf der Roten Liste, d.h. Arten, die vom Aussterben bedroht sind, stand. Aufgrund seines Status als hochgesch\u00fctzte Art werden Verbrechen wie Fangen, Verletzen oder T\u00f6ten von Igeln sowie Besch\u00e4digung oder Zerst\u00f6rung der Fortpflanzungs- oder Ruhest\u00e4tten mit Bu\u00dfgeldern bis 50.000\u20ac bestraft.<\/p>\n<p>Der Igelgarten, indem M\u00e4xchen und viele andere jetzt leben, kann teilweise besichtigt werden. N\u00e4here Informationen dazu auf der <a href=\"http:\/\/www.igelkomitee-hamburg.de\/\">Website des Igelkomitee Hamburg<\/a>.<\/p>\n<p>Sollten Sie im Herbst einen Igel finden, der unter 250 Gramm wiegt, sollten Sie diesen mit Katzenfutter, Igeltrockenfutter, K\u00e4se oder R\u00fchreiern f\u00fcttern und mit Wasser versorgen. Auf keinen Fall Milch geben, da dies den Tieren schadet.<br \/>\nWenden Sie bez\u00fcglich eines gefundenen Igels an das Igelkomitee.<\/p>\n<p>Autor: Julia<\/p>\n<div id=\"metaslider-id-2273\" style=\"max-width: 940px; margin: 0 auto;\" class=\"ml-slider-3-109-0 metaslider metaslider-flex metaslider-2273 ml-slider has-dots-nav ms-theme-default\" role=\"region\" aria-label=\"Igel M\u00e4xchen\" data-height=\"900\" data-width=\"940\">\n    <div id=\"metaslider_container_2273\">\n        <div id=\"metaslider_2273\">\n            <ul class='slides'>\n                <li style=\"display: block; width: 100%;\" class=\"slide-2279 ms-image \" aria-roledescription=\"slide\" data-date=\"2018-01-06 22:43:16\" data-filename=\"Besuch-von-Frau-Bauermeister.jpg\" data-slide-type=\"image\"><img loading=\"lazy\" decoding=\"async\" width=\"800\" height=\"531\" src=\"http:\/\/krupunder-see.de\/wp-content\/uploads\/2018\/01\/Besuch-von-Frau-Bauermeister.jpg\" class=\"slider-2273 slide-2279 msDefaultImage\" alt=\"\" rel=\"\" title=\"\" srcset=\"http:\/\/krupunder-see.de\/wp-content\/uploads\/2018\/01\/Besuch-von-Frau-Bauermeister.jpg 800w, http:\/\/krupunder-see.de\/wp-content\/uploads\/2018\/01\/Besuch-von-Frau-Bauermeister-300x199.jpg 300w, http:\/\/krupunder-see.de\/wp-content\/uploads\/2018\/01\/Besuch-von-Frau-Bauermeister-768x510.jpg 768w\" sizes=\"auto, (max-width: 800px) 100vw, 800px\" \/><div class=\"caption-wrap\"><div class=\"caption\">Frau Bauermeister mit unserem Team und dem Igel M\u00e4xchen.<\/div><\/div><\/li>\n                <li style=\"display: none; width: 100%;\" class=\"slide-2284 ms-image \" aria-roledescription=\"slide\" data-date=\"2018-01-06 22:52:55\" data-filename=\"Maexchen3.jpg\" data-slide-type=\"image\"><img loading=\"lazy\" decoding=\"async\" width=\"1280\" height=\"960\" src=\"http:\/\/krupunder-see.de\/wp-content\/uploads\/2018\/01\/Maexchen3.jpg\" class=\"slider-2273 slide-2284 msDefaultImage\" alt=\"\" rel=\"\" title=\"\" srcset=\"http:\/\/krupunder-see.de\/wp-content\/uploads\/2018\/01\/Maexchen3.jpg 1280w, http:\/\/krupunder-see.de\/wp-content\/uploads\/2018\/01\/Maexchen3-300x225.jpg 300w, http:\/\/krupunder-see.de\/wp-content\/uploads\/2018\/01\/Maexchen3-768x576.jpg 768w, http:\/\/krupunder-see.de\/wp-content\/uploads\/2018\/01\/Maexchen3-1024x768.jpg 1024w\" sizes=\"auto, (max-width: 1280px) 100vw, 1280px\" \/><div class=\"caption-wrap\"><div class=\"caption\">M\u00e4xchen von Vorne. Hier ist seine spitze, feuchte Schnautze gut zu erkennen.<\/div><\/div><\/li>\n                <li style=\"display: none; width: 100%;\" class=\"slide-2285 ms-image \" aria-roledescription=\"slide\" data-date=\"2018-01-06 22:53:00\" data-filename=\"Maexchen2.jpg\" data-slide-type=\"image\"><img loading=\"lazy\" decoding=\"async\" width=\"900\" height=\"597\" src=\"http:\/\/krupunder-see.de\/wp-content\/uploads\/2018\/01\/Maexchen2.jpg\" class=\"slider-2273 slide-2285 msDefaultImage\" alt=\"\" rel=\"\" title=\"\" srcset=\"http:\/\/krupunder-see.de\/wp-content\/uploads\/2018\/01\/Maexchen2.jpg 900w, http:\/\/krupunder-see.de\/wp-content\/uploads\/2018\/01\/Maexchen2-300x199.jpg 300w, http:\/\/krupunder-see.de\/wp-content\/uploads\/2018\/01\/Maexchen2-768x509.jpg 768w\" sizes=\"auto, (max-width: 900px) 100vw, 900px\" \/><div class=\"caption-wrap\"><div class=\"caption\">M\u00e4xchen von der Seite. Hier sieht man die Ohren besonders gut.<\/div><\/div><\/li>\n                <li style=\"display: none; width: 100%;\" class=\"slide-2275 ms-image \" aria-roledescription=\"slide\" data-date=\"2018-01-06 22:43:16\" data-filename=\"Igel-und-Kamera.jpg\" data-slide-type=\"image\"><img loading=\"lazy\" decoding=\"async\" width=\"1280\" height=\"960\" src=\"http:\/\/krupunder-see.de\/wp-content\/uploads\/2018\/01\/Igel-und-Kamera.jpg\" class=\"slider-2273 slide-2275 msDefaultImage\" alt=\"\" rel=\"\" title=\"\" srcset=\"http:\/\/krupunder-see.de\/wp-content\/uploads\/2018\/01\/Igel-und-Kamera.jpg 1280w, http:\/\/krupunder-see.de\/wp-content\/uploads\/2018\/01\/Igel-und-Kamera-300x225.jpg 300w, http:\/\/krupunder-see.de\/wp-content\/uploads\/2018\/01\/Igel-und-Kamera-768x576.jpg 768w, http:\/\/krupunder-see.de\/wp-content\/uploads\/2018\/01\/Igel-und-Kamera-1024x768.jpg 1024w\" sizes=\"auto, (max-width: 1280px) 100vw, 1280px\" \/><div class=\"caption-wrap\"><div class=\"caption\">Der kleine Kerl ist sehr neugierig und knabbert am Gurt der Kamera.<\/div><\/div><\/li>\n                <li style=\"display: none; width: 100%;\" class=\"slide-2276 ms-image \" aria-roledescription=\"slide\" data-date=\"2018-01-06 22:43:16\" data-filename=\"Fotogen.jpg\" data-slide-type=\"image\"><img loading=\"lazy\" decoding=\"async\" width=\"800\" height=\"531\" src=\"http:\/\/krupunder-see.de\/wp-content\/uploads\/2018\/01\/Fotogen.jpg\" class=\"slider-2273 slide-2276 msDefaultImage\" alt=\"\" rel=\"\" title=\"\" srcset=\"http:\/\/krupunder-see.de\/wp-content\/uploads\/2018\/01\/Fotogen.jpg 800w, http:\/\/krupunder-see.de\/wp-content\/uploads\/2018\/01\/Fotogen-300x199.jpg 300w, http:\/\/krupunder-see.de\/wp-content\/uploads\/2018\/01\/Fotogen-768x510.jpg 768w\" sizes=\"auto, (max-width: 800px) 100vw, 800px\" \/><div class=\"caption-wrap\"><div class=\"caption\">M\u00e4xchen ist ein sehr dankbares Fotomotiv.<\/div><\/div><\/li>\n                <li style=\"display: none; width: 100%;\" class=\"slide-2277 ms-image \" aria-roledescription=\"slide\" data-date=\"2018-01-06 22:43:16\" data-filename=\"Einschleimen.jpg\" data-slide-type=\"image\"><img loading=\"lazy\" decoding=\"async\" width=\"637\" height=\"554\" src=\"http:\/\/krupunder-see.de\/wp-content\/uploads\/2018\/01\/Einschleimen.jpg\" class=\"slider-2273 slide-2277 msDefaultImage\" alt=\"\" rel=\"\" title=\"\" srcset=\"http:\/\/krupunder-see.de\/wp-content\/uploads\/2018\/01\/Einschleimen.jpg 637w, http:\/\/krupunder-see.de\/wp-content\/uploads\/2018\/01\/Einschleimen-300x261.jpg 300w\" sizes=\"auto, (max-width: 637px) 100vw, 637px\" \/><div class=\"caption-wrap\"><div class=\"caption\">Hier schleimt M\u00e4xchen sich mit seine Spucke ein. Das hat er an diesem Nachmittag sehr h\u00e4ufig getan.<\/div><\/div><\/li>\n                <li style=\"display: none; width: 100%;\" class=\"slide-2288 ms-image \" aria-roledescription=\"slide\" data-date=\"2018-01-06 23:03:43\" data-filename=\"Das-Stummelschwaenzchen.jpg\" data-slide-type=\"image\"><img loading=\"lazy\" decoding=\"async\" width=\"753\" height=\"699\" src=\"http:\/\/krupunder-see.de\/wp-content\/uploads\/2018\/01\/Das-Stummelschwaenzchen.jpg\" class=\"slider-2273 slide-2288 msDefaultImage\" alt=\"\" rel=\"\" title=\"\" srcset=\"http:\/\/krupunder-see.de\/wp-content\/uploads\/2018\/01\/Das-Stummelschwaenzchen.jpg 753w, http:\/\/krupunder-see.de\/wp-content\/uploads\/2018\/01\/Das-Stummelschwaenzchen-300x278.jpg 300w\" sizes=\"auto, (max-width: 753px) 100vw, 753px\" \/><div class=\"caption-wrap\"><div class=\"caption\">Hier zeigt M\u00e4xchen sein Stummelschw\u00e4nzchen, welches er normalerweise unter dem Bauch versteckt.<\/div><\/div><\/li>\n            <\/ul>\n        <\/div>\n        \n    <\/div>\n<\/div>\n","protected":false},"excerpt":{"rendered":"<p>Am 26.9.2017 besuchte uns Frau Bauermeister aus Halstenbek-Krupunder mit ihrem 8 Wochen alten Igel M\u00e4xchen. Wir nutzten die Chancen und stellten ihr viele Fragen \u00fcber Igel, M\u00e4xchen und die Igelaufzucht. M\u00e4xchen kam im Alter von einem Tag zu Frau Bauermeister. &hellip; <a href=\"http:\/\/krupunder-see.de\/?page_id=2261\">Weiterlesen <span class=\"meta-nav\">&rarr;<\/span><\/a><\/p>\n","protected":false},"author":1,"featured_media":0,"parent":1141,"menu_order":0,"comment_status":"closed","ping_status":"closed","template":"","meta":{"footnotes":""},"class_list":["post-2261","page","type-page","status-publish","hentry"],"_links":{"self":[{"href":"http:\/\/krupunder-see.de\/index.php?rest_route=\/wp\/v2\/pages\/2261","targetHints":{"allow":["GET"]}}],"collection":[{"href":"http:\/\/krupunder-see.de\/index.php?rest_route=\/wp\/v2\/pages"}],"about":[{"href":"http:\/\/krupunder-see.de\/index.php?rest_route=\/wp\/v2\/types\/page"}],"author":[{"embeddable":true,"href":"http:\/\/krupunder-see.de\/index.php?rest_route=\/wp\/v2\/users\/1"}],"replies":[{"embeddable":true,"href":"http:\/\/krupunder-see.de\/index.php?rest_route=%2Fwp%2Fv2%2Fcomments&post=2261"}],"version-history":[{"count":7,"href":"http:\/\/krupunder-see.de\/index.php?rest_route=\/wp\/v2\/pages\/2261\/revisions"}],"predecessor-version":[{"id":2291,"href":"http:\/\/krupunder-see.de\/index.php?rest_route=\/wp\/v2\/pages\/2261\/revisions\/2291"}],"up":[{"embeddable":true,"href":"http:\/\/krupunder-see.de\/index.php?rest_route=\/wp\/v2\/pages\/1141"}],"wp:attachment":[{"href":"http:\/\/krupunder-see.de\/index.php?rest_route=%2Fwp%2Fv2%2Fmedia&parent=2261"}],"curies":[{"name":"wp","href":"https:\/\/api.w.org\/{rel}","templated":true}]}}