{"id":2235,"date":"2017-12-21T19:06:29","date_gmt":"2017-12-21T18:06:29","guid":{"rendered":"http:\/\/krupunder-see.de\/?page_id=2235"},"modified":"2019-02-20T14:28:23","modified_gmt":"2019-02-20T13:28:23","slug":"vereine-am-see","status":"publish","type":"page","link":"http:\/\/krupunder-see.de\/?page_id=2235","title":{"rendered":"Vereine am See"},"content":{"rendered":"<p>Mehrere Verein k\u00fcmmern sich um den Krupunder See<\/p>\n<p>Die NAJU-Gruppe Halstenbek, die diese Webseite betreibt und Naturschutzprojekte am See durchf\u00fchrt. N\u00e4heres zu dieser Gruppe erf\u00e4hrst du <a href=\"http:\/\/krupunder-see.de\/?page_id=2\">hier<\/a>.<\/p>\n<p>Die <a href=\"https:\/\/hamburg.nabu.de\/wir-ueber-uns\/stadtteilgruppen\/schenefeld-halstenbek\/index.html\">NABU-Gruppe Schenefeld\/Halstenbek<\/a>, die die NAJU-Gruppe tatkr\u00e4ftig unterst\u00fctzt.<\/p>\n<p>Die <a href=\"http:\/\/bi-krupunder-see.de\">B\u00fcrgerinitiative zur Erhaltung des Naherholungsgebietes Krupunder See e.V., <\/a>die vielf\u00e4ltige Verbesserungen am See finanziert.<\/p>\n<p>Der <a href=\"http:\/\/www.halstenbeker-sportanglerverein.net\/\">Halstenbeker Sportangelverein<\/a>, dessen Mitglieder am See angeln d\u00fcrfen.<\/p>\n","protected":false},"excerpt":{"rendered":"<p>Mehrere Verein k\u00fcmmern sich um den Krupunder See Die NAJU-Gruppe Halstenbek, die diese Webseite betreibt und Naturschutzprojekte am See durchf\u00fchrt. N\u00e4heres zu dieser Gruppe erf\u00e4hrst du hier. Die NABU-Gruppe Schenefeld\/Halstenbek, die die NAJU-Gruppe tatkr\u00e4ftig unterst\u00fctzt. Die B\u00fcrgerinitiative zur Erhaltung des &hellip; <a href=\"http:\/\/krupunder-see.de\/?page_id=2235\">Weiterlesen <span class=\"meta-nav\">&rarr;<\/span><\/a><\/p>\n","protected":false},"author":1,"featured_media":0,"parent":0,"menu_order":0,"comment_status":"closed","ping_status":"closed","template":"","meta":{"footnotes":""},"class_list":["post-2235","page","type-page","status-publish","hentry"],"_links":{"self":[{"href":"http:\/\/krupunder-see.de\/index.php?rest_route=\/wp\/v2\/pages\/2235","targetHints":{"allow":["GET"]}}],"collection":[{"href":"http:\/\/krupunder-see.de\/index.php?rest_route=\/wp\/v2\/pages"}],"about":[{"href":"http:\/\/krupunder-see.de\/index.php?rest_route=\/wp\/v2\/types\/page"}],"author":[{"embeddable":true,"href":"http:\/\/krupunder-see.de\/index.php?rest_route=\/wp\/v2\/users\/1"}],"replies":[{"embeddable":true,"href":"http:\/\/krupunder-see.de\/index.php?rest_route=%2Fwp%2Fv2%2Fcomments&post=2235"}],"version-history":[{"count":2,"href":"http:\/\/krupunder-see.de\/index.php?rest_route=\/wp\/v2\/pages\/2235\/revisions"}],"predecessor-version":[{"id":2706,"href":"http:\/\/krupunder-see.de\/index.php?rest_route=\/wp\/v2\/pages\/2235\/revisions\/2706"}],"wp:attachment":[{"href":"http:\/\/krupunder-see.de\/index.php?rest_route=%2Fwp%2Fv2%2Fmedia&parent=2235"}],"curies":[{"name":"wp","href":"https:\/\/api.w.org\/{rel}","templated":true}]}}