{"id":2209,"date":"2017-12-20T22:44:56","date_gmt":"2017-12-20T21:44:56","guid":{"rendered":"http:\/\/krupunder-see.de\/?page_id=2209"},"modified":"2017-12-21T17:45:35","modified_gmt":"2017-12-21T16:45:35","slug":"somjas-punsch","status":"publish","type":"page","link":"http:\/\/krupunder-see.de\/?page_id=2209","title":{"rendered":"Saumyas Punsch"},"content":{"rendered":"<p><strong>Zutaten:<\/strong><\/p>\n<p>2 l Holundersaft<br \/>\n1 l Apfelsaft<br \/>\n1 Liter Tee aus 5 Beuteln Fr\u00fcchtetee (z.B. Waldbeere)<br \/>\n1 Zimtstange<br \/>\nSchale und Saft einer Apfelsine<br \/>\nNach Geschmack mit Holunderbl\u00fctensirup, Honig\u00a0 oder Zucker s\u00fc\u00dfen<\/p>\n<p><strong>Anleiung:<br \/>\n<\/strong>Fr\u00fcchtetee nach Anleitung aufsetzen und ausreichen ziehen lassen<br \/>\nHolundersaft und Apfelsaft erhitzen &#8211; nicht kochen<br \/>\nZimtstange, Orangenschale und Orangensaft zugeben<br \/>\nTee zugeben und die Fl\u00fcssigkeit auf ganz niedriger Temperatur ca. 15 Minuten ziehen lassen<\/p>\n","protected":false},"excerpt":{"rendered":"<p>Zutaten: 2 l Holundersaft 1 l Apfelsaft 1 Liter Tee aus 5 Beuteln Fr\u00fcchtetee (z.B. Waldbeere) 1 Zimtstange Schale und Saft einer Apfelsine Nach Geschmack mit Holunderbl\u00fctensirup, Honig\u00a0 oder Zucker s\u00fc\u00dfen Anleiung: Fr\u00fcchtetee nach Anleitung aufsetzen und ausreichen ziehen lassen &hellip; <a href=\"http:\/\/krupunder-see.de\/?page_id=2209\">Weiterlesen <span class=\"meta-nav\">&rarr;<\/span><\/a><\/p>\n","protected":false},"author":1,"featured_media":0,"parent":0,"menu_order":0,"comment_status":"closed","ping_status":"closed","template":"","meta":{"footnotes":""},"class_list":["post-2209","page","type-page","status-publish","hentry"],"_links":{"self":[{"href":"http:\/\/krupunder-see.de\/index.php?rest_route=\/wp\/v2\/pages\/2209","targetHints":{"allow":["GET"]}}],"collection":[{"href":"http:\/\/krupunder-see.de\/index.php?rest_route=\/wp\/v2\/pages"}],"about":[{"href":"http:\/\/krupunder-see.de\/index.php?rest_route=\/wp\/v2\/types\/page"}],"author":[{"embeddable":true,"href":"http:\/\/krupunder-see.de\/index.php?rest_route=\/wp\/v2\/users\/1"}],"replies":[{"embeddable":true,"href":"http:\/\/krupunder-see.de\/index.php?rest_route=%2Fwp%2Fv2%2Fcomments&post=2209"}],"version-history":[{"count":2,"href":"http:\/\/krupunder-see.de\/index.php?rest_route=\/wp\/v2\/pages\/2209\/revisions"}],"predecessor-version":[{"id":2224,"href":"http:\/\/krupunder-see.de\/index.php?rest_route=\/wp\/v2\/pages\/2209\/revisions\/2224"}],"wp:attachment":[{"href":"http:\/\/krupunder-see.de\/index.php?rest_route=%2Fwp%2Fv2%2Fmedia&parent=2209"}],"curies":[{"name":"wp","href":"https:\/\/api.w.org\/{rel}","templated":true}]}}