{"id":2166,"date":"2017-12-05T17:24:27","date_gmt":"2017-12-05T16:24:27","guid":{"rendered":"http:\/\/krupunder-see.de\/?page_id=2166"},"modified":"2017-12-20T20:12:09","modified_gmt":"2017-12-20T19:12:09","slug":"retzpte-mit-holunderbluetensirup","status":"publish","type":"page","link":"http:\/\/krupunder-see.de\/?page_id=2166","title":{"rendered":"Erdbeersaft mit Holunderbl\u00fctensirup"},"content":{"rendered":"<p>ZUTATEN:<\/p>\n<p>1250g\u00a0\u00a0\u00a0\u00a0\u00a0\u00a0\u00a0\u00a0\u00a0\u00a0\u00a0\u00a0\u00a0\u00a0\u00a0\u00a0\u00a0\u00a0\u00a0\u00a0\u00a0 Erdbeeren<\/p>\n<p>100g\u00a0\u00a0\u00a0\u00a0\u00a0\u00a0\u00a0\u00a0\u00a0\u00a0\u00a0\u00a0\u00a0\u00a0\u00a0\u00a0\u00a0\u00a0\u00a0\u00a0\u00a0\u00a0\u00a0 Zucker<\/p>\n<p>150ml\u00a0\u00a0\u00a0\u00a0\u00a0\u00a0\u00a0\u00a0\u00a0\u00a0\u00a0\u00a0\u00a0\u00a0\u00a0\u00a0\u00a0\u00a0\u00a0\u00a0 Holunderbl\u00fctensirup<\/p>\n<p>1Liter\u00a0\u00a0\u00a0\u00a0\u00a0\u00a0\u00a0\u00a0\u00a0\u00a0\u00a0\u00a0\u00a0\u00a0\u00a0\u00a0\u00a0\u00a0\u00a0\u00a0 Mineralwasser<\/p>\n<p>2\u00a0\u00a0\u00a0\u00a0\u00a0\u00a0\u00a0\u00a0\u00a0\u00a0\u00a0\u00a0\u00a0\u00a0\u00a0\u00a0\u00a0\u00a0\u00a0\u00a0\u00a0\u00a0\u00a0\u00a0\u00a0\u00a0\u00a0\u00a0 gro\u00dfe Erdbeeren<\/p>\n<p>&nbsp;<\/p>\n<p>&nbsp;<\/p>\n<p>ZUBEREITUNG:<\/p>\n<p>Arbeitszeit ca. 15 Min.\/Schwierigkeitsgad: Normal\/Kalorien p. P.: keine Angabe<\/p>\n<p>Einige Erdbeeren beiseite legen.<\/p>\n<p>Restliche Erdbeeren putzen, kurz waschen und trocken tupfen. Erdbeeren in St\u00fccke schneiden, mit Zucker und Holundersirup vermischen und mit einem Stabmixer p\u00fcrieren. Fr\u00fcchtep\u00fcree durch ein Sieb streichen und kalt stellen.<br \/>\nDie Erdbeeren in Scheiben schneiden. Mineralwasser mit dem Fr\u00fcchtep\u00fcree verr\u00fchren, in Gl\u00e4ser gie\u00dfen und mit Erdbeerscheiben garnieren.<\/p>\n","protected":false},"excerpt":{"rendered":"<p>ZUTATEN: 1250g\u00a0\u00a0\u00a0\u00a0\u00a0\u00a0\u00a0\u00a0\u00a0\u00a0\u00a0\u00a0\u00a0\u00a0\u00a0\u00a0\u00a0\u00a0\u00a0\u00a0\u00a0 Erdbeeren 100g\u00a0\u00a0\u00a0\u00a0\u00a0\u00a0\u00a0\u00a0\u00a0\u00a0\u00a0\u00a0\u00a0\u00a0\u00a0\u00a0\u00a0\u00a0\u00a0\u00a0\u00a0\u00a0\u00a0 Zucker 150ml\u00a0\u00a0\u00a0\u00a0\u00a0\u00a0\u00a0\u00a0\u00a0\u00a0\u00a0\u00a0\u00a0\u00a0\u00a0\u00a0\u00a0\u00a0\u00a0\u00a0 Holunderbl\u00fctensirup 1Liter\u00a0\u00a0\u00a0\u00a0\u00a0\u00a0\u00a0\u00a0\u00a0\u00a0\u00a0\u00a0\u00a0\u00a0\u00a0\u00a0\u00a0\u00a0\u00a0\u00a0 Mineralwasser 2\u00a0\u00a0\u00a0\u00a0\u00a0\u00a0\u00a0\u00a0\u00a0\u00a0\u00a0\u00a0\u00a0\u00a0\u00a0\u00a0\u00a0\u00a0\u00a0\u00a0\u00a0\u00a0\u00a0\u00a0\u00a0\u00a0\u00a0\u00a0 gro\u00dfe Erdbeeren &nbsp; &nbsp; ZUBEREITUNG: Arbeitszeit ca. 15 Min.\/Schwierigkeitsgad: Normal\/Kalorien p. P.: keine Angabe Einige Erdbeeren beiseite legen. Restliche Erdbeeren putzen, kurz waschen und trocken tupfen. Erdbeeren in St\u00fccke schneiden, &hellip; <a href=\"http:\/\/krupunder-see.de\/?page_id=2166\">Weiterlesen <span class=\"meta-nav\">&rarr;<\/span><\/a><\/p>\n","protected":false},"author":36,"featured_media":0,"parent":0,"menu_order":0,"comment_status":"closed","ping_status":"closed","template":"","meta":{"footnotes":""},"class_list":["post-2166","page","type-page","status-publish","hentry"],"_links":{"self":[{"href":"http:\/\/krupunder-see.de\/index.php?rest_route=\/wp\/v2\/pages\/2166","targetHints":{"allow":["GET"]}}],"collection":[{"href":"http:\/\/krupunder-see.de\/index.php?rest_route=\/wp\/v2\/pages"}],"about":[{"href":"http:\/\/krupunder-see.de\/index.php?rest_route=\/wp\/v2\/types\/page"}],"author":[{"embeddable":true,"href":"http:\/\/krupunder-see.de\/index.php?rest_route=\/wp\/v2\/users\/36"}],"replies":[{"embeddable":true,"href":"http:\/\/krupunder-see.de\/index.php?rest_route=%2Fwp%2Fv2%2Fcomments&post=2166"}],"version-history":[{"count":4,"href":"http:\/\/krupunder-see.de\/index.php?rest_route=\/wp\/v2\/pages\/2166\/revisions"}],"predecessor-version":[{"id":2185,"href":"http:\/\/krupunder-see.de\/index.php?rest_route=\/wp\/v2\/pages\/2166\/revisions\/2185"}],"wp:attachment":[{"href":"http:\/\/krupunder-see.de\/index.php?rest_route=%2Fwp%2Fv2%2Fmedia&parent=2166"}],"curies":[{"name":"wp","href":"https:\/\/api.w.org\/{rel}","templated":true}]}}