{"id":2076,"date":"2017-05-30T16:50:29","date_gmt":"2017-05-30T15:50:29","guid":{"rendered":"http:\/\/krupunder-see.de\/?page_id=2076"},"modified":"2017-05-30T16:50:29","modified_gmt":"2017-05-30T15:50:29","slug":"gefleckte-taubnessel","status":"publish","type":"page","link":"http:\/\/krupunder-see.de\/?page_id=2076","title":{"rendered":"Gefleckte Taubnessel"},"content":{"rendered":"<p><a href=\"http:\/\/krupunder-see.de\/wp-content\/uploads\/2017\/05\/Bluete-Taubnessel.bmp\"><img loading=\"lazy\" decoding=\"async\" class=\"wp-image-2084 alignleft\" src=\"http:\/\/krupunder-see.de\/wp-content\/uploads\/2017\/05\/Bluete-Taubnessel.bmp\" alt=\"\" width=\"238\" height=\"192\" \/><\/a>Die gefleckte Taubnessel geh\u00f6rt zur Gattung der Taubnesseln, zur Familie der Lippenbl\u00fctengew\u00e4chse, ist aber nicht mit der Brennnessel verwandt. Sie k\u00f6nnen bis zu 80 cm hoch wachsen und haben Lippenbl\u00fcten und eine Klausenfrucht. Normalerweise verbreitet sich diese Pflanze \u00fcber &#8222;Ameisenausbreitung&#8220; wobei die Klausen von Ameisen verschleppt werden. Die Selbstausbreitung ist ebenfalls m\u00f6glich. <a href=\"http:\/\/krupunder-see.de\/wp-content\/uploads\/2017\/05\/Gefleckte-Taubnessel.jpg\"><img loading=\"lazy\" decoding=\"async\" class=\"size-medium wp-image-2085 aligncenter\" src=\"http:\/\/krupunder-see.de\/wp-content\/uploads\/2017\/05\/Gefleckte-Taubnessel-300x199.jpg\" alt=\"\" width=\"300\" height=\"199\" srcset=\"http:\/\/krupunder-see.de\/wp-content\/uploads\/2017\/05\/Gefleckte-Taubnessel-300x199.jpg 300w, http:\/\/krupunder-see.de\/wp-content\/uploads\/2017\/05\/Gefleckte-Taubnessel-768x510.jpg 768w, http:\/\/krupunder-see.de\/wp-content\/uploads\/2017\/05\/Gefleckte-Taubnessel-1024x680.jpg 1024w\" sizes=\"auto, (max-width: 300px) 100vw, 300px\" \/><\/a><\/p>\n","protected":false},"excerpt":{"rendered":"<p>Die gefleckte Taubnessel geh\u00f6rt zur Gattung der Taubnesseln, zur Familie der Lippenbl\u00fctengew\u00e4chse, ist aber nicht mit der Brennnessel verwandt. Sie k\u00f6nnen bis zu 80 cm hoch wachsen und haben Lippenbl\u00fcten und eine Klausenfrucht. Normalerweise verbreitet sich diese Pflanze \u00fcber &#8222;Ameisenausbreitung&#8220; &hellip; <a href=\"http:\/\/krupunder-see.de\/?page_id=2076\">Weiterlesen <span class=\"meta-nav\">&rarr;<\/span><\/a><\/p>\n","protected":false},"author":36,"featured_media":0,"parent":0,"menu_order":0,"comment_status":"closed","ping_status":"closed","template":"","meta":{"footnotes":""},"class_list":["post-2076","page","type-page","status-publish","hentry"],"_links":{"self":[{"href":"http:\/\/krupunder-see.de\/index.php?rest_route=\/wp\/v2\/pages\/2076","targetHints":{"allow":["GET"]}}],"collection":[{"href":"http:\/\/krupunder-see.de\/index.php?rest_route=\/wp\/v2\/pages"}],"about":[{"href":"http:\/\/krupunder-see.de\/index.php?rest_route=\/wp\/v2\/types\/page"}],"author":[{"embeddable":true,"href":"http:\/\/krupunder-see.de\/index.php?rest_route=\/wp\/v2\/users\/36"}],"replies":[{"embeddable":true,"href":"http:\/\/krupunder-see.de\/index.php?rest_route=%2Fwp%2Fv2%2Fcomments&post=2076"}],"version-history":[{"count":2,"href":"http:\/\/krupunder-see.de\/index.php?rest_route=\/wp\/v2\/pages\/2076\/revisions"}],"predecessor-version":[{"id":2087,"href":"http:\/\/krupunder-see.de\/index.php?rest_route=\/wp\/v2\/pages\/2076\/revisions\/2087"}],"wp:attachment":[{"href":"http:\/\/krupunder-see.de\/index.php?rest_route=%2Fwp%2Fv2%2Fmedia&parent=2076"}],"curies":[{"name":"wp","href":"https:\/\/api.w.org\/{rel}","templated":true}]}}