{"id":1913,"date":"2018-01-16T17:59:54","date_gmt":"2018-01-16T16:59:54","guid":{"rendered":"http:\/\/krupunder-see.de\/?page_id=1913"},"modified":"2018-01-27T15:49:48","modified_gmt":"2018-01-27T14:49:48","slug":"das-eichhoernchen","status":"publish","type":"page","link":"http:\/\/krupunder-see.de\/?page_id=1913","title":{"rendered":"Das Eichh\u00f6rnchen"},"content":{"rendered":"<p style=\"text-align: left;\"><a style=\"text-align: left;\" href=\"http:\/\/krupunder-see.de\/wp-content\/uploads\/2018\/01\/E1_pixa.jpg\"><img loading=\"lazy\" decoding=\"async\" class=\" wp-image-2302 alignleft\" src=\"http:\/\/krupunder-see.de\/wp-content\/uploads\/2018\/01\/E1_pixa-300x264.jpg\" alt=\"\" width=\"362\" height=\"318\" srcset=\"http:\/\/krupunder-see.de\/wp-content\/uploads\/2018\/01\/E1_pixa-300x264.jpg 300w, http:\/\/krupunder-see.de\/wp-content\/uploads\/2018\/01\/E1_pixa.jpg 386w\" sizes=\"auto, (max-width: 362px) 100vw, 362px\" \/><\/a><\/p>\n<p style=\"text-align: left;\">Steckbrief:<\/p>\n<p style=\"text-align: left;\">Gewicht: etwa so schwer wie drei \u00c4pfel<\/p>\n<p style=\"text-align: left;\">Alter: bis 10 Jahre<\/p>\n<p style=\"text-align: left;\"><strong>Schwanz:<\/strong> Die Eichh\u00f6rnchen nutzen den Schwanz zum Steuern in der Luft. Er wird aber auch zur Kommunikation eingesetzt. Wenn das H\u00f6rnchen aufgeregt ist, f\u00e4ngt der Schwanz an zu zittern. Au\u00dferdem dient er im Sommer als Schattenspender und im Winter als Decke.<\/p>\n<p style=\"text-align: left;\"><strong>Beine:<\/strong> Die Eichh\u00f6rnchen haben vorne und hinten unterschiedlich viele Zehen: vorne 5 und hinten 4. Mit den Vorderf\u00fc\u00dfen ist es sehr geschickt und setzt die kr\u00e4ftigen Pfoten mit den scharfen Krallen manchmal wie H\u00e4nde ein. Es kann sich damit aber auch prima an Rinde oder Hausw\u00e4nden festhalten und so kopf\u00fcber klettern.<br \/>\nMit den starken Hinterbeinen kann es bis zu 5 Meter weit springen und bei der Landung dienen die ausgestreckten Vorderbeine als Sto\u00dfd\u00e4mpfer.<\/p>\n<p style=\"text-align: left;\"><strong>Alter:<\/strong> 75% der H\u00f6rnchen sterben im ersten Lebensjahr, so da\u00df die durchschnittliche Lebenserwartung lediglich 3 Jahre betr\u00e4gt. Tats\u00e4chlich k\u00f6nnen erfahrene Tiere aber bis zu 10 Jahre alt werden. Oder wie es unsere Redakteure formulierten: &#8222;3 von 4 Eichh\u00f6rnchen sterben im erstem Lebensjahr. Das Letzte lebt wahrscheinlich bis zu 10 Jahre&#8220;.<\/p>\n<p style=\"text-align: left;\"><strong>Feinde:<\/strong> Die Feinde der Eichh\u00f6rnchen sind haupts\u00e4chlich Marder und Greifv\u00f6gel, aber auch Katzen k\u00f6nnen gef\u00e4hrlich werden. Ein weitere Gefahr f\u00fcr den Bestand an heimischen &#8211; meist r\u00f6tlich gef\u00e4rbeten &#8211; Eichh\u00f6rnchen sind die Grauh\u00f6rnchen, die in England und Italien ausgesetzt wurden und sich von dort verbreiten. Da sie robuster und sehr anpassungsf\u00e4hig sind, verdr\u00e4ngen sie das heimische Eichh\u00f6rnchen. Leider tragen sie auch h\u00e4ufig eine Virus in sich, der f\u00fcr die Grauh\u00f6rnchen selber ungef\u00e4hrlich, f\u00fcr unsere Eichh\u00f6rnchen aber meist t\u00f6tlich ist. In England sind die Eichh\u00f6rnchen bereits vollst\u00e4ndig verdr\u00e4ngt und auch in Italen ist der Bestand sehr stark zur\u00fcckgegangen. Von dort besteht die Gefahr, dass sich die Grauh\u00f6rnchen langsam nach Norden ausbreiten. Bisher gibt es aber keine Grauh\u00f6rnchen in Norden Deutschlands; H\u00f6rnchen mit grauem Fell sind hier immer anders gef\u00e4rbte einheimische Eichh\u00f6rnchen.<br \/>\nEin weitere Feind ist nat\u00fcrlich der Mensch, der durch F\u00e4llen von alten, Samen produzierenden B\u00e4umen dem Eichh\u00f6rnchen die Nahrungsgrundlage und den Lebensraum entzieht.<\/p>\n<p style=\"text-align: left;\"><a href=\"http:\/\/krupunder-see.de\/wp-content\/uploads\/2018\/01\/E7_pixa.jpg\"><img loading=\"lazy\" decoding=\"async\" class=\"wp-image-2307 alignright\" src=\"http:\/\/krupunder-see.de\/wp-content\/uploads\/2018\/01\/E7_pixa-300x200.jpg\" alt=\"\" width=\"378\" height=\"252\" srcset=\"http:\/\/krupunder-see.de\/wp-content\/uploads\/2018\/01\/E7_pixa-300x200.jpg 300w, http:\/\/krupunder-see.de\/wp-content\/uploads\/2018\/01\/E7_pixa-768x512.jpg 768w, http:\/\/krupunder-see.de\/wp-content\/uploads\/2018\/01\/E7_pixa.jpg 960w\" sizes=\"auto, (max-width: 378px) 100vw, 378px\" \/><\/a><strong>Nahrung:<\/strong> Die Eichh\u00f6rnchen fressen Haseln\u00fcsse,Waln\u00fcsse, Beeren, Baumsamen und selten Vogeleier oder Jungv\u00f6gel. Im Herbst und fr\u00fchen Winter findet es reichlich Nahrung, da z. B. die Tannenzapften als Lieblingsspeise reichlich vorhanden sind. Vorsichtshalber versteckt das Eichh\u00f6rnchen aber in seinem Revier auch Nahrung, die es mit Hilfe seines sehr guten Geruchssinns wiederfindet &#8211; oder auch nicht. Dann unterst\u00fctzt das Eichh\u00f6rnchen die Verbreitung von B\u00e4umen auch au\u00dferhalb der direkten Umgebung einer Pflanze. Die Gartenbesitzer k\u00f6nnen ein Lied davon singen, wenn im Fr\u00fchjahr die eine oder andere Eiche oder ein Walnussbaum sprie\u00dft, obwohl keine dieser Pflanzen in der N\u00e4he ist.<br \/>\nM\u00fcssen Eichh\u00f6rnchen gef\u00fcttert werden: Eigentlich nicht &#8211; aber wenn, dann macht es tats\u00e4chlich im Sommer mehr Sinn, als im Winter. Denn dann sind die kalorienreichen Samen und N\u00fcsse nicht mehr so reichlich verf\u00fcgbar. Du kannst dem Eichh\u00f6rnchen dann gerne Haseln\u00fcsse oder Waln\u00fcsse hinlegen. Stelle etwas Wasser dazu, denn daran mangelt es dem H\u00f6rnchen h\u00e4ufig.<\/p>\n<div style=\"width: 417px\" class=\"wp-caption alignleft\"><img loading=\"lazy\" decoding=\"async\" class=\"mw-mmv-final-image jpg mw-mmv-dialog-is-open\" src=\"https:\/\/upload.wikimedia.org\/wikipedia\/commons\/thumb\/f\/fa\/Nid_d%27%C3%A9cureuil_roux.JPG\/1280px-Nid_d%27%C3%A9cureuil_roux.JPG\" alt=\"\" width=\"407\" height=\"326\" crossorigin=\"anonymous\" \/><p class=\"wp-caption-text\">Foto: Mathieu Giraudeau, CC BY-SA 3.0, via Wikimedia Commons<\/p><\/div>\n<p style=\"text-align: left;\"><strong>Wohnen:<\/strong> Das Eichh\u00f6rnchen baut seine &#8222;Kobel&#8220; genannten Nester in etwa 6 Meter H\u00f6he in den B\u00e4umen. Die Nester haben oft ein Notausgang, was insbesondere als Schutz gegen den Baummarder sinnvoll ist. H\u00e4ufig benutzen die Tiere mehrere Kobel f\u00fcr unterschiedliche Zwecke. So ist der Winterkobel besonders gut ausgepolstert. Darin rollt sich das Eichh\u00f6rnchen ein, wobei der Schwanz als Decke dient. Es h\u00e4lt nicht wirklich Winterschlaf, verl\u00e4sst den Kobel aber nur zum Fressen.<\/p>\n<p style=\"text-align: left;\"><strong>Nachwuchs:<\/strong> Die Eichh\u00f6rnchenweibchen suchen sich am Ende des Winters einen Partner. Dann sieht zweich H\u00f6rnchen in rasanter Geschwindigkeit durch die B\u00e4ume und an Hausw\u00e4nden hochjagen. Nach einer Tragezeit von 4 Wochen kommen etwa 5 Junge zur Welt und werden in einem Wurfkobel gro\u00dfgezogen. Nach 8 Wochen verlassen sie den Kobel mit der Mutter und lernen in den n\u00e4chsten Monaten von ihr, wo es Fressen gibt und vor welchen Feinden man sich h\u00fcten muss. Nach 8 Monaten sind sie dann auf sich gestellt.<\/p>\n<p style=\"text-align: left;\">Fotos: pixabay<\/p>\n<p style=\"text-align: left;\">Autoren: Lasse und Ben<\/p>\n<p style=\"text-align: left;\">Hier gibt es noch mehr Informationen \u00fcber das Eichh\u00f6rnchen<\/p>\n<p><a href=\"http:\/\/eichhoernchen-ratgeber.de\/\" target=\"_blank\" rel=\"noopener noreferrer\">http:\/\/eichhoernchen-ratgeber.de\/<\/a><\/p>\n<p><a href=\"http:\/\/www.tierchenwelt.de\/nagetiere\/657-eichhoernchen.html\" target=\"_blank\" rel=\"noopener noreferrer\">http:\/\/www.tierchenwelt.de\/nagetiere\/657-eichhoernchen.html<\/a><\/p>\n<p><a href=\"https:\/\/www.deutschewildtierstiftung.de\/wildtiere\/eichhoernchen\" target=\"_blank\" rel=\"noopener noreferrer\">https:\/\/www.deutschewildtierstiftung.de\/wildtiere\/eichhoernchen<\/a><\/p>\n","protected":false},"excerpt":{"rendered":"<p>Steckbrief: Gewicht: etwa so schwer wie drei \u00c4pfel Alter: bis 10 Jahre Schwanz: Die Eichh\u00f6rnchen nutzen den Schwanz zum Steuern in der Luft. Er wird aber auch zur Kommunikation eingesetzt. Wenn das H\u00f6rnchen aufgeregt ist, f\u00e4ngt der Schwanz an zu &hellip; <a href=\"http:\/\/krupunder-see.de\/?page_id=1913\">Weiterlesen <span class=\"meta-nav\">&rarr;<\/span><\/a><\/p>\n","protected":false},"author":1,"featured_media":0,"parent":1803,"menu_order":1,"comment_status":"closed","ping_status":"closed","template":"","meta":{"footnotes":""},"class_list":["post-1913","page","type-page","status-publish","hentry"],"_links":{"self":[{"href":"http:\/\/krupunder-see.de\/index.php?rest_route=\/wp\/v2\/pages\/1913","targetHints":{"allow":["GET"]}}],"collection":[{"href":"http:\/\/krupunder-see.de\/index.php?rest_route=\/wp\/v2\/pages"}],"about":[{"href":"http:\/\/krupunder-see.de\/index.php?rest_route=\/wp\/v2\/types\/page"}],"author":[{"embeddable":true,"href":"http:\/\/krupunder-see.de\/index.php?rest_route=\/wp\/v2\/users\/1"}],"replies":[{"embeddable":true,"href":"http:\/\/krupunder-see.de\/index.php?rest_route=%2Fwp%2Fv2%2Fcomments&post=1913"}],"version-history":[{"count":16,"href":"http:\/\/krupunder-see.de\/index.php?rest_route=\/wp\/v2\/pages\/1913\/revisions"}],"predecessor-version":[{"id":2380,"href":"http:\/\/krupunder-see.de\/index.php?rest_route=\/wp\/v2\/pages\/1913\/revisions\/2380"}],"up":[{"embeddable":true,"href":"http:\/\/krupunder-see.de\/index.php?rest_route=\/wp\/v2\/pages\/1803"}],"wp:attachment":[{"href":"http:\/\/krupunder-see.de\/index.php?rest_route=%2Fwp%2Fv2%2Fmedia&parent=1913"}],"curies":[{"name":"wp","href":"https:\/\/api.w.org\/{rel}","templated":true}]}}