{"id":1803,"date":"2016-09-08T06:58:35","date_gmt":"2016-09-08T05:58:35","guid":{"rendered":"http:\/\/krupunder-see.de\/?page_id=1803"},"modified":"2016-09-08T06:58:35","modified_gmt":"2016-09-08T05:58:35","slug":"saeugetiere","status":"publish","type":"page","link":"http:\/\/krupunder-see.de\/?page_id=1803","title":{"rendered":"S\u00e4ugetiere"},"content":{"rendered":"<p>Hier findest du Informationen \u00fcber die am See lebenden S\u00e4ugetiere. Leider sind diese sehr schwer zu fotografieren, so dass die Fotos in diesem Bereich \u00fcberwiegend aus anderen Quellen stammen. Ausgenommen davon sind die Bilder mit den Babyigeln.<\/p>\n<p><a href=\"http:\/\/krupunder-see.de\/?page_id=1141\">Igel<\/a><\/p>\n","protected":false},"excerpt":{"rendered":"<p>Hier findest du Informationen \u00fcber die am See lebenden S\u00e4ugetiere. Leider sind diese sehr schwer zu fotografieren, so dass die Fotos in diesem Bereich \u00fcberwiegend aus anderen Quellen stammen. Ausgenommen davon sind die Bilder mit den Babyigeln. Igel<\/p>\n","protected":false},"author":1,"featured_media":0,"parent":0,"menu_order":0,"comment_status":"closed","ping_status":"closed","template":"","meta":{"footnotes":""},"class_list":["post-1803","page","type-page","status-publish","hentry"],"_links":{"self":[{"href":"http:\/\/krupunder-see.de\/index.php?rest_route=\/wp\/v2\/pages\/1803","targetHints":{"allow":["GET"]}}],"collection":[{"href":"http:\/\/krupunder-see.de\/index.php?rest_route=\/wp\/v2\/pages"}],"about":[{"href":"http:\/\/krupunder-see.de\/index.php?rest_route=\/wp\/v2\/types\/page"}],"author":[{"embeddable":true,"href":"http:\/\/krupunder-see.de\/index.php?rest_route=\/wp\/v2\/users\/1"}],"replies":[{"embeddable":true,"href":"http:\/\/krupunder-see.de\/index.php?rest_route=%2Fwp%2Fv2%2Fcomments&post=1803"}],"version-history":[{"count":1,"href":"http:\/\/krupunder-see.de\/index.php?rest_route=\/wp\/v2\/pages\/1803\/revisions"}],"predecessor-version":[{"id":1805,"href":"http:\/\/krupunder-see.de\/index.php?rest_route=\/wp\/v2\/pages\/1803\/revisions\/1805"}],"wp:attachment":[{"href":"http:\/\/krupunder-see.de\/index.php?rest_route=%2Fwp%2Fv2%2Fmedia&parent=1803"}],"curies":[{"name":"wp","href":"https:\/\/api.w.org\/{rel}","templated":true}]}}