{"id":1796,"date":"2016-09-07T22:14:50","date_gmt":"2016-09-07T21:14:50","guid":{"rendered":"http:\/\/krupunder-see.de\/?page_id=1796"},"modified":"2018-05-21T09:55:22","modified_gmt":"2018-05-21T08:55:22","slug":"lebensraeume","status":"publish","type":"page","link":"http:\/\/krupunder-see.de\/?page_id=1796","title":{"rendered":"Lebensr\u00e4ume"},"content":{"rendered":"<p>Der Krupunder See zeichnet sich durch eine gro\u00dfe Vielfalt verschiedener Lebensr\u00e4ume aus.<\/p>\n<ul>\n<li>See<\/li>\n<li>Uferzone<\/li>\n<li>Flachwasserzone<\/li>\n<li>kleiner Buchenwald<\/li>\n<li>Totholz<\/li>\n<li>Knick \/ Hecke<\/li>\n<li><a href=\"http:\/\/krupunder-see.de\/?page_id=1663\">Wiese<\/a><\/li>\n<\/ul>\n<p>&nbsp;<\/p>\n","protected":false},"excerpt":{"rendered":"<p>Der Krupunder See zeichnet sich durch eine gro\u00dfe Vielfalt verschiedener Lebensr\u00e4ume aus. See Uferzone Flachwasserzone kleiner Buchenwald Totholz Knick \/ Hecke Wiese &nbsp;<\/p>\n","protected":false},"author":1,"featured_media":0,"parent":0,"menu_order":0,"comment_status":"closed","ping_status":"closed","template":"","meta":{"footnotes":""},"class_list":["post-1796","page","type-page","status-publish","hentry"],"_links":{"self":[{"href":"http:\/\/krupunder-see.de\/index.php?rest_route=\/wp\/v2\/pages\/1796","targetHints":{"allow":["GET"]}}],"collection":[{"href":"http:\/\/krupunder-see.de\/index.php?rest_route=\/wp\/v2\/pages"}],"about":[{"href":"http:\/\/krupunder-see.de\/index.php?rest_route=\/wp\/v2\/types\/page"}],"author":[{"embeddable":true,"href":"http:\/\/krupunder-see.de\/index.php?rest_route=\/wp\/v2\/users\/1"}],"replies":[{"embeddable":true,"href":"http:\/\/krupunder-see.de\/index.php?rest_route=%2Fwp%2Fv2%2Fcomments&post=1796"}],"version-history":[{"count":3,"href":"http:\/\/krupunder-see.de\/index.php?rest_route=\/wp\/v2\/pages\/1796\/revisions"}],"predecessor-version":[{"id":2541,"href":"http:\/\/krupunder-see.de\/index.php?rest_route=\/wp\/v2\/pages\/1796\/revisions\/2541"}],"wp:attachment":[{"href":"http:\/\/krupunder-see.de\/index.php?rest_route=%2Fwp%2Fv2%2Fmedia&parent=1796"}],"curies":[{"name":"wp","href":"https:\/\/api.w.org\/{rel}","templated":true}]}}