{"id":1792,"date":"2016-09-07T22:04:42","date_gmt":"2016-09-07T21:04:42","guid":{"rendered":"http:\/\/krupunder-see.de\/?page_id=1792"},"modified":"2021-11-16T22:55:35","modified_gmt":"2021-11-16T21:55:35","slug":"insekten","status":"publish","type":"page","link":"http:\/\/krupunder-see.de\/?page_id=1792","title":{"rendered":"Insekten"},"content":{"rendered":"<p>Auf diesen Seiten m\u00f6chten wir euch die Welt der Insekten n\u00e4herbringen. Manche dieser Tiere &#8211; z.B. die Schaben &#8211; hat es schon lange vor den Dinosauriern gegeben und sie haben sich seitdem nicht nennenswert ge\u00e4ndert. Sie sind also recht robust. Andere Insekten reagieren sehr stark auf Ver\u00e4nderungen in ihrer Umgebung und sind daher ein guter Indikator f\u00fcr den Zustand der sie umgebenden Natur.&nbsp; Pflanzen dienen ihnen h\u00e4ufig als Nahrung und \/ oder Brutst\u00e4tte. Eine Ver\u00e4nderung in der Pflanzenwelt hat unmittelbare Auswirkung auf die Anzahl und die Zusammensetzung der Insektenwelt.<\/p>\n<p>Mit der Patenschaft f\u00fcr die Wiese am Seegrabenweg m\u00f6chte unser Verein dazu beitragen, dass es wieder eine gr\u00f6\u00dfere Artenvielfalt bei den Insekten am See gibt. Die Landschaftsform Wiese stellt mit ihrem Bl\u00fctenreichtum eine besonders attraktive Umgebung f\u00fcr Insekten dar. Da Wiesen kaum noch landwirtschaftlichen Wert haben, sind die entsprechenden Fl\u00e4chen starkt zur\u00fcckgegangen und damit leider auch die Insekten. Fr\u00fcher &#8211; die \u00e4lteren Leser werden sich erinnern &#8211; hatte man im Sommer st\u00e4ndig mit Insekten auf der Windschutzscheibe zu k\u00e4mpfen. Heute kennt man dieses Problem kaum noch. Zahlreiche Insektenarten stehen auf der roten Liste oder sind bereits ausgestorben.<\/p>\n<p>Warum braucht man die Insekten? Sie sehen meist nicht sonderlich h\u00fcbsch aus (das Federgeistchen mal ausgenommen) und manche k\u00f6nnen auch ziemlich l\u00e4stig werden. Sie sind aber Nahrung f\u00fcr unsere Singv\u00f6gel und der starke R\u00fcckgang dieser V\u00f6gel in unserer Region ist zu einem betr\u00e4chtlichen Teil auf die verringerte Zahl der Insekten zur\u00fcckzuf\u00fchren.<\/p>\n<p>Ma\u00dfnahmen zum Insektenschutz:<\/p>\n<ul>\n<li>Anlage von Blumenwiesen oder kleineren, wiesen\u00e4hnlichen Streifen<\/li>\n<li>Pflanzung von einheimischen Str\u00e4uchern, B\u00e4umen und Stauden, die als Nahrung f\u00fcr unsere Insekten geeignet sind. Viele nichtheimische Pflanzenarten k\u00f6nnen von unseren Insekten nicht als Nahrungsquelle genutzt werden.<\/li>\n<li>Keine Laubbl\u00e4ser! Viele Insekten \u00fcberwintern im Laub der B\u00e4ume, das durch Kompostierung W\u00e4rme entwickelt. In leergefegten G\u00e4rten verschwinden die Insekten und damit die Singv\u00f6gel. Harke das Laub einfach am Rand des Gartens zusammen und lasse es den Winter \u00fcber verroten. Du kannst den ganzen Winter \u00fcber V\u00f6gel beobachten k\u00f6nnen, die diese Laubhaufen nach Insekten durchst\u00f6bern und auch f\u00fcndig werden.<\/li>\n<li>Insektenhotels mit verschiedenen Materialien. Bastelanleitungen gibt es unz\u00e4hlige im Internet. Nat\u00fcrlich kann man diese Behausungen auch fertig kaufen&#8230; z.B. beim <a href=\"http:\/\/www.nabu-natur-shop.de\/\">NABU-Shop<\/a>. Einfach &#8222;Insektenhotel&#8220; in das Suchfeld eingeben.<\/li>\n<\/ul>\n<p>Folgende Insekten haben wir bisher am See enteckt:<\/p>\n<p>Federgeistchen<\/p>\n<p><a href=\"http:\/\/krupunder-see.de\/?page_id=1967\">gew\u00f6hnliche Strauchschrecke<\/a><\/p>\n<p>Heidelibelle<\/p>\n<p>Weidenjungfer<\/p>\n<p>Gammaeule<\/p>\n<p>Wanze<\/p>\n","protected":false},"excerpt":{"rendered":"<p>Auf diesen Seiten m\u00f6chten wir euch die Welt der Insekten n\u00e4herbringen. Manche dieser Tiere &#8211; z.B. die Schaben &#8211; hat es schon lange vor den Dinosauriern gegeben und sie haben sich seitdem nicht nennenswert ge\u00e4ndert. Sie sind also recht robust. &hellip; <a href=\"http:\/\/krupunder-see.de\/?page_id=1792\">Weiterlesen <span class=\"meta-nav\">&rarr;<\/span><\/a><\/p>\n","protected":false},"author":1,"featured_media":0,"parent":0,"menu_order":0,"comment_status":"closed","ping_status":"closed","template":"","meta":{"footnotes":""},"class_list":["post-1792","page","type-page","status-publish","hentry"],"_links":{"self":[{"href":"http:\/\/krupunder-see.de\/index.php?rest_route=\/wp\/v2\/pages\/1792","targetHints":{"allow":["GET"]}}],"collection":[{"href":"http:\/\/krupunder-see.de\/index.php?rest_route=\/wp\/v2\/pages"}],"about":[{"href":"http:\/\/krupunder-see.de\/index.php?rest_route=\/wp\/v2\/types\/page"}],"author":[{"embeddable":true,"href":"http:\/\/krupunder-see.de\/index.php?rest_route=\/wp\/v2\/users\/1"}],"replies":[{"embeddable":true,"href":"http:\/\/krupunder-see.de\/index.php?rest_route=%2Fwp%2Fv2%2Fcomments&post=1792"}],"version-history":[{"count":8,"href":"http:\/\/krupunder-see.de\/index.php?rest_route=\/wp\/v2\/pages\/1792\/revisions"}],"predecessor-version":[{"id":2890,"href":"http:\/\/krupunder-see.de\/index.php?rest_route=\/wp\/v2\/pages\/1792\/revisions\/2890"}],"wp:attachment":[{"href":"http:\/\/krupunder-see.de\/index.php?rest_route=%2Fwp%2Fv2%2Fmedia&parent=1792"}],"curies":[{"name":"wp","href":"https:\/\/api.w.org\/{rel}","templated":true}]}}