{"id":1761,"date":"2016-09-07T15:20:54","date_gmt":"2016-09-07T14:20:54","guid":{"rendered":"http:\/\/krupunder-see.de\/?page_id=1761"},"modified":"2016-09-08T08:55:08","modified_gmt":"2016-09-08T07:55:08","slug":"insektenforscher-auf-der-wiese","status":"publish","type":"page","link":"http:\/\/krupunder-see.de\/?page_id=1761","title":{"rendered":"Insektenforscher auf der Wiese"},"content":{"rendered":"<p>Am 6. September 2016 hat sich die Jugendgruppe Web am See e.V. mit Experten des NABU auf der Wiese am Seegrabenweg getroffen, um eine Bestandaufnahme der dort lebenenden Insekten durchzuf\u00fchren. Mit Becherlupen, Kamera und Kecher ging es durch das hohe Gras. Besonders interessant: Dorle vom NABU hatte ein Ger\u00e4t dabei mit dem man die Ger\u00e4usche der (Heu-)Schrecken abspielen konnte. Einige Kinder waren daraufhin tats\u00e4chlich in der Lage, die Tiere anhand der Ger\u00e4usche auf der Wiese ausfindig zu machen.<\/p>\n<p>Die entdeckten Exemplare wurden in Becherlupen gefangen und anhand einiger Insektenb\u00fccher identifiziert. Nach einem Fotoshooting wurden die Tiere wieder in die Freiheit entlassen.<\/p>\n<p>In den n\u00e4chsten Jahren werden wir diese Insektensuche wiederholen und hoffentlich eine Zunahme der Artenvielfalt beobachten k\u00f6nnen. Dazu m\u00fcssen sich aber zun\u00e4chst die von uns ausges\u00e4ten Wiesenpflanzen vermehren. Es gibt noch viel zu tun!<\/p>\n<p>Hier ein paar Fotos unserer Suche:<\/p>\n<div id=\"metaslider-id-1764\" style=\"max-width: 500px; margin: 0 auto;\" class=\"ml-slider-3-109-0 metaslider metaslider-flex metaslider-1764 ml-slider ms-theme-default nav-hidden\" role=\"region\" aria-label=\"Insekten 2016\" data-height=\"500\" data-width=\"500\">\n    <div id=\"metaslider_container_1764\">\n        <div id=\"metaslider_1764\" class=\"flexslider\">\n            <ul class='slides'>\n                <li style=\"display: block; width: 100%;\" class=\"slide-1787 ms-image \" aria-roledescription=\"slide\" data-date=\"2016-09-07 15:34:33\" data-filename=\"Strauchschrecke-w-1-500x500.jpg\" data-slide-type=\"image\"><img loading=\"lazy\" decoding=\"async\" src=\"http:\/\/krupunder-see.de\/wp-content\/uploads\/2016\/09\/Strauchschrecke-w-1-500x500.jpg\" height=\"500\" width=\"500\" alt=\"\" class=\"slider-1764 slide-1787 msDefaultImage\" \/><div class=\"caption-wrap\"><div class=\"caption\">Gew\u00f6hnliche Strauchschrecke<\/div><\/div><\/li>\n                <li style=\"display: none; width: 100%;\" class=\"slide-1778 ms-image \" aria-roledescription=\"slide\" data-date=\"2016-09-07 15:33:58\" data-filename=\"Libelle-1-500x500.jpg\" data-slide-type=\"image\"><img loading=\"lazy\" decoding=\"async\" src=\"http:\/\/krupunder-see.de\/wp-content\/uploads\/2016\/09\/Libelle-1-500x500.jpg\" height=\"500\" width=\"500\" alt=\"\" class=\"slider-1764 slide-1778 msDefaultImage\" \/><\/li>\n                <li style=\"display: none; width: 100%;\" class=\"slide-1766 ms-image \" aria-roledescription=\"slide\" data-date=\"2016-09-07 15:30:28\" data-filename=\"Babyschnecke-1-500x500.jpg\" data-slide-type=\"image\"><img loading=\"lazy\" decoding=\"async\" src=\"http:\/\/krupunder-see.de\/wp-content\/uploads\/2016\/09\/Babyschnecke-1-500x500.jpg\" height=\"500\" width=\"500\" alt=\"\" class=\"slider-1764 slide-1766 msDefaultImage\" \/><\/li>\n                <li style=\"display: none; width: 100%;\" class=\"slide-1773 ms-image \" aria-roledescription=\"slide\" data-date=\"2016-09-07 15:33:28\" data-filename=\"Forscher1-1-500x500.jpg\" data-slide-type=\"image\"><img loading=\"lazy\" decoding=\"async\" src=\"http:\/\/krupunder-see.de\/wp-content\/uploads\/2016\/09\/Forscher1-1-500x500.jpg\" height=\"500\" width=\"500\" alt=\"\" class=\"slider-1764 slide-1773 msDefaultImage\" \/><\/li>\n                <li style=\"display: none; width: 100%;\" class=\"slide-1779 ms-image \" aria-roledescription=\"slide\" data-date=\"2016-09-07 15:34:06\" data-filename=\"Libelle-2-500x500.jpg\" data-slide-type=\"image\"><img loading=\"lazy\" decoding=\"async\" src=\"http:\/\/krupunder-see.de\/wp-content\/uploads\/2016\/09\/Libelle-2-500x500.jpg\" height=\"500\" width=\"500\" alt=\"\" class=\"slider-1764 slide-1779 msDefaultImage\" \/><div class=\"caption-wrap\"><div class=\"caption\">junges M\u00e4nnchen der Blutroten Heidelibelle<\/div><\/div><\/li>\n                <li style=\"display: none; width: 100%;\" class=\"slide-1775 ms-image \" aria-roledescription=\"slide\" data-date=\"2016-09-07 15:33:39\" data-filename=\"Kopf-Libelle-2-213x213.jpg\" data-slide-type=\"image\"><img loading=\"lazy\" decoding=\"async\" src=\"http:\/\/krupunder-see.de\/wp-content\/uploads\/2016\/09\/Kopf-Libelle-2-213x213.jpg\" height=\"500\" width=\"500\" alt=\"\" class=\"slider-1764 slide-1775 msDefaultImage\" \/><\/li>\n                <li style=\"display: none; width: 100%;\" class=\"slide-1772 ms-image \" aria-roledescription=\"slide\" data-date=\"2016-09-07 15:33:12\" data-filename=\"Federgeistchen1-500x500.jpg\" data-slide-type=\"image\"><img loading=\"lazy\" decoding=\"async\" src=\"http:\/\/krupunder-see.de\/wp-content\/uploads\/2016\/09\/Federgeistchen1-500x500.jpg\" height=\"500\" width=\"500\" alt=\"\" class=\"slider-1764 slide-1772 msDefaultImage\" \/><\/li>\n                <li style=\"display: none; width: 100%;\" class=\"slide-1767 ms-image \" aria-roledescription=\"slide\" data-date=\"2016-09-07 15:31:02\" data-filename=\"DSC_0006-500x500.jpg\" data-slide-type=\"image\"><img loading=\"lazy\" decoding=\"async\" src=\"http:\/\/krupunder-see.de\/wp-content\/uploads\/2016\/09\/DSC_0006-500x500.jpg\" height=\"500\" width=\"500\" alt=\"\" class=\"slider-1764 slide-1767 msDefaultImage\" \/><\/li>\n                <li style=\"display: none; width: 100%;\" class=\"slide-1783 ms-image \" aria-roledescription=\"slide\" data-date=\"2016-09-07 15:34:22\" data-filename=\"schmetterling2-500x500.jpg\" data-slide-type=\"image\"><img loading=\"lazy\" decoding=\"async\" src=\"http:\/\/krupunder-see.de\/wp-content\/uploads\/2016\/09\/schmetterling2-500x500.jpg\" height=\"500\" width=\"500\" alt=\"\" class=\"slider-1764 slide-1783 msDefaultImage\" \/><div class=\"caption-wrap\"><div class=\"caption\">Schmetterling<\/div><\/div><\/li>\n                <li style=\"display: none; width: 100%;\" class=\"slide-1768 ms-image \" aria-roledescription=\"slide\" data-date=\"2016-09-07 15:31:20\" data-filename=\"DSC_0008-500x500.jpg\" data-slide-type=\"image\"><img loading=\"lazy\" decoding=\"async\" src=\"http:\/\/krupunder-see.de\/wp-content\/uploads\/2016\/09\/DSC_0008-500x500.jpg\" height=\"500\" width=\"500\" alt=\"\" class=\"slider-1764 slide-1768 msDefaultImage\" \/><\/li>\n                <li style=\"display: none; width: 100%;\" class=\"slide-1776 ms-image \" aria-roledescription=\"slide\" data-date=\"2016-09-07 15:33:40\" data-filename=\"Kopf-Libelle-3-500x500.jpg\" data-slide-type=\"image\"><img loading=\"lazy\" decoding=\"async\" src=\"http:\/\/krupunder-see.de\/wp-content\/uploads\/2016\/09\/Kopf-Libelle-3-500x500.jpg\" height=\"500\" width=\"500\" alt=\"\" class=\"slider-1764 slide-1776 msDefaultImage\" \/><\/li>\n                <li style=\"display: none; width: 100%;\" class=\"slide-1781 ms-image \" aria-roledescription=\"slide\" data-date=\"2016-09-07 15:34:13\" data-filename=\"Libelle-5-500x500.jpg\" data-slide-type=\"image\"><img loading=\"lazy\" decoding=\"async\" src=\"http:\/\/krupunder-see.de\/wp-content\/uploads\/2016\/09\/Libelle-5-500x500.jpg\" height=\"500\" width=\"500\" alt=\"\" class=\"slider-1764 slide-1781 msDefaultImage\" \/><div class=\"caption-wrap\"><div class=\"caption\">Libelle<\/div><\/div><\/li>\n                <li style=\"display: none; width: 100%;\" class=\"slide-1789 ms-image \" aria-roledescription=\"slide\" data-date=\"2016-09-07 15:34:42\" data-filename=\"Strauchschrecke3-500x500.jpg\" data-slide-type=\"image\"><img loading=\"lazy\" decoding=\"async\" src=\"http:\/\/krupunder-see.de\/wp-content\/uploads\/2016\/09\/Strauchschrecke3-500x500.jpg\" height=\"500\" width=\"500\" alt=\"\" class=\"slider-1764 slide-1789 msDefaultImage\" \/><div class=\"caption-wrap\"><div class=\"caption\">Gew\u00f6hnliche Strauchschrecke m\u00e4nnlich<\/div><\/div><\/li>\n                <li style=\"display: none; width: 100%;\" class=\"slide-1784 ms-image \" aria-roledescription=\"slide\" data-date=\"2016-09-07 15:34:25\" data-filename=\"Spinne1-500x500.jpg\" data-slide-type=\"image\"><img loading=\"lazy\" decoding=\"async\" src=\"http:\/\/krupunder-see.de\/wp-content\/uploads\/2016\/09\/Spinne1-500x500.jpg\" height=\"500\" width=\"500\" alt=\"\" class=\"slider-1764 slide-1784 msDefaultImage\" \/><div class=\"caption-wrap\"><div class=\"caption\">Spinne... aber welche?<\/div><\/div><\/li>\n                <li style=\"display: none; width: 100%;\" class=\"slide-1788 ms-image \" aria-roledescription=\"slide\" data-date=\"2016-09-07 15:34:37\" data-filename=\"Strauchschrecke2-500x500.jpg\" data-slide-type=\"image\"><img loading=\"lazy\" decoding=\"async\" src=\"http:\/\/krupunder-see.de\/wp-content\/uploads\/2016\/09\/Strauchschrecke2-500x500.jpg\" height=\"500\" width=\"500\" alt=\"\" class=\"slider-1764 slide-1788 msDefaultImage\" \/><div class=\"caption-wrap\"><div class=\"caption\">Gew\u00f6hnliche Strauchschrecke<\/div><\/div><\/li>\n                <li style=\"display: none; width: 100%;\" class=\"slide-1777 ms-image \" aria-roledescription=\"slide\" data-date=\"2016-09-07 15:33:46\" data-filename=\"Kopf-Libelle-4-500x500.jpg\" data-slide-type=\"image\"><img loading=\"lazy\" decoding=\"async\" src=\"http:\/\/krupunder-see.de\/wp-content\/uploads\/2016\/09\/Kopf-Libelle-4-500x500.jpg\" height=\"500\" width=\"500\" alt=\"\" class=\"slider-1764 slide-1777 msDefaultImage\" \/><\/li>\n                <li style=\"display: none; width: 100%;\" class=\"slide-1769 ms-image \" aria-roledescription=\"slide\" data-date=\"2016-09-07 15:32:30\" data-filename=\"DSC_0013-500x500.jpg\" data-slide-type=\"image\"><img loading=\"lazy\" decoding=\"async\" src=\"http:\/\/krupunder-see.de\/wp-content\/uploads\/2016\/09\/DSC_0013-500x500.jpg\" height=\"500\" width=\"500\" alt=\"\" class=\"slider-1764 slide-1769 msDefaultImage\" \/><\/li>\n                <li style=\"display: none; width: 100%;\" class=\"slide-1771 ms-image \" aria-roledescription=\"slide\" data-date=\"2016-09-07 15:33:03\" data-filename=\"DSC_0027-500x500.jpg\" data-slide-type=\"image\"><img loading=\"lazy\" decoding=\"async\" src=\"http:\/\/krupunder-see.de\/wp-content\/uploads\/2016\/09\/DSC_0027-500x500.jpg\" height=\"500\" width=\"500\" alt=\"\" class=\"slider-1764 slide-1771 msDefaultImage\" \/><\/li>\n                <li style=\"display: none; width: 100%;\" class=\"slide-1774 ms-image \" aria-roledescription=\"slide\" data-date=\"2016-09-07 15:33:36\" data-filename=\"Kopf-Libelle-1-500x500.jpg\" data-slide-type=\"image\"><img loading=\"lazy\" decoding=\"async\" src=\"http:\/\/krupunder-see.de\/wp-content\/uploads\/2016\/09\/Kopf-Libelle-1-500x500.jpg\" height=\"500\" width=\"500\" alt=\"\" class=\"slider-1764 slide-1774 msDefaultImage\" \/><\/li>\n                <li style=\"display: none; width: 100%;\" class=\"slide-1770 ms-image \" aria-roledescription=\"slide\" data-date=\"2016-09-07 15:32:48\" data-filename=\"DSC_0018-500x500.jpg\" data-slide-type=\"image\"><img loading=\"lazy\" decoding=\"async\" src=\"http:\/\/krupunder-see.de\/wp-content\/uploads\/2016\/09\/DSC_0018-500x500.jpg\" height=\"500\" width=\"500\" alt=\"\" class=\"slider-1764 slide-1770 msDefaultImage\" \/><\/li>\n                <li style=\"display: none; width: 100%;\" class=\"slide-1786 ms-image \" aria-roledescription=\"slide\" data-date=\"2016-09-07 15:34:29\" data-filename=\"Strauchschrecke-Unterseite1-500x500.jpg\" data-slide-type=\"image\"><img loading=\"lazy\" decoding=\"async\" src=\"http:\/\/krupunder-see.de\/wp-content\/uploads\/2016\/09\/Strauchschrecke-Unterseite1-500x500.jpg\" height=\"500\" width=\"500\" alt=\"\" class=\"slider-1764 slide-1786 msDefaultImage\" \/><div class=\"caption-wrap\"><div class=\"caption\">Gew\u00f6hnliche Strauchschrecke von unten<\/div><\/div><\/li>\n                <li style=\"display: none; width: 100%;\" class=\"slide-1782 ms-image \" aria-roledescription=\"slide\" data-date=\"2016-09-07 15:34:17\" data-filename=\"Libelle-8-500x500.jpg\" data-slide-type=\"image\"><img loading=\"lazy\" decoding=\"async\" src=\"http:\/\/krupunder-see.de\/wp-content\/uploads\/2016\/09\/Libelle-8-500x500.jpg\" height=\"500\" width=\"500\" alt=\"\" class=\"slider-1764 slide-1782 msDefaultImage\" \/><div class=\"caption-wrap\"><div class=\"caption\">Libelle<\/div><\/div><\/li>\n                <li style=\"display: none; width: 100%;\" class=\"slide-1785 ms-image \" aria-roledescription=\"slide\" data-date=\"2016-09-07 15:34:27\" data-filename=\"Strauchschrecke-Kopf1-500x500.jpg\" data-slide-type=\"image\"><img loading=\"lazy\" decoding=\"async\" src=\"http:\/\/krupunder-see.de\/wp-content\/uploads\/2016\/09\/Strauchschrecke-Kopf1-500x500.jpg\" height=\"500\" width=\"500\" alt=\"\" class=\"slider-1764 slide-1785 msDefaultImage\" \/><div class=\"caption-wrap\"><div class=\"caption\">Gew\u00f6hnliche Strauchschrecke<\/div><\/div><\/li>\n                <li style=\"display: none; width: 100%;\" class=\"slide-1780 ms-image \" aria-roledescription=\"slide\" data-date=\"2016-09-07 15:34:10\" data-filename=\"Libelle-4-500x500.jpg\" data-slide-type=\"image\"><img loading=\"lazy\" decoding=\"async\" src=\"http:\/\/krupunder-see.de\/wp-content\/uploads\/2016\/09\/Libelle-4-500x500.jpg\" height=\"500\" width=\"500\" alt=\"\" class=\"slider-1764 slide-1780 msDefaultImage\" \/><\/li>\n            <\/ul>\n        <\/div>\n        \n    <\/div>\n<\/div>\n","protected":false},"excerpt":{"rendered":"<p>Am 6. September 2016 hat sich die Jugendgruppe Web am See e.V. mit Experten des NABU auf der Wiese am Seegrabenweg getroffen, um eine Bestandaufnahme der dort lebenenden Insekten durchzuf\u00fchren. Mit Becherlupen, Kamera und Kecher ging es durch das hohe &hellip; <a href=\"http:\/\/krupunder-see.de\/?page_id=1761\">Weiterlesen <span class=\"meta-nav\">&rarr;<\/span><\/a><\/p>\n","protected":false},"author":1,"featured_media":1785,"parent":0,"menu_order":0,"comment_status":"closed","ping_status":"closed","template":"","meta":{"footnotes":""},"class_list":["post-1761","page","type-page","status-publish","has-post-thumbnail","hentry"],"_links":{"self":[{"href":"http:\/\/krupunder-see.de\/index.php?rest_route=\/wp\/v2\/pages\/1761","targetHints":{"allow":["GET"]}}],"collection":[{"href":"http:\/\/krupunder-see.de\/index.php?rest_route=\/wp\/v2\/pages"}],"about":[{"href":"http:\/\/krupunder-see.de\/index.php?rest_route=\/wp\/v2\/types\/page"}],"author":[{"embeddable":true,"href":"http:\/\/krupunder-see.de\/index.php?rest_route=\/wp\/v2\/users\/1"}],"replies":[{"embeddable":true,"href":"http:\/\/krupunder-see.de\/index.php?rest_route=%2Fwp%2Fv2%2Fcomments&post=1761"}],"version-history":[{"count":3,"href":"http:\/\/krupunder-see.de\/index.php?rest_route=\/wp\/v2\/pages\/1761\/revisions"}],"predecessor-version":[{"id":1847,"href":"http:\/\/krupunder-see.de\/index.php?rest_route=\/wp\/v2\/pages\/1761\/revisions\/1847"}],"wp:featuredmedia":[{"embeddable":true,"href":"http:\/\/krupunder-see.de\/index.php?rest_route=\/wp\/v2\/media\/1785"}],"wp:attachment":[{"href":"http:\/\/krupunder-see.de\/index.php?rest_route=%2Fwp%2Fv2%2Fmedia&parent=1761"}],"curies":[{"name":"wp","href":"https:\/\/api.w.org\/{rel}","templated":true}]}}