{"id":1721,"date":"2016-06-28T16:29:35","date_gmt":"2016-06-28T15:29:35","guid":{"rendered":"http:\/\/krupunder-see.de\/?page_id=1721"},"modified":"2016-09-07T22:06:49","modified_gmt":"2016-09-07T21:06:49","slug":"fotogallerie-wiese","status":"publish","type":"page","link":"http:\/\/krupunder-see.de\/?page_id=1721","title":{"rendered":"Fotogallerie &#8222;Wiese&#8220;"},"content":{"rendered":"<div id='gallery-1' class='gallery galleryid-1721 gallery-columns-3 gallery-size-medium'><dl class='gallery-item'>\n\t\t\t<dt class='gallery-icon landscape'>\n\t\t\t\t<a href='http:\/\/krupunder-see.de\/?attachment_id=1644'><img loading=\"lazy\" decoding=\"async\" width=\"300\" height=\"88\" src=\"http:\/\/krupunder-see.de\/wp-content\/uploads\/2016\/02\/20160223_170509-e1456485789343-300x88.jpg\" class=\"attachment-medium size-medium\" alt=\"\" aria-describedby=\"gallery-1-1644\" srcset=\"http:\/\/krupunder-see.de\/wp-content\/uploads\/2016\/02\/20160223_170509-e1456485789343-300x88.jpg 300w, http:\/\/krupunder-see.de\/wp-content\/uploads\/2016\/02\/20160223_170509-e1456485789343-768x226.jpg 768w, http:\/\/krupunder-see.de\/wp-content\/uploads\/2016\/02\/20160223_170509-e1456485789343-1024x302.jpg 1024w, http:\/\/krupunder-see.de\/wp-content\/uploads\/2016\/02\/20160223_170509-e1456485789343.jpg 1280w\" sizes=\"auto, (max-width: 300px) 100vw, 300px\" \/><\/a>\n\t\t\t<\/dt>\n\t\t\t\t<dd class='wp-caption-text gallery-caption' id='gallery-1-1644'>\n\t\t\t\tVorbereitung: Anneke und Martina legen einen kleinen Baum um.\n\t\t\t\t<\/dd><\/dl><dl class='gallery-item'>\n\t\t\t<dt class='gallery-icon landscape'>\n\t\t\t\t<a href='http:\/\/krupunder-see.de\/?attachment_id=1651'><img loading=\"lazy\" decoding=\"async\" width=\"300\" height=\"199\" src=\"http:\/\/krupunder-see.de\/wp-content\/uploads\/2016\/02\/Benjes4-300x199.jpg\" class=\"attachment-medium size-medium\" alt=\"\" aria-describedby=\"gallery-1-1651\" srcset=\"http:\/\/krupunder-see.de\/wp-content\/uploads\/2016\/02\/Benjes4-300x199.jpg 300w, http:\/\/krupunder-see.de\/wp-content\/uploads\/2016\/02\/Benjes4-768x510.jpg 768w, http:\/\/krupunder-see.de\/wp-content\/uploads\/2016\/02\/Benjes4.jpg 800w\" sizes=\"auto, (max-width: 300px) 100vw, 300px\" \/><\/a>\n\t\t\t<\/dt>\n\t\t\t\t<dd class='wp-caption-text gallery-caption' id='gallery-1-1651'>\n\t\t\t\tBaumst\u00fcmpfe dienen als Pfosten\n\t\t\t\t<\/dd><\/dl><dl class='gallery-item'>\n\t\t\t<dt class='gallery-icon landscape'>\n\t\t\t\t<a href='http:\/\/krupunder-see.de\/?attachment_id=1645'><img loading=\"lazy\" decoding=\"async\" width=\"300\" height=\"169\" src=\"http:\/\/krupunder-see.de\/wp-content\/uploads\/2016\/02\/20160223_170455-300x169.jpg\" class=\"attachment-medium size-medium\" alt=\"\" aria-describedby=\"gallery-1-1645\" srcset=\"http:\/\/krupunder-see.de\/wp-content\/uploads\/2016\/02\/20160223_170455-300x169.jpg 300w, http:\/\/krupunder-see.de\/wp-content\/uploads\/2016\/02\/20160223_170455-768x432.jpg 768w, http:\/\/krupunder-see.de\/wp-content\/uploads\/2016\/02\/20160223_170455-1024x576.jpg 1024w, http:\/\/krupunder-see.de\/wp-content\/uploads\/2016\/02\/20160223_170455.jpg 1280w\" sizes=\"auto, (max-width: 300px) 100vw, 300px\" \/><\/a>\n\t\t\t<\/dt>\n\t\t\t\t<dd class='wp-caption-text gallery-caption' id='gallery-1-1645'>\n\t\t\t\tVorbereitung: B\u00e4ume geben Schatten und D\u00fcnger. Nicht gut f\u00fcr eine Magerwiese!\n\t\t\t\t<\/dd><\/dl><br style=\"clear: both\" \/><dl class='gallery-item'>\n\t\t\t<dt class='gallery-icon landscape'>\n\t\t\t\t<a href='http:\/\/krupunder-see.de\/?attachment_id=1743'><img loading=\"lazy\" decoding=\"async\" width=\"300\" height=\"169\" src=\"http:\/\/krupunder-see.de\/wp-content\/uploads\/2016\/06\/Seegrabenweg-Hecke-300x169.jpg\" class=\"attachment-medium size-medium\" alt=\"\" aria-describedby=\"gallery-1-1743\" srcset=\"http:\/\/krupunder-see.de\/wp-content\/uploads\/2016\/06\/Seegrabenweg-Hecke-300x169.jpg 300w, http:\/\/krupunder-see.de\/wp-content\/uploads\/2016\/06\/Seegrabenweg-Hecke-768x432.jpg 768w, http:\/\/krupunder-see.de\/wp-content\/uploads\/2016\/06\/Seegrabenweg-Hecke-1024x576.jpg 1024w, http:\/\/krupunder-see.de\/wp-content\/uploads\/2016\/06\/Seegrabenweg-Hecke.jpg 1280w\" sizes=\"auto, (max-width: 300px) 100vw, 300px\" \/><\/a>\n\t\t\t<\/dt>\n\t\t\t\t<dd class='wp-caption-text gallery-caption' id='gallery-1-1743'>\n\t\t\t\tHecke am Knick\n\t\t\t\t<\/dd><\/dl><dl class='gallery-item'>\n\t\t\t<dt class='gallery-icon landscape'>\n\t\t\t\t<a href='http:\/\/krupunder-see.de\/?attachment_id=1648'><img loading=\"lazy\" decoding=\"async\" width=\"300\" height=\"169\" src=\"http:\/\/krupunder-see.de\/wp-content\/uploads\/2016\/02\/20160223_170703-300x169.jpg\" class=\"attachment-medium size-medium\" alt=\"\" aria-describedby=\"gallery-1-1648\" srcset=\"http:\/\/krupunder-see.de\/wp-content\/uploads\/2016\/02\/20160223_170703-300x169.jpg 300w, http:\/\/krupunder-see.de\/wp-content\/uploads\/2016\/02\/20160223_170703-768x432.jpg 768w, http:\/\/krupunder-see.de\/wp-content\/uploads\/2016\/02\/20160223_170703-1024x576.jpg 1024w, http:\/\/krupunder-see.de\/wp-content\/uploads\/2016\/02\/20160223_170703.jpg 1280w\" sizes=\"auto, (max-width: 300px) 100vw, 300px\" \/><\/a>\n\t\t\t<\/dt>\n\t\t\t\t<dd class='wp-caption-text gallery-caption' id='gallery-1-1648'>\n\t\t\t\tEs ist kalt und am Horizont ziehen drohende Gewitterwolken vorbei. Uns aber scheint \u00fcber zwei Stunden die Sonne.\n\t\t\t\t<\/dd><\/dl><dl class='gallery-item'>\n\t\t\t<dt class='gallery-icon landscape'>\n\t\t\t\t<a href='http:\/\/krupunder-see.de\/?attachment_id=1649'><img loading=\"lazy\" decoding=\"async\" width=\"300\" height=\"169\" src=\"http:\/\/krupunder-see.de\/wp-content\/uploads\/2016\/02\/20160223_170707-300x169.jpg\" class=\"attachment-medium size-medium\" alt=\"\" aria-describedby=\"gallery-1-1649\" srcset=\"http:\/\/krupunder-see.de\/wp-content\/uploads\/2016\/02\/20160223_170707-300x169.jpg 300w, http:\/\/krupunder-see.de\/wp-content\/uploads\/2016\/02\/20160223_170707-768x432.jpg 768w, http:\/\/krupunder-see.de\/wp-content\/uploads\/2016\/02\/20160223_170707-1024x576.jpg 1024w, http:\/\/krupunder-see.de\/wp-content\/uploads\/2016\/02\/20160223_170707.jpg 1280w\" sizes=\"auto, (max-width: 300px) 100vw, 300px\" \/><\/a>\n\t\t\t<\/dt>\n\t\t\t\t<dd class='wp-caption-text gallery-caption' id='gallery-1-1649'>\n\t\t\t\tDamit die Hecke nicht zu breit wird, m\u00fcssen die B\u00e4ume zerlegt werden.\n\t\t\t\t<\/dd><\/dl><br style=\"clear: both\" \/><dl class='gallery-item'>\n\t\t\t<dt class='gallery-icon portrait'>\n\t\t\t\t<a href='http:\/\/krupunder-see.de\/?attachment_id=1646'><img loading=\"lazy\" decoding=\"async\" width=\"196\" height=\"300\" src=\"http:\/\/krupunder-see.de\/wp-content\/uploads\/2016\/02\/20160223_170535-196x300.jpg\" class=\"attachment-medium size-medium\" alt=\"\" aria-describedby=\"gallery-1-1646\" srcset=\"http:\/\/krupunder-see.de\/wp-content\/uploads\/2016\/02\/20160223_170535-196x300.jpg 196w, http:\/\/krupunder-see.de\/wp-content\/uploads\/2016\/02\/20160223_170535.jpg 410w\" sizes=\"auto, (max-width: 196px) 100vw, 196px\" \/><\/a>\n\t\t\t<\/dt>\n\t\t\t\t<dd class='wp-caption-text gallery-caption' id='gallery-1-1646'>\n\t\t\t\tDie kleinen B\u00e4ume werden zu einer Hecke aufgestapelt\n\t\t\t\t<\/dd><\/dl><dl class='gallery-item'>\n\t\t\t<dt class='gallery-icon portrait'>\n\t\t\t\t<a href='http:\/\/krupunder-see.de\/?attachment_id=1650'><img loading=\"lazy\" decoding=\"async\" width=\"199\" height=\"300\" src=\"http:\/\/krupunder-see.de\/wp-content\/uploads\/2016\/02\/Benjes1-199x300.jpg\" class=\"attachment-medium size-medium\" alt=\"\" aria-describedby=\"gallery-1-1650\" srcset=\"http:\/\/krupunder-see.de\/wp-content\/uploads\/2016\/02\/Benjes1-199x300.jpg 199w, http:\/\/krupunder-see.de\/wp-content\/uploads\/2016\/02\/Benjes1-768x1156.jpg 768w, http:\/\/krupunder-see.de\/wp-content\/uploads\/2016\/02\/Benjes1-680x1024.jpg 680w, http:\/\/krupunder-see.de\/wp-content\/uploads\/2016\/02\/Benjes1.jpg 800w\" sizes=\"auto, (max-width: 199px) 100vw, 199px\" \/><\/a>\n\t\t\t<\/dt>\n\t\t\t\t<dd class='wp-caption-text gallery-caption' id='gallery-1-1650'>\n\t\t\t\tDie Hecke sieht nicht nur gut aus, sondern dient V\u00f6geln und kleinere Tieren als sicherer Unterschlupf.\n\t\t\t\t<\/dd><\/dl><dl class='gallery-item'>\n\t\t\t<dt class='gallery-icon portrait'>\n\t\t\t\t<a href='http:\/\/krupunder-see.de\/?attachment_id=1652'><img loading=\"lazy\" decoding=\"async\" width=\"199\" height=\"300\" src=\"http:\/\/krupunder-see.de\/wp-content\/uploads\/2016\/02\/Benjes6-199x300.jpg\" class=\"attachment-medium size-medium\" alt=\"\" aria-describedby=\"gallery-1-1652\" srcset=\"http:\/\/krupunder-see.de\/wp-content\/uploads\/2016\/02\/Benjes6-199x300.jpg 199w, http:\/\/krupunder-see.de\/wp-content\/uploads\/2016\/02\/Benjes6-768x1156.jpg 768w, http:\/\/krupunder-see.de\/wp-content\/uploads\/2016\/02\/Benjes6-680x1024.jpg 680w, http:\/\/krupunder-see.de\/wp-content\/uploads\/2016\/02\/Benjes6.jpg 800w\" sizes=\"auto, (max-width: 199px) 100vw, 199px\" \/><\/a>\n\t\t\t<\/dt>\n\t\t\t\t<dd class='wp-caption-text gallery-caption' id='gallery-1-1652'>\n\t\t\t\tDie B\u00e4ume werden in etwa 50 cm H\u00f6he abgeschnitten. Die St\u00fcmpfe dienen der Stabilisierung der Benjeshecke.\n\t\t\t\t<\/dd><\/dl><br style=\"clear: both\" \/><dl class='gallery-item'>\n\t\t\t<dt class='gallery-icon landscape'>\n\t\t\t\t<a href='http:\/\/krupunder-see.de\/?attachment_id=1742'><img loading=\"lazy\" decoding=\"async\" width=\"300\" height=\"238\" src=\"http:\/\/krupunder-see.de\/wp-content\/uploads\/2016\/06\/Seegrabenweg-Hecke-2-300x238.jpg\" class=\"attachment-medium size-medium\" alt=\"\" aria-describedby=\"gallery-1-1742\" srcset=\"http:\/\/krupunder-see.de\/wp-content\/uploads\/2016\/06\/Seegrabenweg-Hecke-2-300x238.jpg 300w, http:\/\/krupunder-see.de\/wp-content\/uploads\/2016\/06\/Seegrabenweg-Hecke-2-768x609.jpg 768w, http:\/\/krupunder-see.de\/wp-content\/uploads\/2016\/06\/Seegrabenweg-Hecke-2.jpg 771w\" sizes=\"auto, (max-width: 300px) 100vw, 300px\" \/><\/a>\n\t\t\t<\/dt>\n\t\t\t\t<dd class='wp-caption-text gallery-caption' id='gallery-1-1742'>\n\t\t\t\tHier wird der Knick aus 2015 verarbeitet\n\t\t\t\t<\/dd><\/dl><dl class='gallery-item'>\n\t\t\t<dt class='gallery-icon landscape'>\n\t\t\t\t<a href='http:\/\/krupunder-see.de\/?attachment_id=1741'><img loading=\"lazy\" decoding=\"async\" width=\"300\" height=\"169\" src=\"http:\/\/krupunder-see.de\/wp-content\/uploads\/2016\/06\/IMG_20160531_165557944-300x169.jpg\" class=\"attachment-medium size-medium\" alt=\"\" aria-describedby=\"gallery-1-1741\" srcset=\"http:\/\/krupunder-see.de\/wp-content\/uploads\/2016\/06\/IMG_20160531_165557944-300x169.jpg 300w, http:\/\/krupunder-see.de\/wp-content\/uploads\/2016\/06\/IMG_20160531_165557944-768x431.jpg 768w, http:\/\/krupunder-see.de\/wp-content\/uploads\/2016\/06\/IMG_20160531_165557944-1024x575.jpg 1024w\" sizes=\"auto, (max-width: 300px) 100vw, 300px\" \/><\/a>\n\t\t\t<\/dt>\n\t\t\t\t<dd class='wp-caption-text gallery-caption' id='gallery-1-1741'>\n\t\t\t\tJuhu! Alle Planzen sind angegangen\n\t\t\t\t<\/dd><\/dl><dl class='gallery-item'>\n\t\t\t<dt class='gallery-icon landscape'>\n\t\t\t\t<a href='http:\/\/krupunder-see.de\/?attachment_id=1739'><img loading=\"lazy\" decoding=\"async\" width=\"300\" height=\"169\" src=\"http:\/\/krupunder-see.de\/wp-content\/uploads\/2016\/06\/IMG_20160531_165240059-300x169.jpg\" class=\"attachment-medium size-medium\" alt=\"\" srcset=\"http:\/\/krupunder-see.de\/wp-content\/uploads\/2016\/06\/IMG_20160531_165240059-300x169.jpg 300w, http:\/\/krupunder-see.de\/wp-content\/uploads\/2016\/06\/IMG_20160531_165240059-768x431.jpg 768w, http:\/\/krupunder-see.de\/wp-content\/uploads\/2016\/06\/IMG_20160531_165240059-1024x575.jpg 1024w\" sizes=\"auto, (max-width: 300px) 100vw, 300px\" \/><\/a>\n\t\t\t<\/dt><\/dl><br style=\"clear: both\" \/><dl class='gallery-item'>\n\t\t\t<dt class='gallery-icon landscape'>\n\t\t\t\t<a href='http:\/\/krupunder-see.de\/?attachment_id=1738'><img loading=\"lazy\" decoding=\"async\" width=\"300\" height=\"169\" src=\"http:\/\/krupunder-see.de\/wp-content\/uploads\/2016\/06\/IMG_20160531_165230526-300x169.jpg\" class=\"attachment-medium size-medium\" alt=\"\" srcset=\"http:\/\/krupunder-see.de\/wp-content\/uploads\/2016\/06\/IMG_20160531_165230526-300x169.jpg 300w, http:\/\/krupunder-see.de\/wp-content\/uploads\/2016\/06\/IMG_20160531_165230526-768x431.jpg 768w, http:\/\/krupunder-see.de\/wp-content\/uploads\/2016\/06\/IMG_20160531_165230526-1024x575.jpg 1024w\" sizes=\"auto, (max-width: 300px) 100vw, 300px\" \/><\/a>\n\t\t\t<\/dt><\/dl><dl class='gallery-item'>\n\t\t\t<dt class='gallery-icon landscape'>\n\t\t\t\t<a href='http:\/\/krupunder-see.de\/?attachment_id=1737'><img loading=\"lazy\" decoding=\"async\" width=\"300\" height=\"169\" src=\"http:\/\/krupunder-see.de\/wp-content\/uploads\/2016\/06\/IMG_20160531_165225311-300x169.jpg\" class=\"attachment-medium size-medium\" alt=\"\" srcset=\"http:\/\/krupunder-see.de\/wp-content\/uploads\/2016\/06\/IMG_20160531_165225311-300x169.jpg 300w, http:\/\/krupunder-see.de\/wp-content\/uploads\/2016\/06\/IMG_20160531_165225311-768x431.jpg 768w, http:\/\/krupunder-see.de\/wp-content\/uploads\/2016\/06\/IMG_20160531_165225311-1024x575.jpg 1024w\" sizes=\"auto, (max-width: 300px) 100vw, 300px\" \/><\/a>\n\t\t\t<\/dt><\/dl><dl class='gallery-item'>\n\t\t\t<dt class='gallery-icon landscape'>\n\t\t\t\t<a href='http:\/\/krupunder-see.de\/?attachment_id=1736'><img loading=\"lazy\" decoding=\"async\" width=\"300\" height=\"169\" src=\"http:\/\/krupunder-see.de\/wp-content\/uploads\/2016\/06\/IMG_20160531_165019606-300x169.jpg\" class=\"attachment-medium size-medium\" alt=\"\" srcset=\"http:\/\/krupunder-see.de\/wp-content\/uploads\/2016\/06\/IMG_20160531_165019606-300x169.jpg 300w, http:\/\/krupunder-see.de\/wp-content\/uploads\/2016\/06\/IMG_20160531_165019606-768x431.jpg 768w, http:\/\/krupunder-see.de\/wp-content\/uploads\/2016\/06\/IMG_20160531_165019606-1024x575.jpg 1024w\" sizes=\"auto, (max-width: 300px) 100vw, 300px\" \/><\/a>\n\t\t\t<\/dt><\/dl><br style=\"clear: both\" \/><dl class='gallery-item'>\n\t\t\t<dt class='gallery-icon landscape'>\n\t\t\t\t<a href='http:\/\/krupunder-see.de\/?attachment_id=1735'><img loading=\"lazy\" decoding=\"async\" width=\"300\" height=\"199\" src=\"http:\/\/krupunder-see.de\/wp-content\/uploads\/2016\/06\/DSC_0053-300x199.jpg\" class=\"attachment-medium size-medium\" alt=\"\" aria-describedby=\"gallery-1-1735\" srcset=\"http:\/\/krupunder-see.de\/wp-content\/uploads\/2016\/06\/DSC_0053-300x199.jpg 300w, http:\/\/krupunder-see.de\/wp-content\/uploads\/2016\/06\/DSC_0053-768x510.jpg 768w, http:\/\/krupunder-see.de\/wp-content\/uploads\/2016\/06\/DSC_0053-1024x680.jpg 1024w\" sizes=\"auto, (max-width: 300px) 100vw, 300px\" \/><\/a>\n\t\t\t<\/dt>\n\t\t\t\t<dd class='wp-caption-text gallery-caption' id='gallery-1-1735'>\n\t\t\t\tEndlich! Es ist hei\u00df und die jungen Plfanzen brauchen dringend Wasser.\n\t\t\t\t<\/dd><\/dl><dl class='gallery-item'>\n\t\t\t<dt class='gallery-icon landscape'>\n\t\t\t\t<a href='http:\/\/krupunder-see.de\/?attachment_id=1734'><img loading=\"lazy\" decoding=\"async\" width=\"300\" height=\"199\" src=\"http:\/\/krupunder-see.de\/wp-content\/uploads\/2016\/06\/DSC_0046-300x199.jpg\" class=\"attachment-medium size-medium\" alt=\"\" aria-describedby=\"gallery-1-1734\" srcset=\"http:\/\/krupunder-see.de\/wp-content\/uploads\/2016\/06\/DSC_0046-300x199.jpg 300w, http:\/\/krupunder-see.de\/wp-content\/uploads\/2016\/06\/DSC_0046-768x510.jpg 768w, http:\/\/krupunder-see.de\/wp-content\/uploads\/2016\/06\/DSC_0046-1024x680.jpg 1024w\" sizes=\"auto, (max-width: 300px) 100vw, 300px\" \/><\/a>\n\t\t\t<\/dt>\n\t\t\t\t<dd class='wp-caption-text gallery-caption' id='gallery-1-1734'>\n\t\t\t\tDer See ist zwar nah, aber 20 Gie\u00dfkannen Wasser schleppen? Da ist der Wasserbeh\u00e4lter sehr willkommen. Vielen Dank an die Baumschule Hofmann aus Rellingen.\n\t\t\t\t<\/dd><\/dl><dl class='gallery-item'>\n\t\t\t<dt class='gallery-icon landscape'>\n\t\t\t\t<a href='http:\/\/krupunder-see.de\/?attachment_id=1733'><img loading=\"lazy\" decoding=\"async\" width=\"300\" height=\"199\" src=\"http:\/\/krupunder-see.de\/wp-content\/uploads\/2016\/06\/DSC_0033-300x199.jpg\" class=\"attachment-medium size-medium\" alt=\"\" aria-describedby=\"gallery-1-1733\" srcset=\"http:\/\/krupunder-see.de\/wp-content\/uploads\/2016\/06\/DSC_0033-300x199.jpg 300w, http:\/\/krupunder-see.de\/wp-content\/uploads\/2016\/06\/DSC_0033-768x510.jpg 768w, http:\/\/krupunder-see.de\/wp-content\/uploads\/2016\/06\/DSC_0033-1024x680.jpg 1024w\" sizes=\"auto, (max-width: 300px) 100vw, 300px\" \/><\/a>\n\t\t\t<\/dt>\n\t\t\t\t<dd class='wp-caption-text gallery-caption' id='gallery-1-1733'>\n\t\t\t\tDie Wiese wurde extra kurz geschniten, damit wir freie Bahn f\u00fcr die Bepflanzung haben. Au\u00dferdem wurden dadurch kleine Baumst\u00fcmpfe abrasiert, die sonst beim Sensen gest\u00f6rt h\u00e4tten.\n\t\t\t\t<\/dd><\/dl><br style=\"clear: both\" \/><dl class='gallery-item'>\n\t\t\t<dt class='gallery-icon landscape'>\n\t\t\t\t<a href='http:\/\/krupunder-see.de\/?attachment_id=1732'><img loading=\"lazy\" decoding=\"async\" width=\"300\" height=\"199\" src=\"http:\/\/krupunder-see.de\/wp-content\/uploads\/2016\/06\/DSC_0017-300x199.jpg\" class=\"attachment-medium size-medium\" alt=\"\" aria-describedby=\"gallery-1-1732\" srcset=\"http:\/\/krupunder-see.de\/wp-content\/uploads\/2016\/06\/DSC_0017-300x199.jpg 300w, http:\/\/krupunder-see.de\/wp-content\/uploads\/2016\/06\/DSC_0017-768x510.jpg 768w, http:\/\/krupunder-see.de\/wp-content\/uploads\/2016\/06\/DSC_0017-1024x680.jpg 1024w\" sizes=\"auto, (max-width: 300px) 100vw, 300px\" \/><\/a>\n\t\t\t<\/dt>\n\t\t\t\t<dd class='wp-caption-text gallery-caption' id='gallery-1-1732'>\n\t\t\t\tAustopfen\n\t\t\t\t<\/dd><\/dl><dl class='gallery-item'>\n\t\t\t<dt class='gallery-icon landscape'>\n\t\t\t\t<a href='http:\/\/krupunder-see.de\/?attachment_id=1731'><img loading=\"lazy\" decoding=\"async\" width=\"300\" height=\"199\" src=\"http:\/\/krupunder-see.de\/wp-content\/uploads\/2016\/06\/DSC_0022-300x199.jpg\" class=\"attachment-medium size-medium\" alt=\"\" aria-describedby=\"gallery-1-1731\" srcset=\"http:\/\/krupunder-see.de\/wp-content\/uploads\/2016\/06\/DSC_0022-300x199.jpg 300w, http:\/\/krupunder-see.de\/wp-content\/uploads\/2016\/06\/DSC_0022-768x510.jpg 768w, http:\/\/krupunder-see.de\/wp-content\/uploads\/2016\/06\/DSC_0022-1024x680.jpg 1024w\" sizes=\"auto, (max-width: 300px) 100vw, 300px\" \/><\/a>\n\t\t\t<\/dt>\n\t\t\t\t<dd class='wp-caption-text gallery-caption' id='gallery-1-1731'>\n\t\t\t\tArbeitsger\u00e4t\n\t\t\t\t<\/dd><\/dl><dl class='gallery-item'>\n\t\t\t<dt class='gallery-icon landscape'>\n\t\t\t\t<a href='http:\/\/krupunder-see.de\/?attachment_id=1730'><img loading=\"lazy\" decoding=\"async\" width=\"300\" height=\"199\" src=\"http:\/\/krupunder-see.de\/wp-content\/uploads\/2016\/06\/DSC_0025-300x199.jpg\" class=\"attachment-medium size-medium\" alt=\"\" aria-describedby=\"gallery-1-1730\" srcset=\"http:\/\/krupunder-see.de\/wp-content\/uploads\/2016\/06\/DSC_0025-300x199.jpg 300w, http:\/\/krupunder-see.de\/wp-content\/uploads\/2016\/06\/DSC_0025-768x510.jpg 768w, http:\/\/krupunder-see.de\/wp-content\/uploads\/2016\/06\/DSC_0025-1024x680.jpg 1024w\" sizes=\"auto, (max-width: 300px) 100vw, 300px\" \/><\/a>\n\t\t\t<\/dt>\n\t\t\t\t<dd class='wp-caption-text gallery-caption' id='gallery-1-1730'>\n\t\t\t\tViele flei\u00dfige Helfer\n\t\t\t\t<\/dd><\/dl><br style=\"clear: both\" \/><dl class='gallery-item'>\n\t\t\t<dt class='gallery-icon landscape'>\n\t\t\t\t<a href='http:\/\/krupunder-see.de\/?attachment_id=1729'><img loading=\"lazy\" decoding=\"async\" width=\"300\" height=\"199\" src=\"http:\/\/krupunder-see.de\/wp-content\/uploads\/2016\/06\/DSC_0024-300x199.jpg\" class=\"attachment-medium size-medium\" alt=\"\" aria-describedby=\"gallery-1-1729\" srcset=\"http:\/\/krupunder-see.de\/wp-content\/uploads\/2016\/06\/DSC_0024-300x199.jpg 300w, http:\/\/krupunder-see.de\/wp-content\/uploads\/2016\/06\/DSC_0024-768x510.jpg 768w, http:\/\/krupunder-see.de\/wp-content\/uploads\/2016\/06\/DSC_0024-1024x680.jpg 1024w\" sizes=\"auto, (max-width: 300px) 100vw, 300px\" \/><\/a>\n\t\t\t<\/dt>\n\t\t\t\t<dd class='wp-caption-text gallery-caption' id='gallery-1-1729'>\n\t\t\t\tUnter den Helfern waren auch vier Fl\u00fcchtlinge aus Syrien, die wir angesprochen hatten und die spontan zugesagt hatten. \n\t\t\t\t<\/dd><\/dl><dl class='gallery-item'>\n\t\t\t<dt class='gallery-icon landscape'>\n\t\t\t\t<a href='http:\/\/krupunder-see.de\/?attachment_id=1728'><img loading=\"lazy\" decoding=\"async\" width=\"300\" height=\"199\" src=\"http:\/\/krupunder-see.de\/wp-content\/uploads\/2016\/06\/DSC_0023-300x199.jpg\" class=\"attachment-medium size-medium\" alt=\"\" aria-describedby=\"gallery-1-1728\" srcset=\"http:\/\/krupunder-see.de\/wp-content\/uploads\/2016\/06\/DSC_0023-300x199.jpg 300w, http:\/\/krupunder-see.de\/wp-content\/uploads\/2016\/06\/DSC_0023-768x510.jpg 768w, http:\/\/krupunder-see.de\/wp-content\/uploads\/2016\/06\/DSC_0023-1024x680.jpg 1024w\" sizes=\"auto, (max-width: 300px) 100vw, 300px\" \/><\/a>\n\t\t\t<\/dt>\n\t\t\t\t<dd class='wp-caption-text gallery-caption' id='gallery-1-1728'>\n\t\t\t\tGartenarbeit verbindet!\n\t\t\t\t<\/dd><\/dl><dl class='gallery-item'>\n\t\t\t<dt class='gallery-icon landscape'>\n\t\t\t\t<a href='http:\/\/krupunder-see.de\/?attachment_id=1727'><img loading=\"lazy\" decoding=\"async\" width=\"300\" height=\"199\" src=\"http:\/\/krupunder-see.de\/wp-content\/uploads\/2016\/06\/DSC_0015-300x199.jpg\" class=\"attachment-medium size-medium\" alt=\"\" srcset=\"http:\/\/krupunder-see.de\/wp-content\/uploads\/2016\/06\/DSC_0015-300x199.jpg 300w, http:\/\/krupunder-see.de\/wp-content\/uploads\/2016\/06\/DSC_0015-768x510.jpg 768w, http:\/\/krupunder-see.de\/wp-content\/uploads\/2016\/06\/DSC_0015-1024x680.jpg 1024w\" sizes=\"auto, (max-width: 300px) 100vw, 300px\" \/><\/a>\n\t\t\t<\/dt><\/dl><br style=\"clear: both\" \/><dl class='gallery-item'>\n\t\t\t<dt class='gallery-icon landscape'>\n\t\t\t\t<a href='http:\/\/krupunder-see.de\/?attachment_id=1726'><img loading=\"lazy\" decoding=\"async\" width=\"300\" height=\"199\" src=\"http:\/\/krupunder-see.de\/wp-content\/uploads\/2016\/06\/DSC_0014-300x199.jpg\" class=\"attachment-medium size-medium\" alt=\"\" aria-describedby=\"gallery-1-1726\" srcset=\"http:\/\/krupunder-see.de\/wp-content\/uploads\/2016\/06\/DSC_0014-300x199.jpg 300w, http:\/\/krupunder-see.de\/wp-content\/uploads\/2016\/06\/DSC_0014-768x510.jpg 768w, http:\/\/krupunder-see.de\/wp-content\/uploads\/2016\/06\/DSC_0014-1024x680.jpg 1024w\" sizes=\"auto, (max-width: 300px) 100vw, 300px\" \/><\/a>\n\t\t\t<\/dt>\n\t\t\t\t<dd class='wp-caption-text gallery-caption' id='gallery-1-1726'>\n\t\t\t\tJulia\n\t\t\t\t<\/dd><\/dl><dl class='gallery-item'>\n\t\t\t<dt class='gallery-icon landscape'>\n\t\t\t\t<a href='http:\/\/krupunder-see.de\/?attachment_id=1725'><img loading=\"lazy\" decoding=\"async\" width=\"300\" height=\"199\" src=\"http:\/\/krupunder-see.de\/wp-content\/uploads\/2016\/06\/DSC_0013-300x199.jpg\" class=\"attachment-medium size-medium\" alt=\"\" aria-describedby=\"gallery-1-1725\" srcset=\"http:\/\/krupunder-see.de\/wp-content\/uploads\/2016\/06\/DSC_0013-300x199.jpg 300w, http:\/\/krupunder-see.de\/wp-content\/uploads\/2016\/06\/DSC_0013-768x510.jpg 768w, http:\/\/krupunder-see.de\/wp-content\/uploads\/2016\/06\/DSC_0013-1024x680.jpg 1024w\" sizes=\"auto, (max-width: 300px) 100vw, 300px\" \/><\/a>\n\t\t\t<\/dt>\n\t\t\t\t<dd class='wp-caption-text gallery-caption' id='gallery-1-1725'>\n\t\t\t\tMelanie und Helena\n\t\t\t\t<\/dd><\/dl>\n\t\t\t<br style='clear: both' \/>\n\t\t<\/div>\n\n","protected":false},"excerpt":{"rendered":"","protected":false},"author":1,"featured_media":0,"parent":1663,"menu_order":0,"comment_status":"closed","ping_status":"closed","template":"page-templates\/full-width.php","meta":{"footnotes":""},"class_list":["post-1721","page","type-page","status-publish","hentry"],"_links":{"self":[{"href":"http:\/\/krupunder-see.de\/index.php?rest_route=\/wp\/v2\/pages\/1721","targetHints":{"allow":["GET"]}}],"collection":[{"href":"http:\/\/krupunder-see.de\/index.php?rest_route=\/wp\/v2\/pages"}],"about":[{"href":"http:\/\/krupunder-see.de\/index.php?rest_route=\/wp\/v2\/types\/page"}],"author":[{"embeddable":true,"href":"http:\/\/krupunder-see.de\/index.php?rest_route=\/wp\/v2\/users\/1"}],"replies":[{"embeddable":true,"href":"http:\/\/krupunder-see.de\/index.php?rest_route=%2Fwp%2Fv2%2Fcomments&post=1721"}],"version-history":[{"count":1,"href":"http:\/\/krupunder-see.de\/index.php?rest_route=\/wp\/v2\/pages\/1721\/revisions"}],"predecessor-version":[{"id":1744,"href":"http:\/\/krupunder-see.de\/index.php?rest_route=\/wp\/v2\/pages\/1721\/revisions\/1744"}],"up":[{"embeddable":true,"href":"http:\/\/krupunder-see.de\/index.php?rest_route=\/wp\/v2\/pages\/1663"}],"wp:attachment":[{"href":"http:\/\/krupunder-see.de\/index.php?rest_route=%2Fwp%2Fv2%2Fmedia&parent=1721"}],"curies":[{"name":"wp","href":"https:\/\/api.w.org\/{rel}","templated":true}]}}