{"id":1692,"date":"2016-09-08T08:50:35","date_gmt":"2016-09-08T07:50:35","guid":{"rendered":"http:\/\/krupunder-see.de\/?page_id=1692"},"modified":"2016-09-08T08:51:29","modified_gmt":"2016-09-08T07:51:29","slug":"ein-baum-erzaehlt-2","status":"publish","type":"page","link":"http:\/\/krupunder-see.de\/?page_id=1692","title":{"rendered":"Ein kalter Angeltag"},"content":{"rendered":"<p>Der kalte Fr\u00fchlingswind fuhr durch meine Bl\u00e4tter und lie\u00df mich erzittern, w\u00e4hrend ich durch meine kahlen \u00c4ste auf den sandigen Boden des Sees blickte. Das kalte Wasser schwappte \u00fcber den Strand und allein der Anblick des eiskalten Nass lie\u00df mich erschaudern. Bei dem Wetter war es kein Wunder, dass die Menschen lieber in ihren H\u00e4usern blieben als etwas frische Luft zu schnappen. Ich selbst w\u00fcrde mich zugegebenerma\u00dfen auch gerne an eine Heizung kuscheln, obwohl die K\u00e4lte mir lange nicht so viel ausmachte wie den Menschen. Doch gerade als ich die Augen f\u00fcr ein kleines Nickerchen schlie\u00dfen wollte, h\u00f6rte ich einsame Schritte durch den Sand stapfen. Neugierig sah ich auf und mein Blick fiel auf einen \u00e4lteren Mann mit wettergegerbtem Gesicht und einen Jungen der mit vor Aufregung (oder K\u00e4lte?) ger\u00f6teten Wangen neben ihm herlief. Braune Haare quollen unter seiner blauen Pudelm\u00fctze hervor und fielen in sein molliges Gesicht, w\u00e4hrend er den Mann mit Fragen zu bombardieren schien. Dieser grinste aber nur, w\u00e4hrend er mit erfahrenem Blick den See musterte, eine gro\u00dfe Tasche \u00fcber der Schulter. Der Wind trug ihre Stimmen zu mir und ich h\u00f6rte interessiert zu, was sie beredeten, obwohl man sagen musste, dass der Junge den gr\u00f6\u00dften Teil des Gespr\u00e4ches \u00fcbernahm.<br \/>\n\u201eSind wir schon da? Wie w\u00e4re es mit hier, hier ist doch ein sch\u00f6ner Platz, oder? Komm schon, wie lange dauert es noch, es ist ganz kalt. Bist du dir sicher dass es schon warm genug ist, meine Nase l\u00e4uft ganz doll! Was wenn ich morgen nicht in die Schule kann? Dann ist Nika bestimmt traurig! Wann sind wir endlich da-a?\u201c qu\u00e4ngelte der Junge und ich musste mir ein Lachen verkneifen, als der Mann knapp antwortete, mit einer rauen, angenehm warmen Stimme. Er erinnerte mich ein wenig an einen kleinen Jungen der vor ein paar Jahren &#8211; oder waren es Jahrzehnte? &#8211; hier das Angeln gelernt hatte. Er hatte sich allerdings ziemlich dumm angestellt. Ich wollte kichern als ich daran zur\u00fcckdachte, wie er versucht hatte mit der Angel auszuholen, die sein Vater ihm gegeben hatte und \u00fcber seine eigenen F\u00fc\u00dfe stolperte, um danach in den See zu fallen. Er hatte gezittert wie Espenlaub als sein Vater ihn lachend aus dem Wasser gezogen hatte und ihn kichernd damit aufzog.<br \/>\nDiesmal schien der Kleine genauso untalentiert zu sein, doch er war trotzdem \u00e4u\u00dferst niedlich. \u201eSind wir jetzt da, ich glaube hier gibt es viele Fische Opa, da wird es bestimmt ganz einfach!\u201c qu\u00e4kte der Junge aufgeregt. Sein Gro\u00dfvater nickte nur l\u00e4chelnd, er freute sich schon darauf mehr Zeit mit seinem Enkel zu verbringen.<br \/>\n\u201eGut Kleiner, komm mal her. Zuerst zeige ich dir mal, welche K\u00f6der wir haben, dann wirst du selber einen auf einen Haken stecken und vielleicht kommen wir danach sogar noch dazu das auswerfen der Leine zu \u00fcben\u201c grinste der Mann freundlich. Ich beobachtete gelanweilt, wie er seinem Enkel allerlei K\u00f6der erkl\u00e4rte und anschlie\u00dfend noch einen Vortrag \u00fcber die unterschiedlichen Hakenarten hielt. Meine \u00c4ste hingen gelangweilt herab, w\u00e4hrend die Euphorie des Jungen langsam ins Stocken kam. Ich l\u00e4chelte m\u00fcde, ich hatte mich wohl in dem Opa get\u00e4uscht, er war vielleicht doch nicht so toll, wie vermutet.<br \/>\nDoch nach einer scheinbar unendlichen Littanei von K\u00f6dern, Haken und anderem, f\u00fcr mich unrelevantem Zeugs begann der Ausdruck des Mannes sich zu \u00e4ndern, ein verspieltes L\u00e4cheln zeigte sich auf seinem Gesicht. Ich sah hoffnungsvoll auf, viellecht war der Tag nicht ganz umsonst gewesen!<br \/>\nDer Gro\u00dfvater begann, dem Jungen eine kleine Angel zu erkl\u00e4ren und die Augen des Kleinen leuchteten aufgeregt, als er die Angel in die Hand nahm und versuchte, sie auszuwerfen. Sein Wurf ging daneben und er stolperte unsicher \u00fcber seine kleinen F\u00fc\u00dfe, um danach in den kalten Sand zu fallen. Der Alte verkniff sich ein Kichern, w\u00e4hrend er den Jungen auf die Beine stellte und ihm den Sand von den Schultern klopfte. \u201eDas war f\u00fcrs erste Mal ganz gut, ich bin damals sogar in den See gefallen und mein Vater musste mich herausfischen!\u201cgrinste der Mann und ein kehliges Lachen entkam ihm, bei der Erinnerung. Auch der Junge lachte bei dem Gedanken, wie sein Opa im eiskalten See lag und von seinem Vater herausgefischt wurde . In seiner Vorstellung hatte er sogar einen kleinen Fisch verschluckt. \u201eVersuch&#8217;s noch mal und halt diesmal die Angel h\u00f6her, verstanden Kleiner?\u201c fragte er und der Junge nickte eifrig und versuchte es sogleich nochmal, diesmal war es sogar etwas besser.<br \/>\nGlaube ich zumindest, ich verstehe nicht allzu viel vom Angel, ist nicht so ganz mein Gebiet.<br \/>\nSo ging es eine ganze Weile weiter, bis die Sonne \u00fcber dem Horizont lag, dazu bereit dahinter zu verschwinden. In der Zwischenzeit hatten Opa und Enkel weiter ge\u00fcbt und immer wieder Witze gerissen oder sich gegenseitig ge\u00e4rgert. Doch nun packte sein Gro\u00dfvater die Angelsachen zusammen und ignorierte dabei das Flehen seines Enkels, dass sie doch noch etwas l\u00e4nger bleiben k\u00f6nnten, es w\u00fcrde seiner Mama bestimmt nichts ausmachen und es machte doch so viel Spa\u00df! Der Mann blieb aber wiederstandsf\u00e4hig und nahm den Jungen an die Hand, w\u00e4hrend sie den Strand entlang zur\u00fcckgingen<br \/>\n\u201eK\u00f6nnen wir morgen wieder herkommen, bitte! Ich mache auch alle meine Hausaufgaben ganz schnell, dann bin ich um zwei Uhr fertig, dann k\u00f6nnen wir noch l\u00e4nger angeln, vielleicht fangen wir sogar etwas!\u201c rief der Junge fr\u00f6hlich aus. Sein Gro\u00dfvater nickte nur, er war zugegeben sehr ersch\u00f6pft.<\/p>\n","protected":false},"excerpt":{"rendered":"<p>Der kalte Fr\u00fchlingswind fuhr durch meine Bl\u00e4tter und lie\u00df mich erzittern, w\u00e4hrend ich durch meine kahlen \u00c4ste auf den sandigen Boden des Sees blickte. Das kalte Wasser schwappte \u00fcber den Strand und allein der Anblick des eiskalten Nass lie\u00df mich &hellip; <a href=\"http:\/\/krupunder-see.de\/?page_id=1692\">Weiterlesen <span class=\"meta-nav\">&rarr;<\/span><\/a><\/p>\n","protected":false},"author":1,"featured_media":0,"parent":1618,"menu_order":0,"comment_status":"closed","ping_status":"closed","template":"","meta":{"footnotes":""},"class_list":["post-1692","page","type-page","status-publish","hentry"],"_links":{"self":[{"href":"http:\/\/krupunder-see.de\/index.php?rest_route=\/wp\/v2\/pages\/1692","targetHints":{"allow":["GET"]}}],"collection":[{"href":"http:\/\/krupunder-see.de\/index.php?rest_route=\/wp\/v2\/pages"}],"about":[{"href":"http:\/\/krupunder-see.de\/index.php?rest_route=\/wp\/v2\/types\/page"}],"author":[{"embeddable":true,"href":"http:\/\/krupunder-see.de\/index.php?rest_route=\/wp\/v2\/users\/1"}],"replies":[{"embeddable":true,"href":"http:\/\/krupunder-see.de\/index.php?rest_route=%2Fwp%2Fv2%2Fcomments&post=1692"}],"version-history":[{"count":5,"href":"http:\/\/krupunder-see.de\/index.php?rest_route=\/wp\/v2\/pages\/1692\/revisions"}],"predecessor-version":[{"id":1845,"href":"http:\/\/krupunder-see.de\/index.php?rest_route=\/wp\/v2\/pages\/1692\/revisions\/1845"}],"up":[{"embeddable":true,"href":"http:\/\/krupunder-see.de\/index.php?rest_route=\/wp\/v2\/pages\/1618"}],"wp:attachment":[{"href":"http:\/\/krupunder-see.de\/index.php?rest_route=%2Fwp%2Fv2%2Fmedia&parent=1692"}],"curies":[{"name":"wp","href":"https:\/\/api.w.org\/{rel}","templated":true}]}}