{"id":1587,"date":"2016-01-12T17:52:18","date_gmt":"2016-01-12T16:52:18","guid":{"rendered":"http:\/\/krupunder-see.de\/?page_id=1587"},"modified":"2016-01-12T17:52:18","modified_gmt":"2016-01-12T16:52:18","slug":"silbermoewen","status":"publish","type":"page","link":"http:\/\/krupunder-see.de\/?page_id=1587","title":{"rendered":"Silberm\u00f6wen"},"content":{"rendered":"<p>Wie ihr vlielleicht wisst, befinden sich im Moment sehr viele M\u00f6wen am See. Jetzt werde ich ein bisschen \u00fcber diese Tiere erz\u00e4hlen:<br \/>\nDie Silberm\u00f6we (lat. Larus Argentatus) befindet sich am h\u00e4ufigsten in Nord- und Westeuropa. Ihr Verbreitungsgebiet erstreckt sich vom Wei\u00dfen Meer \u00fcber die K\u00fcsten Skandinaviens, der Ostsee, der Nordsee und des \u00c4rmelkanals sowie \u00fcber gro\u00dfe Teile der Atlantikk\u00fcste Frankreichs und der Britischen Inseln. Au\u00dferdem kommt die Art auf Island vor. Silberm\u00f6wen sind Koloniebr\u00fcter, d.h., dass mehrere Paare an derselben Stelle br\u00fcten. W\u00e4hrend die n\u00f6rdlichen Populationen Zugv\u00f6gel sind, verbleiben die meisten \u00fcbrigen Silberm\u00f6wen in der N\u00e4he ihrer Brutgebiete. Vor allem junge Silberm\u00f6wen k\u00f6nnen gro\u00dfe Strecken fliegen und sind dann auch weit im Binnenland zu finden.<\/p>\n<p>von Gabriel<\/p>\n","protected":false},"excerpt":{"rendered":"<p>Wie ihr vlielleicht wisst, befinden sich im Moment sehr viele M\u00f6wen am See. Jetzt werde ich ein bisschen \u00fcber diese Tiere erz\u00e4hlen: Die Silberm\u00f6we (lat. Larus Argentatus) befindet sich am h\u00e4ufigsten in Nord- und Westeuropa. Ihr Verbreitungsgebiet erstreckt sich vom &hellip; <a href=\"http:\/\/krupunder-see.de\/?page_id=1587\">Weiterlesen <span class=\"meta-nav\">&rarr;<\/span><\/a><\/p>\n","protected":false},"author":1,"featured_media":0,"parent":0,"menu_order":0,"comment_status":"closed","ping_status":"closed","template":"","meta":{"footnotes":""},"class_list":["post-1587","page","type-page","status-publish","hentry"],"_links":{"self":[{"href":"http:\/\/krupunder-see.de\/index.php?rest_route=\/wp\/v2\/pages\/1587","targetHints":{"allow":["GET"]}}],"collection":[{"href":"http:\/\/krupunder-see.de\/index.php?rest_route=\/wp\/v2\/pages"}],"about":[{"href":"http:\/\/krupunder-see.de\/index.php?rest_route=\/wp\/v2\/types\/page"}],"author":[{"embeddable":true,"href":"http:\/\/krupunder-see.de\/index.php?rest_route=\/wp\/v2\/users\/1"}],"replies":[{"embeddable":true,"href":"http:\/\/krupunder-see.de\/index.php?rest_route=%2Fwp%2Fv2%2Fcomments&post=1587"}],"version-history":[{"count":1,"href":"http:\/\/krupunder-see.de\/index.php?rest_route=\/wp\/v2\/pages\/1587\/revisions"}],"predecessor-version":[{"id":1589,"href":"http:\/\/krupunder-see.de\/index.php?rest_route=\/wp\/v2\/pages\/1587\/revisions\/1589"}],"wp:attachment":[{"href":"http:\/\/krupunder-see.de\/index.php?rest_route=%2Fwp%2Fv2%2Fmedia&parent=1587"}],"curies":[{"name":"wp","href":"https:\/\/api.w.org\/{rel}","templated":true}]}}