{"id":1537,"date":"2015-12-14T10:42:29","date_gmt":"2015-12-14T09:42:29","guid":{"rendered":"http:\/\/krupunder-see.de\/?page_id=1537"},"modified":"2016-09-08T09:04:43","modified_gmt":"2016-09-08T08:04:43","slug":"ganswindt","status":"publish","type":"page","link":"http:\/\/krupunder-see.de\/?page_id=1537","title":{"rendered":"Wir Kleinen glaubten, das Leben w\u00e4hrt ewig"},"content":{"rendered":"<p>Der Autor<\/p>\n<p>Hubert Ganswindt, geboren im M\u00e4rz 1948 in Halstenbek-Krupunder, lebt seit 1977 mit seiner Ehefrau in Rellingen. Sie haben einen gemeinsamen Sohn. Nach \u00fcber 45 Berufsjahren als Klempner und Installateur \u00fcberwiegend in den Vier- und Marschlanden ist er jetzt mit einem anderen Handwerk besch\u00e4ftigt. Wichtige Hobbys sind Lesen und Schreiben. \u201eWir Kleinen glaubten, das Leben w\u00e4hrt ewig \u2013 Eine Jugend in Holstein\u201c ist ein erster Gehversuch im neuen Umfeld. In seinem ersten Buch geht es um seine Erinnerungen an die Jahre 1948\u201363. Er beschreibt hier Erlebnisse und Begegnungen mit Mensch, Tier und Natur im Ortsteil Krupunder in Holstein. Der See spielte dabei eine zentrale Rolle. Dieses erz\u00e4hlt der Autor in chronologischer, heiterer, manchmal auch ernster und lockerer Reihenfolge. Es ist ein sp\u00e4ter Dank an das Krupunder seiner Jugend.<\/p>\n<p>Das Buch<\/p>\n<p>Eine Ferse, auf der ich reiten durfte. Meine Flederm\u00e4use im Bunker am See. Durch Thujahecken springen, wie sonst nur der Zaunk\u00f6nig. Kartenspiele aus Zigarrettenschachteln. Barfu\u00df \u00fcber die Wiesen streifen. Und immer wieder der See, welcher\u00a0 mir als Kleiner so gro\u00df vorkam. Brausepulver und Kienschstangen geh\u00f6rte dazu, ebenso der Geschmack von Sauerampfer und s\u00fc\u00dfem Klee. Und alles spielte sich im Radius weniger Kilometer ab. Meine Jugend in Holstein.<\/p>\n<p>Bezugsquellen:<br \/>\nISBN-13:\u00a0978-3943777703<br \/>\nBuchhandlung Cremer, Hauptstra\u00dfe 51, Halstenbek<br \/>\nOnline: <a href=\"http:\/\/www.editionhoch3-shop.de\/chronikheimat\/289\/wir-kleinen-glaubten-das-leben-waehrt-ewig-eine-jugend-in-holstein\">Edition hoch3 Verlag<\/a><\/p>\n<p><a href=\"http:\/\/krupunder-see.de\/?page_id=1544\">Leseprobe: Wir Kleinen glaubten, das Leben w\u00e4hrt ewig.<\/a><\/p>\n","protected":false},"excerpt":{"rendered":"<p>Der Autor Hubert Ganswindt, geboren im M\u00e4rz 1948 in Halstenbek-Krupunder, lebt seit 1977 mit seiner Ehefrau in Rellingen. Sie haben einen gemeinsamen Sohn. Nach \u00fcber 45 Berufsjahren als Klempner und Installateur \u00fcberwiegend in den Vier- und Marschlanden ist er jetzt &hellip; <a href=\"http:\/\/krupunder-see.de\/?page_id=1537\">Weiterlesen <span class=\"meta-nav\">&rarr;<\/span><\/a><\/p>\n","protected":false},"author":1,"featured_media":0,"parent":0,"menu_order":0,"comment_status":"closed","ping_status":"closed","template":"","meta":{"footnotes":""},"class_list":["post-1537","page","type-page","status-publish","hentry"],"_links":{"self":[{"href":"http:\/\/krupunder-see.de\/index.php?rest_route=\/wp\/v2\/pages\/1537","targetHints":{"allow":["GET"]}}],"collection":[{"href":"http:\/\/krupunder-see.de\/index.php?rest_route=\/wp\/v2\/pages"}],"about":[{"href":"http:\/\/krupunder-see.de\/index.php?rest_route=\/wp\/v2\/types\/page"}],"author":[{"embeddable":true,"href":"http:\/\/krupunder-see.de\/index.php?rest_route=\/wp\/v2\/users\/1"}],"replies":[{"embeddable":true,"href":"http:\/\/krupunder-see.de\/index.php?rest_route=%2Fwp%2Fv2%2Fcomments&post=1537"}],"version-history":[{"count":9,"href":"http:\/\/krupunder-see.de\/index.php?rest_route=\/wp\/v2\/pages\/1537\/revisions"}],"predecessor-version":[{"id":1851,"href":"http:\/\/krupunder-see.de\/index.php?rest_route=\/wp\/v2\/pages\/1537\/revisions\/1851"}],"wp:attachment":[{"href":"http:\/\/krupunder-see.de\/index.php?rest_route=%2Fwp%2Fv2%2Fmedia&parent=1537"}],"curies":[{"name":"wp","href":"https:\/\/api.w.org\/{rel}","templated":true}]}}