{"id":1535,"date":"2015-12-14T10:41:38","date_gmt":"2015-12-14T09:41:38","guid":{"rendered":"http:\/\/krupunder-see.de\/?page_id=1535"},"modified":"2021-11-10T23:10:32","modified_gmt":"2021-11-10T22:10:32","slug":"literatur-zum-see","status":"publish","type":"page","link":"http:\/\/krupunder-see.de\/?page_id=1535","title":{"rendered":"Literatur zum See"},"content":{"rendered":"<p>Auf dieser Seite m\u00f6chten wir Ihnen alle uns bekannten Publikationen zum Krupunder See vorstellen. Sollten Sie Ver\u00f6ffentlichungen kennen, die wir hier nicht erw\u00e4hnt haben, w\u00e4ren wir f\u00fcr einen Hinweis sehr Dankbar!<\/p>\n<p><a href=\"http:\/\/krupunder-see.de\/?page_id=1537\">Ganswindt<\/a><\/p>\n\n\n<p><\/p>\n","protected":false},"excerpt":{"rendered":"<p>Auf dieser Seite m\u00f6chten wir Ihnen alle uns bekannten Publikationen zum Krupunder See vorstellen. Sollten Sie Ver\u00f6ffentlichungen kennen, die wir hier nicht erw\u00e4hnt haben, w\u00e4ren wir f\u00fcr einen Hinweis sehr Dankbar! Ganswindt<\/p>\n","protected":false},"author":1,"featured_media":0,"parent":320,"menu_order":0,"comment_status":"closed","ping_status":"closed","template":"","meta":{"footnotes":""},"class_list":["post-1535","page","type-page","status-publish","hentry"],"_links":{"self":[{"href":"http:\/\/krupunder-see.de\/index.php?rest_route=\/wp\/v2\/pages\/1535","targetHints":{"allow":["GET"]}}],"collection":[{"href":"http:\/\/krupunder-see.de\/index.php?rest_route=\/wp\/v2\/pages"}],"about":[{"href":"http:\/\/krupunder-see.de\/index.php?rest_route=\/wp\/v2\/types\/page"}],"author":[{"embeddable":true,"href":"http:\/\/krupunder-see.de\/index.php?rest_route=\/wp\/v2\/users\/1"}],"replies":[{"embeddable":true,"href":"http:\/\/krupunder-see.de\/index.php?rest_route=%2Fwp%2Fv2%2Fcomments&post=1535"}],"version-history":[{"count":4,"href":"http:\/\/krupunder-see.de\/index.php?rest_route=\/wp\/v2\/pages\/1535\/revisions"}],"predecessor-version":[{"id":2847,"href":"http:\/\/krupunder-see.de\/index.php?rest_route=\/wp\/v2\/pages\/1535\/revisions\/2847"}],"up":[{"embeddable":true,"href":"http:\/\/krupunder-see.de\/index.php?rest_route=\/wp\/v2\/pages\/320"}],"wp:attachment":[{"href":"http:\/\/krupunder-see.de\/index.php?rest_route=%2Fwp%2Fv2%2Fmedia&parent=1535"}],"curies":[{"name":"wp","href":"https:\/\/api.w.org\/{rel}","templated":true}]}}