{"id":1520,"date":"2015-12-01T18:00:02","date_gmt":"2015-12-01T17:00:02","guid":{"rendered":"http:\/\/krupunder-see.de\/?page_id=1520"},"modified":"2018-02-07T17:59:50","modified_gmt":"2018-02-07T16:59:50","slug":"holunderpunsch-fuer-vier-personen","status":"publish","type":"page","link":"http:\/\/krupunder-see.de\/?page_id=1520","title":{"rendered":"Holunderpunsch"},"content":{"rendered":"<p><strong>Zutaten (f\u00fcr 4 Personen)<\/strong><\/p>\n<p>1\/4 l Wasser<br \/>\n2 Nelken<br \/>\n1\/2 Zimtstange<br \/>\nSchale einer unbehandelten Zitrone<br \/>\n1\/2 l Holunderbeerensaft<br \/>\n1\/4 l Apfelsaft<br \/>\nZucker oder Honig<br \/>\nZitronensaft<\/p>\n<p><strong>Zubereitung<\/strong><\/p>\n<ol>\n<li>Du kochst das Wasser zusammen mit den Nelken, der Zimtstange und der abgeriebenen Zitronenschale auf. Wenn alles kocht, kannst du den Holunderbeerensaft und den Apfelsaft hinzugeben. Jetzt erhitzt du den Punsch &#8211; aber nicht kochen lassen.<\/li>\n<li>Mit Honig, Zucker und Zitronensaft abschmecken. Nun gie\u00dft du es durch ein Sieb und h\u00e4lst es in der Thermosflasche hei\u00df.<\/li>\n<\/ol>\n","protected":false},"excerpt":{"rendered":"<p>Zutaten (f\u00fcr 4 Personen) 1\/4 l Wasser 2 Nelken 1\/2 Zimtstange Schale einer unbehandelten Zitrone 1\/2 l Holunderbeerensaft 1\/4 l Apfelsaft Zucker oder Honig Zitronensaft Zubereitung Du kochst das Wasser zusammen mit den Nelken, der Zimtstange und der abgeriebenen Zitronenschale &hellip; <a href=\"http:\/\/krupunder-see.de\/?page_id=1520\">Weiterlesen <span class=\"meta-nav\">&rarr;<\/span><\/a><\/p>\n","protected":false},"author":36,"featured_media":0,"parent":0,"menu_order":0,"comment_status":"closed","ping_status":"closed","template":"","meta":{"footnotes":""},"class_list":["post-1520","page","type-page","status-publish","hentry"],"_links":{"self":[{"href":"http:\/\/krupunder-see.de\/index.php?rest_route=\/wp\/v2\/pages\/1520","targetHints":{"allow":["GET"]}}],"collection":[{"href":"http:\/\/krupunder-see.de\/index.php?rest_route=\/wp\/v2\/pages"}],"about":[{"href":"http:\/\/krupunder-see.de\/index.php?rest_route=\/wp\/v2\/types\/page"}],"author":[{"embeddable":true,"href":"http:\/\/krupunder-see.de\/index.php?rest_route=\/wp\/v2\/users\/36"}],"replies":[{"embeddable":true,"href":"http:\/\/krupunder-see.de\/index.php?rest_route=%2Fwp%2Fv2%2Fcomments&post=1520"}],"version-history":[{"count":2,"href":"http:\/\/krupunder-see.de\/index.php?rest_route=\/wp\/v2\/pages\/1520\/revisions"}],"predecessor-version":[{"id":2391,"href":"http:\/\/krupunder-see.de\/index.php?rest_route=\/wp\/v2\/pages\/1520\/revisions\/2391"}],"wp:attachment":[{"href":"http:\/\/krupunder-see.de\/index.php?rest_route=%2Fwp%2Fv2%2Fmedia&parent=1520"}],"curies":[{"name":"wp","href":"https:\/\/api.w.org\/{rel}","templated":true}]}}