{"id":1322,"date":"2015-02-24T18:00:46","date_gmt":"2015-02-24T17:00:46","guid":{"rendered":"http:\/\/krupunder-see.de\/?page_id=1322"},"modified":"2018-01-06T13:18:27","modified_gmt":"2018-01-06T12:18:27","slug":"der-kormoran","status":"publish","type":"page","link":"http:\/\/krupunder-see.de\/?page_id=1322","title":{"rendered":"Der Kormoran"},"content":{"rendered":"<p><a href=\"http:\/\/krupunder-see.de\/wp-content\/uploads\/2015\/02\/Kormoran-7.jpg\"><img loading=\"lazy\" decoding=\"async\" class=\"alignnone size-medium wp-image-1338\" src=\"http:\/\/krupunder-see.de\/wp-content\/uploads\/2015\/02\/Kormoran-7-300x192.jpg\" alt=\"Kormoran 7\" width=\"300\" height=\"192\" srcset=\"http:\/\/krupunder-see.de\/wp-content\/uploads\/2015\/02\/Kormoran-7-300x192.jpg 300w, http:\/\/krupunder-see.de\/wp-content\/uploads\/2015\/02\/Kormoran-7.jpg 905w\" sizes=\"auto, (max-width: 300px) 100vw, 300px\" \/><\/a><\/p>\n<p>Name: Kormoran<\/p>\n<p>Aussehen: schwarzes Gefieder, manchmal wei\u00dfer Bauch und orangener Schnabel.<\/p>\n<p>K\u00f6rperl\u00e4nge: 77 bis 94 cm (ungef\u00e4hr so gro\u00df wie eine Gans)<\/p>\n<p>Fl\u00fcgelspannweite: 121 bis 149 cm.<\/p>\n<p>Gewicht ca.: 1975 bis 3180 g<\/p>\n<p>Schnabell\u00e4nge: 35 cm.<\/p>\n<p>F\u00fc\u00dfe: schwarze F\u00fc\u00dfe mit Schwimmh\u00e4uten zwischen den Zehen, wie bei Enten<\/p>\n<p>Nahrung: Fische bis ca. 28 cm L\u00e4nge<\/p>\n<p>Alter: \u00fcber 20 Jahre, Rekord 27 Jahre.<\/p>\n<p>Lebensraum: Europa, Afrika, Asien, Australien, Neuseeland, Gr\u00f6nland und die Ostk\u00fcste Nordamerikas.<\/p>\n<p>&nbsp;<\/p>\n","protected":false},"excerpt":{"rendered":"<p>Name: Kormoran Aussehen: schwarzes Gefieder, manchmal wei\u00dfer Bauch und orangener Schnabel. K\u00f6rperl\u00e4nge: 77 bis 94 cm (ungef\u00e4hr so gro\u00df wie eine Gans) Fl\u00fcgelspannweite: 121 bis 149 cm. Gewicht ca.: 1975 bis 3180 g Schnabell\u00e4nge: 35 cm. F\u00fc\u00dfe: schwarze F\u00fc\u00dfe mit &hellip; <a href=\"http:\/\/krupunder-see.de\/?page_id=1322\">Weiterlesen <span class=\"meta-nav\">&rarr;<\/span><\/a><\/p>\n","protected":false},"author":1,"featured_media":0,"parent":0,"menu_order":0,"comment_status":"closed","ping_status":"closed","template":"","meta":{"footnotes":""},"class_list":["post-1322","page","type-page","status-publish","hentry"],"_links":{"self":[{"href":"http:\/\/krupunder-see.de\/index.php?rest_route=\/wp\/v2\/pages\/1322","targetHints":{"allow":["GET"]}}],"collection":[{"href":"http:\/\/krupunder-see.de\/index.php?rest_route=\/wp\/v2\/pages"}],"about":[{"href":"http:\/\/krupunder-see.de\/index.php?rest_route=\/wp\/v2\/types\/page"}],"author":[{"embeddable":true,"href":"http:\/\/krupunder-see.de\/index.php?rest_route=\/wp\/v2\/users\/1"}],"replies":[{"embeddable":true,"href":"http:\/\/krupunder-see.de\/index.php?rest_route=%2Fwp%2Fv2%2Fcomments&post=1322"}],"version-history":[{"count":4,"href":"http:\/\/krupunder-see.de\/index.php?rest_route=\/wp\/v2\/pages\/1322\/revisions"}],"predecessor-version":[{"id":2250,"href":"http:\/\/krupunder-see.de\/index.php?rest_route=\/wp\/v2\/pages\/1322\/revisions\/2250"}],"wp:attachment":[{"href":"http:\/\/krupunder-see.de\/index.php?rest_route=%2Fwp%2Fv2%2Fmedia&parent=1322"}],"curies":[{"name":"wp","href":"https:\/\/api.w.org\/{rel}","templated":true}]}}