{"id":1320,"date":"2015-02-24T17:50:23","date_gmt":"2015-02-24T16:50:23","guid":{"rendered":"http:\/\/krupunder-see.de\/?page_id=1320"},"modified":"2015-02-24T23:15:04","modified_gmt":"2015-02-24T22:15:04","slug":"die-mandarinenten","status":"publish","type":"page","link":"http:\/\/krupunder-see.de\/?page_id=1320","title":{"rendered":"Die Mandarinenten"},"content":{"rendered":"<p><strong>Name:<\/strong> Mandarinenten<\/p>\n<p><strong>Aussehen:<\/strong><\/p>\n<p>Der Erpel hat einen gr\u00fcn-metallisch schimmernden Schopf, einen gro\u00dfen wei\u00dfen Streifen \u00fcber dem Auge, einen kastanienbraunen Backenbart und orange Fl\u00fcgelfedern.<\/p>\n<p>Die Ente ist eher unscheinbar mit braunem Gefieder. Ihr Kopf ist grau. Sie hat einen wei\u00dfen Augenring mit einem langen Lidstrich und ein wei\u00dfes Kinn, ihre Unterseite ist gefleckt.<\/p>\n<p>Die K\u00fcken sind braun mit gelben Flecken und ganz puschelig.<\/p>\n<p><strong>Lebensraum:<\/strong> urspr\u00fcnglich kommen sie aus Ostasien. Bei uns\u00a0 bevorzugen sie Binnengew\u00e4sser, die von Wald umgeben sind. Sie br\u00fcten in Baumh\u00f6hlen, die bis zu 9m hoch sein k\u00f6nnen. Meistens halten sie sich in dichter Uferbepflanzung auf. Gerne sitzen sie aber auch auf h\u00f6hren Steinen oder \u00c4sten, die aus dem Wasser ragen.<\/p>\n<p><strong>Nahrung:<\/strong> N\u00fcsse, Eicheln, Gedreidek\u00f6rner, Wasserpflanzen, Insekten, Fischlaich und W\u00fcrmer.<\/p>\n<p><strong>Vermehrung:<\/strong> Die Mandarinenten bilden Paare und leben \u00fcber mehrere Jahre monogam. Bereits im zweiten Lebensjahr beginnen sie zu br\u00fcten. Die Brutzeit beginnt im Juni\/Juli und dauert ca. 28 bis 31 Tage.<\/p>\n<p>Im Moment halten sich einige Mandarinenten am Krupunder See auf. Vielleicht gef\u00e4llt es ihnen hier ja so gut, dass sie l\u00e4nger bleiben und wir im Sommer dann auch kleine K\u00fcken sehen k\u00f6nnen. <a href=\"http:\/\/krupunder-see.de\/wp-content\/uploads\/2015\/02\/DSC_0235.jpg\"><img loading=\"lazy\" decoding=\"async\" class=\"aligncenter wp-image-1326 size-medium\" src=\"http:\/\/krupunder-see.de\/wp-content\/uploads\/2015\/02\/DSC_0235-300x199.jpg\" alt=\"DSC_0235\" width=\"300\" height=\"199\" srcset=\"http:\/\/krupunder-see.de\/wp-content\/uploads\/2015\/02\/DSC_0235-300x199.jpg 300w, http:\/\/krupunder-see.de\/wp-content\/uploads\/2015\/02\/DSC_0235-1024x680.jpg 1024w\" sizes=\"auto, (max-width: 300px) 100vw, 300px\" \/><\/a> <a href=\"http:\/\/krupunder-see.de\/wp-content\/uploads\/2015\/02\/DSC_0247.jpg\"><img loading=\"lazy\" decoding=\"async\" class=\"alignnone size-medium wp-image-1327\" src=\"http:\/\/krupunder-see.de\/wp-content\/uploads\/2015\/02\/DSC_0247-300x199.jpg\" alt=\"DSC_0247\" width=\"300\" height=\"199\" srcset=\"http:\/\/krupunder-see.de\/wp-content\/uploads\/2015\/02\/DSC_0247-300x199.jpg 300w, http:\/\/krupunder-see.de\/wp-content\/uploads\/2015\/02\/DSC_0247-1024x680.jpg 1024w\" sizes=\"auto, (max-width: 300px) 100vw, 300px\" \/><\/a><\/p>\n<p>&nbsp;<\/p>\n<p>&nbsp;<\/p>\n<p>&nbsp;<\/p>\n","protected":false},"excerpt":{"rendered":"<p>Name: Mandarinenten Aussehen: Der Erpel hat einen gr\u00fcn-metallisch schimmernden Schopf, einen gro\u00dfen wei\u00dfen Streifen \u00fcber dem Auge, einen kastanienbraunen Backenbart und orange Fl\u00fcgelfedern. Die Ente ist eher unscheinbar mit braunem Gefieder. Ihr Kopf ist grau. Sie hat einen wei\u00dfen Augenring &hellip; <a href=\"http:\/\/krupunder-see.de\/?page_id=1320\">Weiterlesen <span class=\"meta-nav\">&rarr;<\/span><\/a><\/p>\n","protected":false},"author":36,"featured_media":1350,"parent":0,"menu_order":0,"comment_status":"closed","ping_status":"closed","template":"page-templates\/full-width.php","meta":{"footnotes":""},"class_list":["post-1320","page","type-page","status-publish","has-post-thumbnail","hentry"],"_links":{"self":[{"href":"http:\/\/krupunder-see.de\/index.php?rest_route=\/wp\/v2\/pages\/1320","targetHints":{"allow":["GET"]}}],"collection":[{"href":"http:\/\/krupunder-see.de\/index.php?rest_route=\/wp\/v2\/pages"}],"about":[{"href":"http:\/\/krupunder-see.de\/index.php?rest_route=\/wp\/v2\/types\/page"}],"author":[{"embeddable":true,"href":"http:\/\/krupunder-see.de\/index.php?rest_route=\/wp\/v2\/users\/36"}],"replies":[{"embeddable":true,"href":"http:\/\/krupunder-see.de\/index.php?rest_route=%2Fwp%2Fv2%2Fcomments&post=1320"}],"version-history":[{"count":2,"href":"http:\/\/krupunder-see.de\/index.php?rest_route=\/wp\/v2\/pages\/1320\/revisions"}],"predecessor-version":[{"id":1352,"href":"http:\/\/krupunder-see.de\/index.php?rest_route=\/wp\/v2\/pages\/1320\/revisions\/1352"}],"wp:featuredmedia":[{"embeddable":true,"href":"http:\/\/krupunder-see.de\/index.php?rest_route=\/wp\/v2\/media\/1350"}],"wp:attachment":[{"href":"http:\/\/krupunder-see.de\/index.php?rest_route=%2Fwp%2Fv2%2Fmedia&parent=1320"}],"curies":[{"name":"wp","href":"https:\/\/api.w.org\/{rel}","templated":true}]}}