{"id":1295,"date":"2015-01-27T20:57:25","date_gmt":"2015-01-27T19:57:25","guid":{"rendered":"http:\/\/krupunder-see.de\/?page_id=1295"},"modified":"2017-02-28T12:40:54","modified_gmt":"2017-02-28T11:40:54","slug":"angelschein","status":"publish","type":"page","link":"http:\/\/krupunder-see.de\/?page_id=1295","title":{"rendered":"Angelschein"},"content":{"rendered":"<p>Wie komme ich zum Angeln im Verein?<\/p>\n<p>Bevor du in den Angelverein eintreten kannst, musst du erst einmal die Gesetze der deutschen Fischerei in einem Angelscheinkurs lernen. Wenn du den Angelschein geschafft hast, dann kannst du dir einen Verein aussuchen. Dann kannst du in den Gew\u00e4ssern von deinem Verein fischen und ganz viel Spa\u00df haben. :- ). Denn Angeln bringt nicht nur Spa\u00df, sondern bringt dich auch mit der Natur zusammen.<\/p>\n<p>Warum bringt das Angeln Spa\u00df?<\/p>\n<p>Wenn man viele Fische f\u00e4ngt ist das nat\u00fcrlich super aber es gibt auch andere sch\u00f6ne Dinge am Angeln. Z.B. die Natur besser kennenlernen, mit Freunden was Sch\u00f6nes machen. Man kann im Angelverein neue Freundschaften schlie\u00dfen und die erfahrenen Angler zeigen dir Tricks wie du mehr Fische f\u00e4ngst. Dieses und vieles mehr kannst du beim Angeln erleben. Probiere es doch einfach mal aus! \ud83d\ude42<\/p>\n<p>Guckt mal auf diese Webseiten (hier findet ihr alle Infos):<\/p>\n<p><a title=\"Halstenbeker Sportanglerverein\" href=\"http:\/\/www.halstenbeker-sportanglerverein.net\/\" target=\"_blank\">http:\/\/www.halstenbeker-sportanglerverein.net\/<\/a><\/p>\n<p><a title=\"Fischereischein in Pinneberg\" href=\"http:\/\/www.fischereischein.com\/\" target=\"_blank\">http:\/\/www.fischereischein.com\/<\/a><\/p>\n","protected":false},"excerpt":{"rendered":"<p>Wie komme ich zum Angeln im Verein? Bevor du in den Angelverein eintreten kannst, musst du erst einmal die Gesetze der deutschen Fischerei in einem Angelscheinkurs lernen. Wenn du den Angelschein geschafft hast, dann kannst du dir einen Verein aussuchen. &hellip; <a href=\"http:\/\/krupunder-see.de\/?page_id=1295\">Weiterlesen <span class=\"meta-nav\">&rarr;<\/span><\/a><\/p>\n","protected":false},"author":1,"featured_media":1159,"parent":1292,"menu_order":0,"comment_status":"closed","ping_status":"closed","template":"","meta":{"footnotes":""},"class_list":["post-1295","page","type-page","status-publish","has-post-thumbnail","hentry"],"_links":{"self":[{"href":"http:\/\/krupunder-see.de\/index.php?rest_route=\/wp\/v2\/pages\/1295","targetHints":{"allow":["GET"]}}],"collection":[{"href":"http:\/\/krupunder-see.de\/index.php?rest_route=\/wp\/v2\/pages"}],"about":[{"href":"http:\/\/krupunder-see.de\/index.php?rest_route=\/wp\/v2\/types\/page"}],"author":[{"embeddable":true,"href":"http:\/\/krupunder-see.de\/index.php?rest_route=\/wp\/v2\/users\/1"}],"replies":[{"embeddable":true,"href":"http:\/\/krupunder-see.de\/index.php?rest_route=%2Fwp%2Fv2%2Fcomments&post=1295"}],"version-history":[{"count":2,"href":"http:\/\/krupunder-see.de\/index.php?rest_route=\/wp\/v2\/pages\/1295\/revisions"}],"predecessor-version":[{"id":2036,"href":"http:\/\/krupunder-see.de\/index.php?rest_route=\/wp\/v2\/pages\/1295\/revisions\/2036"}],"up":[{"embeddable":true,"href":"http:\/\/krupunder-see.de\/index.php?rest_route=\/wp\/v2\/pages\/1292"}],"wp:featuredmedia":[{"embeddable":true,"href":"http:\/\/krupunder-see.de\/index.php?rest_route=\/wp\/v2\/media\/1159"}],"wp:attachment":[{"href":"http:\/\/krupunder-see.de\/index.php?rest_route=%2Fwp%2Fv2%2Fmedia&parent=1295"}],"curies":[{"name":"wp","href":"https:\/\/api.w.org\/{rel}","templated":true}]}}