{"id":120,"date":"2013-12-10T17:46:04","date_gmt":"2013-12-10T16:46:04","guid":{"rendered":"http:\/\/krupunder-see.de\/?page_id=120"},"modified":"2014-02-04T17:23:35","modified_gmt":"2014-02-04T16:23:35","slug":"interview-mit-herr-nowobilski","status":"publish","type":"page","link":"http:\/\/krupunder-see.de\/?page_id=120","title":{"rendered":"Interview mit Herr Nowobilski"},"content":{"rendered":"<p><img loading=\"lazy\" decoding=\"async\" class=\"wp-image-128 alignright\" alt=\"3333\" src=\"http:\/\/krupunder-see.de\/wp-content\/uploads\/2013\/12\/3333.jpg\" width=\"142\" height=\"212\" \/><\/p>\n<p>Heute hatten wir als Besucher Polizeihauptkommissar G\u00f6tz Nowobilski von der Rellinger Polizeiwache.<br \/>\nWir haben ihm ein paar Fragen gestellt.<em><br \/>\n<strong>Web @m See<\/strong>: <\/em><em>Wie gef\u00e4llt ihnen der Krupunder See?<br \/>\n<strong>Herr Nowobilski<\/strong>: Er gef\u00e4llt mir gut, aber da ich in Elmshorn wohne, war ich erst einmal dort.<\/em><br \/>\nWir haben ihn auch viel \u00fcber Verbote ausgefragt. Zwei Beispiele:<br \/>\n<em><strong>Web @m See<\/strong>: <\/em><em><\/em><em>Warum ist Entenf\u00fcttern verboten?<\/em><br \/>\n<em><strong>Herr Nowobilski<\/strong>: <\/em><em>Es schadet den Enten und dem<\/em> See.<br \/>\n<em><strong>Web @m See<\/strong>: <\/em><em><\/em><em>Wieso ist Eislaufen verboten?<br \/>\n<em><strong>Herr Nowobilski<\/strong>: <\/em>Weil das Eis nicht an allen Stellen gleich dick ist. So kann<\/em> <em>man zu leicht im<\/em> <em>E<\/em><em>is einbrechen.<\/em><br \/>\nEine andere Frage war:<br \/>\n<em><strong>Web @m See<\/strong>: <\/em><em><\/em><em>Wie ho<\/em>ch <em>w\u00e4re<\/em> <em>das Bu\u00dfgeld wenn man<\/em> <em>gegen eine der Regeln verst\u00f6\u00dft?<\/em><br \/>\n<em><strong>Herr Nowobilski<\/strong>: <\/em><em>Zwischen 5 und 35 <\/em>\u20ac<br \/>\nAuch haben wir gefragt, ob Sprayen eine Straftat ist, denn auch am Krupunder See wird gesprayt; ein bevorzugtes Opfer sind die Holzh\u00fctten. Herr Nowobilski meinte, dass das Sprayen auch eine Straftat ist.<br \/>\nSprayer werden aber relativ leicht gefasst , da jeder seinen eigenen &#8222;TAG&#8220; hat. Das ist ein Markenzeichen, das leicht zuzuordnen ist.<\/p>\n<p>Euer<em><strong> Web @m See <\/strong><\/em>Team.<\/p>\n<p>Autoren: Helena und Melanie<\/p>\n<p style=\"text-align: right;\"><a href=\"http:\/\/krupunder-see.de\/wp-content\/uploads\/2013\/12\/3333.jpg\">\u00a0<\/a><\/p>\n<p style=\"text-align: center;\">\n","protected":false},"excerpt":{"rendered":"<p>Heute hatten wir als Besucher Polizeihauptkommissar G\u00f6tz Nowobilski von der Rellinger Polizeiwache. Wir haben ihm ein paar Fragen gestellt. Web @m See: Wie gef\u00e4llt ihnen der Krupunder See? Herr Nowobilski: Er gef\u00e4llt mir gut, aber da ich in Elmshorn wohne, &hellip; <a href=\"http:\/\/krupunder-see.de\/?page_id=120\">Weiterlesen <span class=\"meta-nav\">&rarr;<\/span><\/a><\/p>\n","protected":false},"author":1,"featured_media":0,"parent":332,"menu_order":0,"comment_status":"closed","ping_status":"closed","template":"","meta":{"footnotes":""},"class_list":["post-120","page","type-page","status-publish","hentry"],"_links":{"self":[{"href":"http:\/\/krupunder-see.de\/index.php?rest_route=\/wp\/v2\/pages\/120","targetHints":{"allow":["GET"]}}],"collection":[{"href":"http:\/\/krupunder-see.de\/index.php?rest_route=\/wp\/v2\/pages"}],"about":[{"href":"http:\/\/krupunder-see.de\/index.php?rest_route=\/wp\/v2\/types\/page"}],"author":[{"embeddable":true,"href":"http:\/\/krupunder-see.de\/index.php?rest_route=\/wp\/v2\/users\/1"}],"replies":[{"embeddable":true,"href":"http:\/\/krupunder-see.de\/index.php?rest_route=%2Fwp%2Fv2%2Fcomments&post=120"}],"version-history":[{"count":7,"href":"http:\/\/krupunder-see.de\/index.php?rest_route=\/wp\/v2\/pages\/120\/revisions"}],"predecessor-version":[{"id":156,"href":"http:\/\/krupunder-see.de\/index.php?rest_route=\/wp\/v2\/pages\/120\/revisions\/156"}],"up":[{"embeddable":true,"href":"http:\/\/krupunder-see.de\/index.php?rest_route=\/wp\/v2\/pages\/332"}],"wp:attachment":[{"href":"http:\/\/krupunder-see.de\/index.php?rest_route=%2Fwp%2Fv2%2Fmedia&parent=120"}],"curies":[{"name":"wp","href":"https:\/\/api.w.org\/{rel}","templated":true}]}}