{"id":1141,"date":"2014-11-11T19:36:22","date_gmt":"2014-11-11T18:36:22","guid":{"rendered":"http:\/\/krupunder-see.de\/?page_id=1141"},"modified":"2018-01-06T22:25:26","modified_gmt":"2018-01-06T21:25:26","slug":"igel-2","status":"publish","type":"page","link":"http:\/\/krupunder-see.de\/?page_id=1141","title":{"rendered":"Igel"},"content":{"rendered":"<p>Hier findest du Informationen \u00fcber einen stacheligen Freund des Menschen. Habt ihr schon einmal an einem lauen Sommerabend in der D\u00e4mmerung einen Igel durch den Garten laufen &#8222;h\u00f6ren&#8220;? Meistens vernimmt man zun\u00e4chst das Schnaufen des Igels oder das Rascheln, wenn er im Laub nach Essbarem sucht. Erst dann entdeckt man das gut getarnte Tier.<\/p>\n<ul>\n<li><a title=\"Igel \u2013 Allgemeine Informationen 1\" href=\"http:\/\/krupunder-see.de\/?page_id=968\">Allgemeine Informationen zum Igel (1)<\/a><\/li>\n<li><a title=\"Igel \u2013 Allgemeine Informationen 2\" href=\"http:\/\/krupunder-see.de\/?page_id=1128\">Allgemeine Informationen zum Igel (2)<\/a><\/li>\n<li><a title=\"Igel\" href=\"http:\/\/krupunder-see.de\/?page_id=1092\">Igel im Garten<\/a><\/li>\n<li><a href=\"http:\/\/www.tierschutzverein-penzberg.de\/wp-content\/uploads\/2014\/10\/Igelgefunden_wastun.pdf\">Was tun, wenn ich einen Igel gefunden haben?<\/a><\/li>\n<li><a href=\"http:\/\/krupunder-see.de\/?page_id=2261\">Besuch von Igel M\u00e4xchen im Herbst 2017<\/a><\/li>\n<\/ul>\n<p>&nbsp;<\/p>\n<p>&nbsp;<\/p>\n","protected":false},"excerpt":{"rendered":"<p>Hier findest du Informationen \u00fcber einen stacheligen Freund des Menschen. Habt ihr schon einmal an einem lauen Sommerabend in der D\u00e4mmerung einen Igel durch den Garten laufen &#8222;h\u00f6ren&#8220;? Meistens vernimmt man zun\u00e4chst das Schnaufen des Igels oder das Rascheln, wenn &hellip; <a href=\"http:\/\/krupunder-see.de\/?page_id=1141\">Weiterlesen <span class=\"meta-nav\">&rarr;<\/span><\/a><\/p>\n","protected":false},"author":1,"featured_media":951,"parent":0,"menu_order":0,"comment_status":"closed","ping_status":"closed","template":"","meta":{"footnotes":""},"class_list":["post-1141","page","type-page","status-publish","has-post-thumbnail","hentry"],"_links":{"self":[{"href":"http:\/\/krupunder-see.de\/index.php?rest_route=\/wp\/v2\/pages\/1141","targetHints":{"allow":["GET"]}}],"collection":[{"href":"http:\/\/krupunder-see.de\/index.php?rest_route=\/wp\/v2\/pages"}],"about":[{"href":"http:\/\/krupunder-see.de\/index.php?rest_route=\/wp\/v2\/types\/page"}],"author":[{"embeddable":true,"href":"http:\/\/krupunder-see.de\/index.php?rest_route=\/wp\/v2\/users\/1"}],"replies":[{"embeddable":true,"href":"http:\/\/krupunder-see.de\/index.php?rest_route=%2Fwp%2Fv2%2Fcomments&post=1141"}],"version-history":[{"count":3,"href":"http:\/\/krupunder-see.de\/index.php?rest_route=\/wp\/v2\/pages\/1141\/revisions"}],"predecessor-version":[{"id":2266,"href":"http:\/\/krupunder-see.de\/index.php?rest_route=\/wp\/v2\/pages\/1141\/revisions\/2266"}],"wp:featuredmedia":[{"embeddable":true,"href":"http:\/\/krupunder-see.de\/index.php?rest_route=\/wp\/v2\/media\/951"}],"wp:attachment":[{"href":"http:\/\/krupunder-see.de\/index.php?rest_route=%2Fwp%2Fv2%2Fmedia&parent=1141"}],"curies":[{"name":"wp","href":"https:\/\/api.w.org\/{rel}","templated":true}]}}