{"id":1128,"date":"2014-11-11T19:28:51","date_gmt":"2014-11-11T18:28:51","guid":{"rendered":"http:\/\/krupunder-see.de\/?page_id=1128"},"modified":"2014-12-09T17:03:43","modified_gmt":"2014-12-09T16:03:43","slug":"igel-allgemeine-informationen-2","status":"publish","type":"page","link":"http:\/\/krupunder-see.de\/?page_id=1128","title":{"rendered":"Igel &#8211; Allgemeine Informationen 2"},"content":{"rendered":"<p><a href=\"http:\/\/krupunder-see.de\/wp-content\/uploads\/2014\/09\/Muntere-Igelkinder1.jpg\"><img loading=\"lazy\" decoding=\"async\" class=\"alignleft size-medium wp-image-954\" src=\"http:\/\/krupunder-see.de\/wp-content\/uploads\/2014\/09\/Muntere-Igelkinder1-300x165.jpg\" alt=\"Muntere Igelkinder\" width=\"300\" height=\"165\" srcset=\"http:\/\/krupunder-see.de\/wp-content\/uploads\/2014\/09\/Muntere-Igelkinder1-300x165.jpg 300w, http:\/\/krupunder-see.de\/wp-content\/uploads\/2014\/09\/Muntere-Igelkinder1-1024x566.jpg 1024w, http:\/\/krupunder-see.de\/wp-content\/uploads\/2014\/09\/Muntere-Igelkinder1-500x276.jpg 500w\" sizes=\"auto, (max-width: 300px) 100vw, 300px\" \/><\/a>Der Igel bzw. der Erinaceidae, ist ein S\u00e4ugetier und f\u00e4llt durch seine Stacheln auf. Diese besitzt er um Feinde abzuwehren aber leider bietet dies auch ein perfektes zu Hause f\u00fcr Ungeziefer (z.B. Zecken oder Fl\u00f6he).<\/p>\n<p>Igel werden ein bis vier Jahre alt, wiegen etwa 1 800g und werden 15 bis 40 cm gro\u00df.<br \/>\nIgel sind weit verbreitet und leben unter anderem in Afrika, Asien und Europa. Dort gibt es auch viel Nahrung ( z.B. Regenw\u00fcrmer, Insekten oder Aas) die sie bevorzugt in W\u00e4ldern oder auf Graslandschaften einnehmen, immer auf der hut vor Adler,\u00a0 Eule, Dachs, Fuchs und Marder. Vorallem in der Paarungszeit welche von Mai bis ende August andauert. Nach dem Igelkarussel (also wenn sie sich gepaart haben) bekommt eine Igelin 2 &#8211; 10 Junge in einem Wurf sie haben schon etwa 100 weiche wei\u00dfe Stacheln. Die etwa 12 &#8211; 24g schweren Jungen werden blind und taub geboren, erst im Alter von zwei Wochen k\u00f6nnen die Igeljungen sehen und h\u00f6ren. Danach werden sie tags\u00fcber noch sechs Wochen geseugt. Nach drei Wochen versuchen die Igeljungen zum ersten Mal selbst Nahrung zu finden. Nach sechs Wochen sind die Igel ausgewachsen und zerstreuen sich, bereit, gefahren ins Auge zu blicken und sich selbst Nahrung zu suchen.<\/p>\n","protected":false},"excerpt":{"rendered":"<p>Der Igel bzw. der Erinaceidae, ist ein S\u00e4ugetier und f\u00e4llt durch seine Stacheln auf. Diese besitzt er um Feinde abzuwehren aber leider bietet dies auch ein perfektes zu Hause f\u00fcr Ungeziefer (z.B. Zecken oder Fl\u00f6he). Igel werden ein bis vier &hellip; <a href=\"http:\/\/krupunder-see.de\/?page_id=1128\">Weiterlesen <span class=\"meta-nav\">&rarr;<\/span><\/a><\/p>\n","protected":false},"author":1,"featured_media":0,"parent":968,"menu_order":0,"comment_status":"closed","ping_status":"closed","template":"","meta":{"footnotes":""},"class_list":["post-1128","page","type-page","status-publish","hentry"],"_links":{"self":[{"href":"http:\/\/krupunder-see.de\/index.php?rest_route=\/wp\/v2\/pages\/1128","targetHints":{"allow":["GET"]}}],"collection":[{"href":"http:\/\/krupunder-see.de\/index.php?rest_route=\/wp\/v2\/pages"}],"about":[{"href":"http:\/\/krupunder-see.de\/index.php?rest_route=\/wp\/v2\/types\/page"}],"author":[{"embeddable":true,"href":"http:\/\/krupunder-see.de\/index.php?rest_route=\/wp\/v2\/users\/1"}],"replies":[{"embeddable":true,"href":"http:\/\/krupunder-see.de\/index.php?rest_route=%2Fwp%2Fv2%2Fcomments&post=1128"}],"version-history":[{"count":4,"href":"http:\/\/krupunder-see.de\/index.php?rest_route=\/wp\/v2\/pages\/1128\/revisions"}],"predecessor-version":[{"id":1185,"href":"http:\/\/krupunder-see.de\/index.php?rest_route=\/wp\/v2\/pages\/1128\/revisions\/1185"}],"up":[{"embeddable":true,"href":"http:\/\/krupunder-see.de\/index.php?rest_route=\/wp\/v2\/pages\/968"}],"wp:attachment":[{"href":"http:\/\/krupunder-see.de\/index.php?rest_route=%2Fwp%2Fv2%2Fmedia&parent=1128"}],"curies":[{"name":"wp","href":"https:\/\/api.w.org\/{rel}","templated":true}]}}