{"id":1092,"date":"2014-11-11T19:17:22","date_gmt":"2014-11-11T18:17:22","guid":{"rendered":"http:\/\/krupunder-see.de\/?page_id=1092"},"modified":"2014-11-11T19:17:22","modified_gmt":"2014-11-11T18:17:22","slug":"igel-stachelige-mitbewohner-im-garten","status":"publish","type":"page","link":"http:\/\/krupunder-see.de\/?page_id=1092","title":{"rendered":"Igel &#8211; Stachelige Mitbewohner im Garten"},"content":{"rendered":"<p>F\u00fcr den G\u00e4rtner ist der Igel ein gern gesehener Gast, denn er frisst junge Nacktschnecken. Hier sind ein paar Informationen f\u00fcr euch, damit sich der Igel auch in eurem Garten wohl f\u00fchlt.<\/p>\n<div id=\"attachment_944\" style=\"width: 249px\" class=\"wp-caption alignright\"><a href=\"http:\/\/krupunder-see.de\/wp-content\/uploads\/2014\/09\/Igelkugel-in-Kinderhand.jpg\"><img loading=\"lazy\" decoding=\"async\" aria-describedby=\"caption-attachment-944\" class=\"wp-image-944\" src=\"http:\/\/krupunder-see.de\/wp-content\/uploads\/2014\/09\/Igelkugel-in-Kinderhand-300x199.jpg\" alt=\"Igelkugel in Kinderhand\" width=\"239\" height=\"159\" srcset=\"http:\/\/krupunder-see.de\/wp-content\/uploads\/2014\/09\/Igelkugel-in-Kinderhand-300x199.jpg 300w, http:\/\/krupunder-see.de\/wp-content\/uploads\/2014\/09\/Igelkugel-in-Kinderhand-451x300.jpg 451w, http:\/\/krupunder-see.de\/wp-content\/uploads\/2014\/09\/Igelkugel-in-Kinderhand.jpg 500w\" sizes=\"auto, (max-width: 239px) 100vw, 239px\" \/><\/a><p id=\"caption-attachment-944\" class=\"wp-caption-text\">4 Wochen alter Igel<\/p><\/div>\n<p>Legt einen Laub- und Asthaufen an, in dem sich der Igel verkriechen kann. Statt H\u00e4ckseln oder zum Sammelplatz fahren, schichtet abgeschnittene Zweige einfach in einer ruhigen Ecke zu einem Haufen auf. Im Inneren sollte ein sch\u00f6ner Haufen Laub liegen, in dem sich der Igel einrollen kann. Diesen Haufen d\u00fcrft ihr in keinem Fall zu Ostern abbrennen! Dann schlafen dort noch die Igeljungen. Am besten ist, wenn man den Haufen jedes Jahr wieder mit neuem Schnittmaterial versorgt. Wenn ihr den Haufen abbauen m\u00f6chtet, tut dies bitte nur im Juni, da er zu allen anderen Zeiten bewohnt ist.<\/p>\n<p>Zahlreiche Gefahren f\u00fcr Igel sind f\u00fcr uns Menschen fast allt\u00e4gliche Vorgehensweisen. C.a. 75% aller Igel sterben noch vor erreichen ihres ersten Lebenjahres. Um die Igel zu sch\u00fctzen muss man die h\u00e4ufigsten Gefahrenquellen kennen:<\/p>\n<ul>\n<li>Beim <em>Rasenm\u00e4hen<\/em> in hohem Gras oden unter Hecken k\u00f6nnen Igel \u00fcbersehen werden und geraten in den Rasenm\u00e4her. Bitte guckt vorher in diesen Bereichen gut nach.<\/li>\n<li>In<em> Netzen<\/em> und engen <em>Drahtz\u00e4unen<\/em> die ganz auf dem Boden h\u00e4ngen k\u00f6nnen sich Igel und andere Tiere verheddern.<\/li>\n<li>Gruben wie Kellerfenster oder Pools k\u00f6nnen eine <em>Absturzgefahr<\/em> f\u00fcr Igel darstellen. Zum Schutz kann man ein enges Gitter dar\u00fcber legen, eine Treppe aus Ziegelsteinen zum herauskommen oder ein schr\u00e4ges Brett hineinlegen.<\/li>\n<li><strong>Keine <em>Feuer<\/em> in G\u00e4rten ! <\/strong>Igel k\u00f6nnen darin qualvoll verenden.<\/li>\n<li><em>Hunde<\/em> von Laubhaufen fern halten. So lieb diese auch sind, k\u00f6nnen sie dennoch ihren Jagdinstinkt entfalten und die Igel angreifen<\/li>\n<li>Igel k\u00f6nnen sich in <em>Konservendosen<\/em> oder <em>M\u00fclls\u00e4cken<\/em> verfangen. Diese besser nicht offen herum liegen lassen und insbesondere die gelben S\u00e4cke hoch aufh\u00e4ngen.<\/li>\n<li><em> Giftk\u00f6der<\/em> f\u00fcr Ratten oder M\u00e4use nur in enge R\u00f6hren legen. <em>M\u00e4usefallen<\/em> auf c.a. 50 cm gro\u00dfe Holzstapel legen , da dort nur die Nager herankommen und nicht die Igel<\/li>\n<\/ul>\n<p>Bitte achten sie auf die Igel, damit nicht noch mehr sterben m\u00fcssen.<br \/>\nViele weitere Informationen \u00fcber Igel im Garten und den Umgang mit Findelkindern findet ihr auf der <a title=\"Komittee f\u00fcr Igelschutz e.V. Hamburg\" href=\"http:\/\/igelkomitee-hamburg.de\/\" target=\"_blank\">Seite des Komitees f\u00fcr Igelschutz e.V. Hamburg.<\/a><br \/>\nVerfasser: Melanie \ud83d\ude09<\/p>\n","protected":false},"excerpt":{"rendered":"<p>F\u00fcr den G\u00e4rtner ist der Igel ein gern gesehener Gast, denn er frisst junge Nacktschnecken. Hier sind ein paar Informationen f\u00fcr euch, damit sich der Igel auch in eurem Garten wohl f\u00fchlt. Legt einen Laub- und Asthaufen an, in dem &hellip; <a href=\"http:\/\/krupunder-see.de\/?page_id=1092\">Weiterlesen <span class=\"meta-nav\">&rarr;<\/span><\/a><\/p>\n","protected":false},"author":1,"featured_media":0,"parent":968,"menu_order":0,"comment_status":"closed","ping_status":"closed","template":"page-templates\/full-width.php","meta":{"footnotes":""},"class_list":["post-1092","page","type-page","status-publish","hentry"],"_links":{"self":[{"href":"http:\/\/krupunder-see.de\/index.php?rest_route=\/wp\/v2\/pages\/1092","targetHints":{"allow":["GET"]}}],"collection":[{"href":"http:\/\/krupunder-see.de\/index.php?rest_route=\/wp\/v2\/pages"}],"about":[{"href":"http:\/\/krupunder-see.de\/index.php?rest_route=\/wp\/v2\/types\/page"}],"author":[{"embeddable":true,"href":"http:\/\/krupunder-see.de\/index.php?rest_route=\/wp\/v2\/users\/1"}],"replies":[{"embeddable":true,"href":"http:\/\/krupunder-see.de\/index.php?rest_route=%2Fwp%2Fv2%2Fcomments&post=1092"}],"version-history":[{"count":5,"href":"http:\/\/krupunder-see.de\/index.php?rest_route=\/wp\/v2\/pages\/1092\/revisions"}],"predecessor-version":[{"id":1133,"href":"http:\/\/krupunder-see.de\/index.php?rest_route=\/wp\/v2\/pages\/1092\/revisions\/1133"}],"up":[{"embeddable":true,"href":"http:\/\/krupunder-see.de\/index.php?rest_route=\/wp\/v2\/pages\/968"}],"wp:attachment":[{"href":"http:\/\/krupunder-see.de\/index.php?rest_route=%2Fwp%2Fv2%2Fmedia&parent=1092"}],"curies":[{"name":"wp","href":"https:\/\/api.w.org\/{rel}","templated":true}]}}